{"id":23075,"date":"2023-03-25T06:41:03","date_gmt":"2023-03-25T06:41:03","guid":{"rendered":"https:\/\/chilimag.hu\/webshop\/?post_type=product&#038;p=23075"},"modified":"2026-01-09T11:14:31","modified_gmt":"2026-01-09T11:14:31","slug":"kaukazusi-varjuhaj-z-s-sl","status":"publish","type":"product","link":"https:\/\/chilimag.hu\/webshop\/termek\/kaukazusi-varjuhaj-z-s-sl\/","title":{"rendered":"Kauk\u00e1zusi Varj\u00fah\u00e1j Z.S SL"},"content":{"rendered":"","protected":false},"excerpt":{"rendered":"<p><img decoding=\"async\" class=\"active-logo\" src=\"https:\/\/b2b.seklos.lt\/themes\/warehouse\/img\/logo_en.png\" alt=\"Agrofirma S\u0117klos, UAB\" width=\"280\" height=\"95\" \/><\/p>\n<p>Egyny\u00e1ri, ig\u00e9nytelen vir\u00e1gok s\u0171r\u0171 sz\u0151nyeget alkotnak. Ezek a vir\u00e1gok huzatt\u0171r\u0151k, term\u00e9ketlen, sz\u00e1raz talajban is termeszthet\u0151k. A k\u0151t\u00f6rmel\u00e9kek nem hullatj\u00e1k le a leveleket \u00e9s nem vir\u00e1goznak, ez\u00e9rt rendezettnek t\u0171nnek \u00e9s kev\u00e9s karbantart\u00e1st ig\u00e9nyelnek. A magvak nagyon kicsik, cs\u00edr\u00e1ztat\u00f3 t\u00e1lc\u00e1kba vetik, talajtakar\u00e1s n\u00e9lk\u00fcl. A pal\u00e1nt\u00e1kat \u00e1lland\u00f3 helyre \u00fcltetik \u00e1t. Ezek a vir\u00e1gok 3-5 \u00e9vig termeszthet\u0151k ugyanazon a helyen. T\u00e9len nem kell letakarni.<br \/>\nG \u00e1rcsoport<br \/>\nMennyis\u00e9g kiszerel\u00e9sben 0,15g<br \/>\nA magok sz\u00e1ma grammonk\u00e9nt ~ 15 000<br \/>\n\u00dcltet\u00e9si t\u00e1vols\u00e1gok V-VIII, 20x20cm<br \/>\nVir\u00e1gz\u00e1si id\u0151, magass\u00e1g VI-IX, 10 cm<br \/>\nNapos hely Igen<br \/>\nF\u00e9l\u00e1rny\u00e9k Igen<br \/>\nPiros sz\u00edn<br \/>\nTermeszt\u00e9si hely Erk\u00e9ly<br \/>\nGy\u00e1rt\u00f3 \u017dalia stotel\u0117<br \/>\nVeget\u00e1ci\u00f3 \u00e9vel\u0151<br \/>\nVir\u00e1goskertekben termeszthet\u0151<br \/>\n\u00c9ghajlat Napos, R\u00e9szleges \u00e1rny\u00e9k<br \/>\nVir\u00e1gz\u00e1si id\u0151szak III-VI<br \/>\nN\u00f6v\u00e9nymagass\u00e1g, cm 10 cm<\/p>\n","protected":false},"featured_media":23076,"comment_status":"closed","ping_status":"closed","template":"","meta":[],"product_brand":[],"product_cat":[363],"product_tag":[],"class_list":{"0":"post-23075","1":"product","2":"type-product","3":"status-publish","4":"has-post-thumbnail","6":"product_cat-virag-vetomagok-zalia-stotele","8":"first","9":"instock","10":"taxable","11":"shipping-taxable","12":"purchasable","13":"product-type-simple"},"_links":{"self":[{"href":"https:\/\/chilimag.hu\/webshop\/wp-json\/wp\/v2\/product\/23075","targetHints":{"allow":["GET"]}}],"collection":[{"href":"https:\/\/chilimag.hu\/webshop\/wp-json\/wp\/v2\/product"}],"about":[{"href":"https:\/\/chilimag.hu\/webshop\/wp-json\/wp\/v2\/types\/product"}],"replies":[{"embeddable":true,"href":"https:\/\/chilimag.hu\/webshop\/wp-json\/wp\/v2\/comments?post=23075"}],"wp:featuredmedia":[{"embeddable":true,"href":"https:\/\/chilimag.hu\/webshop\/wp-json\/wp\/v2\/media\/23076"}],"wp:attachment":[{"href":"https:\/\/chilimag.hu\/webshop\/wp-json\/wp\/v2\/media?parent=23075"}],"wp:term":[{"taxonomy":"product_brand","embeddable":true,"href":"https:\/\/chilimag.hu\/webshop\/wp-json\/wp\/v2\/product_brand?post=23075"},{"taxonomy":"product_cat","embeddable":true,"href":"https:\/\/chilimag.hu\/webshop\/wp-json\/wp\/v2\/product_cat?post=23075"},{"taxonomy":"product_tag","embeddable":true,"href":"https:\/\/chilimag.hu\/webshop\/wp-json\/wp\/v2\/product_tag?post=23075"}],"curies":[{"name":"wp","href":"https:\/\/api.w.org\/{rel}","templated":true}]}}