{"id":23069,"date":"2023-03-25T06:31:21","date_gmt":"2023-03-25T06:31:21","guid":{"rendered":"https:\/\/chilimag.hu\/webshop\/?post_type=product&#038;p=23069"},"modified":"2026-02-16T18:36:21","modified_gmt":"2026-02-16T18:36:21","slug":"szalmavirag-tom-thumb-z-s-sl","status":"publish","type":"product","link":"https:\/\/chilimag.hu\/webshop\/termek\/szalmavirag-tom-thumb-z-s-sl\/","title":{"rendered":"Szalmavir\u00e1g Tom Thumb Z.S SL"},"content":{"rendered":"","protected":false},"excerpt":{"rendered":"<p><img decoding=\"async\" class=\"active-logo\" src=\"https:\/\/b2b.seklos.lt\/themes\/warehouse\/img\/logo_en.png\" alt=\"Agrofirma S\u0117klos, UAB\" width=\"280\" height=\"95\" \/><\/p>\n<p>Egyny\u00e1ri, k\u00f6nnyen termeszthet\u0151 45 cm-es vir\u00e1gok. Vil\u00e1gos vir\u00e1gok, 3-4 cm \u00e1tm\u00e9r\u0151j\u0171ek. Sz\u00e1raz csokrok k\u00e9sz\u00edt\u00e9s\u00e9hez haszn\u00e1lj\u00e1k, sz\u00e1r\u00edt\u00e1skor nem vesz\u00edt sz\u00edn\u00e9b\u0151l. A vir\u00e1gokat akkor v\u00e1gj\u00e1k le, amikor az els\u0151 r\u00fcgyek kiny\u00edlnak. S\u00f6t\u00e9t, j\u00f3l szell\u0151z\u0151 helyis\u00e9gben sz\u00e1r\u00edtjuk, a vir\u00e1gokat fejjel lefel\u00e9 tartva. Napos, k\u00f6nny\u0171 \u00e9s nedves talajban j\u00f3l fejl\u0151dik \u00e9s vir\u00e1gzik. F\u00fcrt\u00f6kbe \u00fcltetve vir\u00e1g\u00e1gy\u00e1sokba. Fagy\u00e1ll\u00f3.<br \/>\nMennyis\u00e9g egy csomagban 0,5 g<br \/>\nMagok sz\u00e1ma grammonk\u00e9nt ~ 1000-1200<br \/>\nTranszplant\u00e1ci\u00f3 V-VI<br \/>\n\u00dcltet\u00e9si t\u00e1vols\u00e1gok 20 x 30 cm<br \/>\nVir\u00e1gz\u00e1si id\u0151, magass\u00e1g VII\u2013X, 45 cm<br \/>\nA legkelend\u0151bbek k\u00f6z\u00f6tt Igen<br \/>\nSz\u00edn Sz\u00ednek kever\u00e9ke<br \/>\nGy\u00e1rt\u00f3 \u017dalia stotel\u0117<br \/>\nVeget\u00e1ci\u00f3 Egyny\u00e1ri<br \/>\nVir\u00e1goskertekben termeszthet\u0151<br \/>\n\u00c9ghajlat Napos, R\u00e9szleges \u00e1rny\u00e9k<br \/>\nVir\u00e1gz\u00e1si id\u0151szak IV-V<br \/>\nN\u00f6v\u00e9ny magass\u00e1ga, cm 45 cm<\/p>\n","protected":false},"featured_media":23070,"comment_status":"closed","ping_status":"closed","template":"","meta":[],"product_brand":[],"product_cat":[363],"product_tag":[],"class_list":{"0":"post-23069","1":"product","2":"type-product","3":"status-publish","4":"has-post-thumbnail","6":"product_cat-virag-vetomagok-zalia-stotele","8":"first","9":"instock","10":"taxable","11":"shipping-taxable","12":"purchasable","13":"product-type-simple"},"_links":{"self":[{"href":"https:\/\/chilimag.hu\/webshop\/wp-json\/wp\/v2\/product\/23069","targetHints":{"allow":["GET"]}}],"collection":[{"href":"https:\/\/chilimag.hu\/webshop\/wp-json\/wp\/v2\/product"}],"about":[{"href":"https:\/\/chilimag.hu\/webshop\/wp-json\/wp\/v2\/types\/product"}],"replies":[{"embeddable":true,"href":"https:\/\/chilimag.hu\/webshop\/wp-json\/wp\/v2\/comments?post=23069"}],"wp:featuredmedia":[{"embeddable":true,"href":"https:\/\/chilimag.hu\/webshop\/wp-json\/wp\/v2\/media\/23070"}],"wp:attachment":[{"href":"https:\/\/chilimag.hu\/webshop\/wp-json\/wp\/v2\/media?parent=23069"}],"wp:term":[{"taxonomy":"product_brand","embeddable":true,"href":"https:\/\/chilimag.hu\/webshop\/wp-json\/wp\/v2\/product_brand?post=23069"},{"taxonomy":"product_cat","embeddable":true,"href":"https:\/\/chilimag.hu\/webshop\/wp-json\/wp\/v2\/product_cat?post=23069"},{"taxonomy":"product_tag","embeddable":true,"href":"https:\/\/chilimag.hu\/webshop\/wp-json\/wp\/v2\/product_tag?post=23069"}],"curies":[{"name":"wp","href":"https:\/\/api.w.org\/{rel}","templated":true}]}}