{"id":23063,"date":"2023-03-25T06:20:53","date_gmt":"2023-03-25T06:20:53","guid":{"rendered":"https:\/\/chilimag.hu\/webshop\/?post_type=product&#038;p=23063"},"modified":"2026-03-17T13:27:36","modified_gmt":"2026-03-17T13:27:36","slug":"rozsagyopar-z-s-sl","status":"publish","type":"product","link":"https:\/\/chilimag.hu\/webshop\/termek\/rozsagyopar-z-s-sl\/","title":{"rendered":"R\u00f3zsagyop\u00e1r Paper Daisy Rose Z.S SL"},"content":{"rendered":"","protected":false},"excerpt":{"rendered":"<p><img decoding=\"async\" class=\"active-logo\" src=\"https:\/\/b2b.seklos.lt\/themes\/warehouse\/img\/logo_en.png\" alt=\"Agrofirma S\u0117klos, UAB\" width=\"280\" height=\"95\" \/><\/p>\n<p>Egyny\u00e1ri, 40 cm magas vir\u00e1gok. Az egyik legn\u00e9pszer\u0171bb vir\u00e1g, amelyet sz\u00e1raz florisztikai kompoz\u00edci\u00f3khoz haszn\u00e1lnak. Ezek a vir\u00e1gok alkalmasak ny\u00e1ri csokorba is. V\u00e1g\u00e1sra sz\u00e1nt vir\u00e1g\u00e1gy\u00e1sokban, vagy ny\u00e1ri vir\u00e1goskertekben csoportosan termesztik m\u00e1s egyny\u00e1ri vir\u00e1gokkal egy\u00fctt. A sz\u00e1r\u00edt\u00e1sra sz\u00e1nt vir\u00e1gokat naps\u00fct\u00e9ses napon, bimb\u00f3f\u00e1zisban v\u00e1gj\u00e1k le, j\u00f3l szell\u0151z\u0151 s\u00f6t\u00e9t szob\u00e1ban sz\u00e1r\u00edtj\u00e1k. Talaj szempontj\u00e1b\u00f3l nem ig\u00e9nyes.<br \/>\nC \u00e1rcsoport<br \/>\nMennyis\u00e9g egy csomagban 0,5 g<br \/>\nA magok sz\u00e1ma grammonk\u00e9nt ~ 350<br \/>\n\u00dcltet\u00e9si t\u00e1vols\u00e1gok V-VI, 20x20cm<br \/>\nVir\u00e1gz\u00e1si id\u0151, magass\u00e1g VII\u2013VIII, 40 cm<br \/>\nNapos hely Igen<br \/>\nSz\u00ednes Rausva<br \/>\nGy\u00e1rt\u00f3 \u017dalia stotel\u0117<br \/>\nVeget\u00e1ci\u00f3 Egyny\u00e1ri<br \/>\nVir\u00e1goskertekben termeszthet\u0151<br \/>\nNapos \u00e9ghajlat<br \/>\nVir\u00e1gz\u00e1si id\u0151szak III-V<br \/>\nN\u00f6v\u00e9nymagass\u00e1g, cm 40 cm<\/p>\n","protected":false},"featured_media":23064,"comment_status":"closed","ping_status":"closed","template":"","meta":[],"product_brand":[],"product_cat":[363],"product_tag":[],"class_list":{"0":"post-23063","1":"product","2":"type-product","3":"status-publish","4":"has-post-thumbnail","6":"product_cat-virag-vetomagok-zalia-stotele","8":"first","9":"instock","10":"taxable","11":"shipping-taxable","12":"purchasable","13":"product-type-simple"},"_links":{"self":[{"href":"https:\/\/chilimag.hu\/webshop\/wp-json\/wp\/v2\/product\/23063","targetHints":{"allow":["GET"]}}],"collection":[{"href":"https:\/\/chilimag.hu\/webshop\/wp-json\/wp\/v2\/product"}],"about":[{"href":"https:\/\/chilimag.hu\/webshop\/wp-json\/wp\/v2\/types\/product"}],"replies":[{"embeddable":true,"href":"https:\/\/chilimag.hu\/webshop\/wp-json\/wp\/v2\/comments?post=23063"}],"wp:featuredmedia":[{"embeddable":true,"href":"https:\/\/chilimag.hu\/webshop\/wp-json\/wp\/v2\/media\/23064"}],"wp:attachment":[{"href":"https:\/\/chilimag.hu\/webshop\/wp-json\/wp\/v2\/media?parent=23063"}],"wp:term":[{"taxonomy":"product_brand","embeddable":true,"href":"https:\/\/chilimag.hu\/webshop\/wp-json\/wp\/v2\/product_brand?post=23063"},{"taxonomy":"product_cat","embeddable":true,"href":"https:\/\/chilimag.hu\/webshop\/wp-json\/wp\/v2\/product_cat?post=23063"},{"taxonomy":"product_tag","embeddable":true,"href":"https:\/\/chilimag.hu\/webshop\/wp-json\/wp\/v2\/product_tag?post=23063"}],"curies":[{"name":"wp","href":"https:\/\/api.w.org\/{rel}","templated":true}]}}