{"id":23061,"date":"2023-03-25T06:16:45","date_gmt":"2023-03-25T06:16:45","guid":{"rendered":"https:\/\/chilimag.hu\/webshop\/?post_type=product&#038;p=23061"},"modified":"2026-02-21T08:19:18","modified_gmt":"2026-02-21T08:19:18","slug":"haranglab-mckanna-giants-z-s-sl","status":"publish","type":"product","link":"https:\/\/chilimag.hu\/webshop\/termek\/haranglab-mckanna-giants-z-s-sl\/","title":{"rendered":"Harangl\u00e1b MCKanna Giants Z.S SL"},"content":{"rendered":"","protected":false},"excerpt":{"rendered":"<p><img decoding=\"async\" class=\"active-logo\" src=\"https:\/\/b2b.seklos.lt\/themes\/warehouse\/img\/logo_en.png\" alt=\"Agrofirma S\u0117klos, UAB\" width=\"280\" height=\"95\" \/><\/p>\n<p>\u00c9vel\u0151, az egyik legszebb \u00e9s legkedveltebb csokor vir\u00e1g. N\u00f6vekszik 80 cm magasra. A vir\u00e1gok legfeljebb 5 cm \u00e1tm\u00e9r\u0151j\u0171ek, k\u00e9tsz\u00edn\u0171ek, a sz\u00e1r el\u00e1gaz\u00f3. A magok 12-16 napon bel\u00fcl cs\u00edr\u00e1znak. A vet\u00e9s ut\u00e1ni m\u00e1sodik \u00e9vben vir\u00e1gzik. Nedves, term\u00e9keny talajban j\u00f3l fejl\u0151dik. M\u00e1s \u00e9vel\u0151kkel \u00e1gy\u00e1sba \u00fcltetve vir\u00e1gokat csokrokba szedik. Sok \u00e9vig n\u0151het ugyanazon a helyen, t\u00e9len nem ig\u00e9nyel fed\u00e9st.<br \/>\nKiszerel\u00e9s egy csomagban 0,2 g<br \/>\nA magok sz\u00e1ma grammonk\u00e9nt ~ 750-800<br \/>\nTranszplant\u00e1ci\u00f3 VII-VIII<br \/>\n\u00dcltet\u00e9si t\u00e1vols\u00e1gok 30 x 30 cm<br \/>\nVir\u00e1gz\u00e1si id\u0151, magass\u00e1g V\u2013VII, 80 cm<br \/>\nNapos hely Igen<br \/>\n\u00c9vel\u0151 Igen<br \/>\nSz\u00edn Sz\u00ednek kever\u00e9ke<br \/>\nGy\u00e1rt\u00f3 \u017dalia stotel\u0117<br \/>\nVeget\u00e1ci\u00f3 \u00e9vel\u0151<br \/>\nVir\u00e1goskertekben termeszthet\u0151<br \/>\n\u00c9ghajlat R\u00e9szleges \u00e1rny\u00e9k<br \/>\nVir\u00e1gz\u00e1si id\u0151szak V-VII<br \/>\nN\u00f6v\u00e9nymagass\u00e1g, cm 80 cm<\/p>\n","protected":false},"featured_media":23062,"comment_status":"closed","ping_status":"closed","template":"","meta":[],"product_brand":[],"product_cat":[363],"product_tag":[],"class_list":{"0":"post-23061","1":"product","2":"type-product","3":"status-publish","4":"has-post-thumbnail","6":"product_cat-virag-vetomagok-zalia-stotele","8":"first","9":"instock","10":"taxable","11":"shipping-taxable","12":"purchasable","13":"product-type-simple"},"_links":{"self":[{"href":"https:\/\/chilimag.hu\/webshop\/wp-json\/wp\/v2\/product\/23061","targetHints":{"allow":["GET"]}}],"collection":[{"href":"https:\/\/chilimag.hu\/webshop\/wp-json\/wp\/v2\/product"}],"about":[{"href":"https:\/\/chilimag.hu\/webshop\/wp-json\/wp\/v2\/types\/product"}],"replies":[{"embeddable":true,"href":"https:\/\/chilimag.hu\/webshop\/wp-json\/wp\/v2\/comments?post=23061"}],"wp:featuredmedia":[{"embeddable":true,"href":"https:\/\/chilimag.hu\/webshop\/wp-json\/wp\/v2\/media\/23062"}],"wp:attachment":[{"href":"https:\/\/chilimag.hu\/webshop\/wp-json\/wp\/v2\/media?parent=23061"}],"wp:term":[{"taxonomy":"product_brand","embeddable":true,"href":"https:\/\/chilimag.hu\/webshop\/wp-json\/wp\/v2\/product_brand?post=23061"},{"taxonomy":"product_cat","embeddable":true,"href":"https:\/\/chilimag.hu\/webshop\/wp-json\/wp\/v2\/product_cat?post=23061"},{"taxonomy":"product_tag","embeddable":true,"href":"https:\/\/chilimag.hu\/webshop\/wp-json\/wp\/v2\/product_tag?post=23061"}],"curies":[{"name":"wp","href":"https:\/\/api.w.org\/{rel}","templated":true}]}}