{"id":23056,"date":"2023-03-25T05:55:13","date_gmt":"2023-03-25T05:55:13","guid":{"rendered":"https:\/\/chilimag.hu\/webshop\/?post_type=product&#038;p=23056"},"modified":"2026-01-29T17:00:12","modified_gmt":"2026-01-29T17:00:12","slug":"budoske-barsonyvirag-valencia-z-s-sl","status":"publish","type":"product","link":"https:\/\/chilimag.hu\/webshop\/termek\/budoske-barsonyvirag-valencia-z-s-sl\/","title":{"rendered":"B\u00fcd\u00f6ske Valencia Z.S SL"},"content":{"rendered":"","protected":false},"excerpt":{"rendered":"<p><img decoding=\"async\" class=\"active-logo\" src=\"https:\/\/b2b.seklos.lt\/themes\/warehouse\/img\/logo_en.png\" alt=\"Agrofirma S\u0117klos, UAB\" width=\"280\" height=\"95\" \/><\/p>\n<p>Egyny\u00e1ri 30 cm-es vir\u00e1gok. A vir\u00e1gok \u00e1tm\u00e9r\u0151je 5-6 cm. N\u00f6vekszik \u00e9s vir\u00e1gzik napos \u00e9s \u00e1rny\u00e9kos helyen is. Vir\u00e1goskertben termeszthet\u0151 m\u00e1s \u00e9vel\u0151 \u00e9s egyny\u00e1ri vir\u00e1gokkal egy\u00fctt, gyakran termesztik temet\u0151kben, erk\u00e9lyeken. A k\u00f6r\u00f6mvir\u00e1g alkalmas \u00e9tel\u00edzes\u00edt\u0151nek, sal\u00e1tad\u00edsz\u00edt\u00e9snek is. A k\u00f6r\u00f6mvir\u00e1got a hagym\u00e1s n\u00f6v\u00e9nyek ut\u00e1n vagy azok k\u00f6z\u00f6tt termesztik, hogy elt\u00e1vol\u00edts\u00e1k a k\u00e1rtev\u0151ket \u00e9s a betegs\u00e9geket a talajb\u00f3l.<br \/>\nEgy csomagban l\u00e9v\u0151 mennyis\u00e9g 1 g<br \/>\nA magok sz\u00e1ma grammonk\u00e9nt ~ 300-320<br \/>\nTranszplant\u00e1ci\u00f3 V-VI<br \/>\n\u00dcltet\u00e9si t\u00e1vols\u00e1gok 15 x 15 cm<br \/>\nVir\u00e1gz\u00e1si id\u0151, magass\u00e1g VII\u2013X, 30 cm<br \/>\nA legkelend\u0151bbek k\u00f6z\u00f6tt Igen<br \/>\nSz\u00edn Narancs<br \/>\nTermeszt\u00e9si hely Erk\u00e9ly<br \/>\nGy\u00e1rt\u00f3 \u017dalia stotel\u0117<br \/>\nVeget\u00e1ci\u00f3 Egyny\u00e1ri<br \/>\nVir\u00e1goskertekben termeszthet\u0151<br \/>\nNapos \u00e9ghajlat<br \/>\nVir\u00e1gz\u00e1si id\u0151szak III-V<br \/>\nN\u00f6v\u00e9ny magass\u00e1ga, cm 30 cm<\/p>\n","protected":false},"featured_media":23057,"comment_status":"closed","ping_status":"closed","template":"","meta":[],"product_brand":[],"product_cat":[363],"product_tag":[],"class_list":{"0":"post-23056","1":"product","2":"type-product","3":"status-publish","4":"has-post-thumbnail","6":"product_cat-virag-vetomagok-zalia-stotele","8":"first","9":"instock","10":"taxable","11":"shipping-taxable","12":"purchasable","13":"product-type-simple"},"_links":{"self":[{"href":"https:\/\/chilimag.hu\/webshop\/wp-json\/wp\/v2\/product\/23056","targetHints":{"allow":["GET"]}}],"collection":[{"href":"https:\/\/chilimag.hu\/webshop\/wp-json\/wp\/v2\/product"}],"about":[{"href":"https:\/\/chilimag.hu\/webshop\/wp-json\/wp\/v2\/types\/product"}],"replies":[{"embeddable":true,"href":"https:\/\/chilimag.hu\/webshop\/wp-json\/wp\/v2\/comments?post=23056"}],"wp:featuredmedia":[{"embeddable":true,"href":"https:\/\/chilimag.hu\/webshop\/wp-json\/wp\/v2\/media\/23057"}],"wp:attachment":[{"href":"https:\/\/chilimag.hu\/webshop\/wp-json\/wp\/v2\/media?parent=23056"}],"wp:term":[{"taxonomy":"product_brand","embeddable":true,"href":"https:\/\/chilimag.hu\/webshop\/wp-json\/wp\/v2\/product_brand?post=23056"},{"taxonomy":"product_cat","embeddable":true,"href":"https:\/\/chilimag.hu\/webshop\/wp-json\/wp\/v2\/product_cat?post=23056"},{"taxonomy":"product_tag","embeddable":true,"href":"https:\/\/chilimag.hu\/webshop\/wp-json\/wp\/v2\/product_tag?post=23056"}],"curies":[{"name":"wp","href":"https:\/\/api.w.org\/{rel}","templated":true}]}}