{"id":23052,"date":"2023-03-25T05:50:02","date_gmt":"2023-03-25T05:50:02","guid":{"rendered":"https:\/\/chilimag.hu\/webshop\/?post_type=product&#038;p=23052"},"modified":"2026-02-26T08:54:03","modified_gmt":"2026-02-26T08:54:03","slug":"disznapraforgo-teddy-bear-z-s-sl","status":"publish","type":"product","link":"https:\/\/chilimag.hu\/webshop\/termek\/disznapraforgo-teddy-bear-z-s-sl\/","title":{"rendered":"D\u00edsznapraforg\u00f3 Teddy Bear Z.S SL"},"content":{"rendered":"","protected":false},"excerpt":{"rendered":"<p><img decoding=\"async\" class=\"active-logo\" src=\"https:\/\/b2b.seklos.lt\/themes\/warehouse\/img\/logo_en.png\" alt=\"Agrofirma S\u0117klos, UAB\" width=\"280\" height=\"95\" \/><\/p>\n<p>Napraforg\u00f3 I Teddy Bear<br \/>\nEgyny\u00e1ri 50-60 cm-es vir\u00e1gok. A vir\u00e1gok 15 cm \u00e1tm\u00e9r\u0151j\u0171ek, j\u00faliust\u00f3l okt\u00f3berig vir\u00e1goznak. J\u00f3l n\u0151 a napos, meleg, sz\u00e9lt\u0151l v\u00e9dett ter\u00fcleteken, term\u00e9keny talajban. Ezenk\u00edv\u00fcl oldott \u00e1sv\u00e1nyi m\u0171tr\u00e1gy\u00e1val tr\u00e1gy\u00e1zz\u00e1k. \u00dcltet\u0151knek, vir\u00e1goskerteknek, csokroknak. A vir\u00e1g\u00e1gy\u00e1s k\u00f6zep\u00e9re \u00fcltetik, vagy egyny\u00e1ri vir\u00e1g\u00fcltetv\u00e9nyek h\u00e1tt\u00e9rn\u00f6v\u00e9nyek\u00e9nt.<br \/>\nMennyis\u00e9g egy csomagban 2 g<br \/>\nTranszplant\u00e1ci\u00f3 VI<br \/>\n\u00dcltet\u00e9si t\u00e1vols\u00e1gok 30 x 30 cm<br \/>\nVir\u00e1gz\u00e1si id\u0151, magass\u00e1g VII-IX, 50-60 cm<br \/>\nSz\u00edn S\u00e1rga<br \/>\nGy\u00e1rt\u00f3 \u017dalia stotel\u0117<br \/>\nVeget\u00e1ci\u00f3 Egyny\u00e1ri<br \/>\nVir\u00e1goskertekben termeszthet\u0151<br \/>\nNapos \u00e9ghajlat<\/p>\n","protected":false},"featured_media":23053,"comment_status":"closed","ping_status":"closed","template":"","meta":[],"product_brand":[],"product_cat":[363],"product_tag":[],"class_list":{"0":"post-23052","1":"product","2":"type-product","3":"status-publish","4":"has-post-thumbnail","6":"product_cat-virag-vetomagok-zalia-stotele","8":"first","9":"instock","10":"taxable","11":"shipping-taxable","12":"purchasable","13":"product-type-simple"},"_links":{"self":[{"href":"https:\/\/chilimag.hu\/webshop\/wp-json\/wp\/v2\/product\/23052","targetHints":{"allow":["GET"]}}],"collection":[{"href":"https:\/\/chilimag.hu\/webshop\/wp-json\/wp\/v2\/product"}],"about":[{"href":"https:\/\/chilimag.hu\/webshop\/wp-json\/wp\/v2\/types\/product"}],"replies":[{"embeddable":true,"href":"https:\/\/chilimag.hu\/webshop\/wp-json\/wp\/v2\/comments?post=23052"}],"wp:featuredmedia":[{"embeddable":true,"href":"https:\/\/chilimag.hu\/webshop\/wp-json\/wp\/v2\/media\/23053"}],"wp:attachment":[{"href":"https:\/\/chilimag.hu\/webshop\/wp-json\/wp\/v2\/media?parent=23052"}],"wp:term":[{"taxonomy":"product_brand","embeddable":true,"href":"https:\/\/chilimag.hu\/webshop\/wp-json\/wp\/v2\/product_brand?post=23052"},{"taxonomy":"product_cat","embeddable":true,"href":"https:\/\/chilimag.hu\/webshop\/wp-json\/wp\/v2\/product_cat?post=23052"},{"taxonomy":"product_tag","embeddable":true,"href":"https:\/\/chilimag.hu\/webshop\/wp-json\/wp\/v2\/product_tag?post=23052"}],"curies":[{"name":"wp","href":"https:\/\/api.w.org\/{rel}","templated":true}]}}