{"id":23049,"date":"2023-03-24T20:26:48","date_gmt":"2023-03-24T20:26:48","guid":{"rendered":"https:\/\/chilimag.hu\/webshop\/?post_type=product&#038;p=23049"},"modified":"2026-02-10T20:54:09","modified_gmt":"2026-02-10T20:54:09","slug":"budoske-golden-gem-z-s-sl","status":"publish","type":"product","link":"https:\/\/chilimag.hu\/webshop\/termek\/budoske-golden-gem-z-s-sl\/","title":{"rendered":"B\u00fcd\u00f6ske Golden Gem Z.S SL"},"content":{"rendered":"","protected":false},"excerpt":{"rendered":"<p><img decoding=\"async\" class=\"active-logo\" src=\"https:\/\/b2b.seklos.lt\/themes\/warehouse\/img\/logo_en.png\" alt=\"Agrofirma S\u0117klos, UAB\" width=\"280\" height=\"95\" \/><\/p>\n<p>Egyny\u00e1ri, 30 cm magas, kiterjedten vir\u00e1gz\u00f3 vir\u00e1gok. A vir\u00e1gok kicsik. N\u00f6vekszik \u00e9s vir\u00e1gzik napos \u00e9s \u00e1rny\u00e9kos ter\u00fcleteken is. Vir\u00e1goskertben termeszthet\u0151 m\u00e1s \u00e9vel\u0151 \u00e9s egyny\u00e1ri vir\u00e1gokkal egy\u00fctt, gyakran termesztik temet\u0151kben, erk\u00e9lyeken. Ill\u00e9kony olajat \u00e9s er\u0151s illatot tartalmaz, ez\u00e9rt a szomsz\u00e9dos n\u00f6v\u00e9nyek higi\u00e9niai gy\u00f3gyn\u00f6v\u00e9ny\u00e9nek nevezik, amelyet hagymavir\u00e1gok ut\u00e1n vagy k\u00f6z\u00f6tt\u00fck termesztenek.<br \/>\nMennyis\u00e9g egy csomagban 0,5 g<br \/>\nA magok sz\u00e1ma grammonk\u00e9nt ~ 1100-1200<br \/>\nTranszplant\u00e1ci\u00f3 V-VI<br \/>\n\u00dcltet\u00e9si t\u00e1vols\u00e1gok 20 x 25 cm<br \/>\nVir\u00e1gz\u00e1si id\u0151, magass\u00e1g VI-IX, 30 cm<br \/>\nSz\u00edn S\u00e1rga<br \/>\nTermeszt\u00e9si hely Erk\u00e9ly<br \/>\nGy\u00e1rt\u00f3 \u017dalia stotel\u0117<br \/>\nVeget\u00e1ci\u00f3 Egyny\u00e1ri<br \/>\nVir\u00e1goskertekben termeszthet\u0151<br \/>\nNapos \u00e9ghajlat<br \/>\nVir\u00e1gz\u00e1si id\u0151szak III-V<br \/>\nN\u00f6v\u00e9ny magass\u00e1ga, cm 30 cm<\/p>\n","protected":false},"featured_media":23050,"comment_status":"closed","ping_status":"closed","template":"","meta":[],"product_brand":[],"product_cat":[363],"product_tag":[],"class_list":{"0":"post-23049","1":"product","2":"type-product","3":"status-publish","4":"has-post-thumbnail","6":"product_cat-virag-vetomagok-zalia-stotele","8":"first","9":"instock","10":"taxable","11":"shipping-taxable","12":"purchasable","13":"product-type-simple"},"_links":{"self":[{"href":"https:\/\/chilimag.hu\/webshop\/wp-json\/wp\/v2\/product\/23049","targetHints":{"allow":["GET"]}}],"collection":[{"href":"https:\/\/chilimag.hu\/webshop\/wp-json\/wp\/v2\/product"}],"about":[{"href":"https:\/\/chilimag.hu\/webshop\/wp-json\/wp\/v2\/types\/product"}],"replies":[{"embeddable":true,"href":"https:\/\/chilimag.hu\/webshop\/wp-json\/wp\/v2\/comments?post=23049"}],"wp:featuredmedia":[{"embeddable":true,"href":"https:\/\/chilimag.hu\/webshop\/wp-json\/wp\/v2\/media\/23050"}],"wp:attachment":[{"href":"https:\/\/chilimag.hu\/webshop\/wp-json\/wp\/v2\/media?parent=23049"}],"wp:term":[{"taxonomy":"product_brand","embeddable":true,"href":"https:\/\/chilimag.hu\/webshop\/wp-json\/wp\/v2\/product_brand?post=23049"},{"taxonomy":"product_cat","embeddable":true,"href":"https:\/\/chilimag.hu\/webshop\/wp-json\/wp\/v2\/product_cat?post=23049"},{"taxonomy":"product_tag","embeddable":true,"href":"https:\/\/chilimag.hu\/webshop\/wp-json\/wp\/v2\/product_tag?post=23049"}],"curies":[{"name":"wp","href":"https:\/\/api.w.org\/{rel}","templated":true}]}}