{"id":23045,"date":"2023-03-24T20:20:17","date_gmt":"2023-03-24T20:20:17","guid":{"rendered":"https:\/\/chilimag.hu\/webshop\/?post_type=product&#038;p=23045"},"modified":"2026-02-16T17:54:25","modified_gmt":"2026-02-16T17:54:25","slug":"hevero-tompevirag-z-s-sl","status":"publish","type":"product","link":"https:\/\/chilimag.hu\/webshop\/termek\/hevero-tompevirag-z-s-sl\/","title":{"rendered":"Hever\u0151 T\u00f6mpevir\u00e1g  Orange Z.S SL"},"content":{"rendered":"","protected":false},"excerpt":{"rendered":"<p><img decoding=\"async\" class=\"active-logo\" src=\"https:\/\/b2b.seklos.lt\/themes\/warehouse\/img\/logo_en.png\" alt=\"Agrofirma S\u0117klos, UAB\" width=\"280\" height=\"95\" \/><\/p>\n<p>Egyny\u00e1ri, b\u0151, hosszan ny\u00edl\u00f3 vir\u00e1gok ny\u00e1ri vir\u00e1goskertekbe. A f\u00e9nyes vir\u00e1gz\u00e1s a kis napraforg\u00f3kra eml\u00e9keztet. F\u00fcggesztett kosarakban, erk\u00e9lyt\u00e1lc\u00e1kban termesztik m\u00e1s vir\u00e1gokkal kompoz\u00edci\u00f3kban. Ezeket a vir\u00e1gokat napos helyen, k\u00f6nny\u0171 talajon kell termeszteni. Szeles helyeken is termeszthet\u0151. Fagyt\u0171r\u0151.<br \/>\nE \u00e1rcsoport<br \/>\nKiszerel\u00e9s egy csomagban 0,2 g<br \/>\nMagok sz\u00e1ma grammonk\u00e9nt K\u00f6r\u00fclbel\u00fcl 1900<br \/>\nVir\u00e1gz\u00e1si id\u0151, magass\u00e1g VI-VIII, 20 cm<br \/>\nNapos hely Igen<br \/>\nSz\u00edn Narancs<br \/>\nGy\u00e1rt\u00f3 \u017dalia stotel\u0117<br \/>\nVeget\u00e1ci\u00f3 Egyny\u00e1ri<br \/>\nAlkalmas b\u00f6lcs\u0151ben, vir\u00e1goskertben, cser\u00e9pben termeszt\u00e9sre<br \/>\nNapos \u00e9ghajlat<\/p>\n","protected":false},"featured_media":23046,"comment_status":"closed","ping_status":"closed","template":"","meta":[],"product_brand":[],"product_cat":[363],"product_tag":[],"class_list":{"0":"post-23045","1":"product","2":"type-product","3":"status-publish","4":"has-post-thumbnail","6":"product_cat-virag-vetomagok-zalia-stotele","8":"first","9":"instock","10":"taxable","11":"shipping-taxable","12":"purchasable","13":"product-type-simple"},"_links":{"self":[{"href":"https:\/\/chilimag.hu\/webshop\/wp-json\/wp\/v2\/product\/23045","targetHints":{"allow":["GET"]}}],"collection":[{"href":"https:\/\/chilimag.hu\/webshop\/wp-json\/wp\/v2\/product"}],"about":[{"href":"https:\/\/chilimag.hu\/webshop\/wp-json\/wp\/v2\/types\/product"}],"replies":[{"embeddable":true,"href":"https:\/\/chilimag.hu\/webshop\/wp-json\/wp\/v2\/comments?post=23045"}],"wp:featuredmedia":[{"embeddable":true,"href":"https:\/\/chilimag.hu\/webshop\/wp-json\/wp\/v2\/media\/23046"}],"wp:attachment":[{"href":"https:\/\/chilimag.hu\/webshop\/wp-json\/wp\/v2\/media?parent=23045"}],"wp:term":[{"taxonomy":"product_brand","embeddable":true,"href":"https:\/\/chilimag.hu\/webshop\/wp-json\/wp\/v2\/product_brand?post=23045"},{"taxonomy":"product_cat","embeddable":true,"href":"https:\/\/chilimag.hu\/webshop\/wp-json\/wp\/v2\/product_cat?post=23045"},{"taxonomy":"product_tag","embeddable":true,"href":"https:\/\/chilimag.hu\/webshop\/wp-json\/wp\/v2\/product_tag?post=23045"}],"curies":[{"name":"wp","href":"https:\/\/api.w.org\/{rel}","templated":true}]}}