{"id":23039,"date":"2023-03-24T20:08:37","date_gmt":"2023-03-24T20:08:37","guid":{"rendered":"https:\/\/chilimag.hu\/webshop\/?post_type=product&#038;p=23039"},"modified":"2026-01-26T21:48:11","modified_gmt":"2026-01-26T21:48:11","slug":"szazszorszep-z-s-sl","status":"publish","type":"product","link":"https:\/\/chilimag.hu\/webshop\/termek\/szazszorszep-z-s-sl\/","title":{"rendered":"Sz\u00e1zszorsz\u00e9p teltvir\u00e1g\u00fa sz\u00ednkever\u00e9k Z.S SL"},"content":{"rendered":"","protected":false},"excerpt":{"rendered":"<p><img decoding=\"async\" class=\"active-logo\" src=\"https:\/\/b2b.seklos.lt\/themes\/warehouse\/img\/logo_en.png\" alt=\"Agrofirma S\u0117klos, UAB\" width=\"280\" height=\"95\" \/><\/p>\n<p>\u00c9vel\u0151 10 cm magas vir\u00e1gok. A vir\u00e1gok 3-4 cm \u00e1tm\u00e9r\u0151j\u0171ek, b\u0151s\u00e9gesen vir\u00e1goznak eg\u00e9sz ny\u00e1ron. Kertekben, cser\u00e9pben, \u00fcltet\u0151ben, a p\u00e1zsit sz\u00e9l\u00e9n termesztik. Saj\u00e1t magvak, ha hagyjuk vir\u00e1gozni \u00e9s \u00e9rlelj\u00fck a magokat. A sz\u00e1zszorsz\u00e9p nedves \u00e9s term\u00e9keny helyeken, p\u00e9ld\u00e1ul sz\u0151nyegn\u00f6v\u00e9nyeken termeszthet\u0151. A legjobban ny\u00edlt, napos ter\u00fcleteken \u00e9s f\u00e9l\u00e1rny\u00e9kban n\u0151. Nem ig\u00e9nyes a talajra. Vir\u00e1gz\u00e1s k\u00f6zben \u00fajra \u00fcltethet\u0151.<br \/>\nKiszerel\u00e9s egy csomagban 0,2 g<br \/>\nA magok sz\u00e1ma grammonk\u00e9nt ~ 6000<br \/>\nTranszplant\u00e1ci\u00f3 VII-IX<br \/>\n\u00dcltet\u00e9si t\u00e1vols\u00e1gok 10 x 10 cm<br \/>\nVir\u00e1gz\u00e1si id\u0151, magass\u00e1g V\u2013VIII, 10 cm<br \/>\nSz\u00edn Sz\u00ednek kever\u00e9ke<br \/>\nTermeszt\u00e9si hely Erk\u00e9ly<br \/>\nGy\u00e1rt\u00f3 \u017dalia stotel\u0117<br \/>\nVeget\u00e1ci\u00f3s Bienn\u00e1l\u00e9k<br \/>\nSziklakertekben, vir\u00e1goskertekben termeszthet\u0151<br \/>\nNapos \u00e9ghajlat<br \/>\nVir\u00e1gz\u00e1si id\u0151szak VI-VII<br \/>\nN\u00f6v\u00e9nymagass\u00e1g, cm 10 cm<\/p>\n","protected":false},"featured_media":23040,"comment_status":"closed","ping_status":"closed","template":"","meta":[],"product_brand":[],"product_cat":[363],"product_tag":[],"class_list":{"0":"post-23039","1":"product","2":"type-product","3":"status-publish","4":"has-post-thumbnail","6":"product_cat-virag-vetomagok-zalia-stotele","8":"first","9":"instock","10":"taxable","11":"shipping-taxable","12":"purchasable","13":"product-type-simple"},"_links":{"self":[{"href":"https:\/\/chilimag.hu\/webshop\/wp-json\/wp\/v2\/product\/23039","targetHints":{"allow":["GET"]}}],"collection":[{"href":"https:\/\/chilimag.hu\/webshop\/wp-json\/wp\/v2\/product"}],"about":[{"href":"https:\/\/chilimag.hu\/webshop\/wp-json\/wp\/v2\/types\/product"}],"replies":[{"embeddable":true,"href":"https:\/\/chilimag.hu\/webshop\/wp-json\/wp\/v2\/comments?post=23039"}],"wp:featuredmedia":[{"embeddable":true,"href":"https:\/\/chilimag.hu\/webshop\/wp-json\/wp\/v2\/media\/23040"}],"wp:attachment":[{"href":"https:\/\/chilimag.hu\/webshop\/wp-json\/wp\/v2\/media?parent=23039"}],"wp:term":[{"taxonomy":"product_brand","embeddable":true,"href":"https:\/\/chilimag.hu\/webshop\/wp-json\/wp\/v2\/product_brand?post=23039"},{"taxonomy":"product_cat","embeddable":true,"href":"https:\/\/chilimag.hu\/webshop\/wp-json\/wp\/v2\/product_cat?post=23039"},{"taxonomy":"product_tag","embeddable":true,"href":"https:\/\/chilimag.hu\/webshop\/wp-json\/wp\/v2\/product_tag?post=23039"}],"curies":[{"name":"wp","href":"https:\/\/api.w.org\/{rel}","templated":true}]}}