{"id":23035,"date":"2023-03-24T20:02:49","date_gmt":"2023-03-24T20:02:49","guid":{"rendered":"https:\/\/chilimag.hu\/webshop\/?post_type=product&#038;p=23035"},"modified":"2026-04-01T08:06:07","modified_gmt":"2026-04-01T08:06:07","slug":"disznapraforgo-bambino-z-s-sl","status":"publish","type":"product","link":"https:\/\/chilimag.hu\/webshop\/termek\/disznapraforgo-bambino-z-s-sl\/","title":{"rendered":"D\u00edsznapraforg\u00f3 Bambino Z.S SL"},"content":{"rendered":"","protected":false},"excerpt":{"rendered":"<p><img decoding=\"async\" class=\"active-logo\" src=\"https:\/\/b2b.seklos.lt\/themes\/warehouse\/img\/logo_en.png\" alt=\"Agrofirma S\u0117klos, UAB\" width=\"280\" height=\"95\" \/><\/p>\n<p>Egyny\u00e1ri 40 cm-es vir\u00e1gok. A fajta cser\u00e9pben termeszthet\u0151. A vir\u00e1gok 20 cm \u00e1tm\u00e9r\u0151j\u0171ek, k\u00f6z\u00e9ps\u0151 r\u00e9sz\u00fck s\u00f6t\u00e9t. A n\u00f6v\u00e9ny nem fejleszt oldal\u00e1gakat. Term\u00e9keny talajban, sz\u00e9lt\u0151l v\u00e9dett helyen n\u0151 a legjobban. Ny\u00edlt ter\u00fcletekre alkalmas, vir\u00e1gokat csokrokba v\u00e1gnak. A napraforg\u00f3 vid\u00e9ki tany\u00e1kon termeszthet\u0151, a ker\u00edt\u00e9sekn\u00e9l megfelel\u0151. Komplex m\u0171tr\u00e1gya javasolt a vir\u00e1gz\u00e1s idej\u00e9n. A n\u00f6v\u00e9nyek fagy\u00e9rz\u00e9kenyek.<br \/>\nG \u00e1rcsoport<br \/>\nEgy csomagban l\u00e9v\u0151 mennyis\u00e9g 1 g<br \/>\nA magok sz\u00e1ma grammonk\u00e9nt ~ 30-40<br \/>\nVir\u00e1gz\u00e1si id\u0151, magass\u00e1g VII-IX, 40 cm<br \/>\nNapos hely Igen<br \/>\nSz\u00edn S\u00e1rga<br \/>\nTermeszt\u00e9si hely Erk\u00e9ly<br \/>\nGy\u00e1rt\u00f3 \u017dalia stotel\u0117<br \/>\nVeget\u00e1ci\u00f3 Egyny\u00e1ri<br \/>\nVir\u00e1goskertekben termeszthet\u0151<br \/>\nNapos \u00e9ghajlat<br \/>\nVir\u00e1gz\u00e1si id\u0151szak III-VI<br \/>\nN\u00f6v\u00e9nymagass\u00e1g, cm 40 cm<\/p>\n","protected":false},"featured_media":23036,"comment_status":"closed","ping_status":"closed","template":"","meta":[],"product_brand":[],"product_cat":[363],"product_tag":[],"class_list":{"0":"post-23035","1":"product","2":"type-product","3":"status-publish","4":"has-post-thumbnail","6":"product_cat-virag-vetomagok-zalia-stotele","8":"first","9":"instock","10":"taxable","11":"shipping-taxable","12":"purchasable","13":"product-type-simple"},"_links":{"self":[{"href":"https:\/\/chilimag.hu\/webshop\/wp-json\/wp\/v2\/product\/23035","targetHints":{"allow":["GET"]}}],"collection":[{"href":"https:\/\/chilimag.hu\/webshop\/wp-json\/wp\/v2\/product"}],"about":[{"href":"https:\/\/chilimag.hu\/webshop\/wp-json\/wp\/v2\/types\/product"}],"replies":[{"embeddable":true,"href":"https:\/\/chilimag.hu\/webshop\/wp-json\/wp\/v2\/comments?post=23035"}],"wp:featuredmedia":[{"embeddable":true,"href":"https:\/\/chilimag.hu\/webshop\/wp-json\/wp\/v2\/media\/23036"}],"wp:attachment":[{"href":"https:\/\/chilimag.hu\/webshop\/wp-json\/wp\/v2\/media?parent=23035"}],"wp:term":[{"taxonomy":"product_brand","embeddable":true,"href":"https:\/\/chilimag.hu\/webshop\/wp-json\/wp\/v2\/product_brand?post=23035"},{"taxonomy":"product_cat","embeddable":true,"href":"https:\/\/chilimag.hu\/webshop\/wp-json\/wp\/v2\/product_cat?post=23035"},{"taxonomy":"product_tag","embeddable":true,"href":"https:\/\/chilimag.hu\/webshop\/wp-json\/wp\/v2\/product_tag?post=23035"}],"curies":[{"name":"wp","href":"https:\/\/api.w.org\/{rel}","templated":true}]}}