{"id":23027,"date":"2023-03-24T19:48:40","date_gmt":"2023-03-24T19:48:40","guid":{"rendered":"https:\/\/chilimag.hu\/webshop\/?post_type=product&#038;p=23027"},"modified":"2026-02-10T11:17:41","modified_gmt":"2026-02-10T11:17:41","slug":"primula-colossea-z-s-sl","status":"publish","type":"product","link":"https:\/\/chilimag.hu\/webshop\/termek\/primula-colossea-z-s-sl\/","title":{"rendered":"Primula Colossea Z.S SL"},"content":{"rendered":"","protected":false},"excerpt":{"rendered":"<p><img decoding=\"async\" class=\"active-logo\" src=\"https:\/\/b2b.seklos.lt\/themes\/warehouse\/img\/logo_en.png\" alt=\"Agrofirma S\u0117klos, UAB\" width=\"280\" height=\"95\" \/><\/p>\n<p>\u00c9vel\u0151, 15-30 cm magas, d\u00edszvir\u00e1g\u00fa. A vir\u00e1gok 3-5 cm \u00e1tm\u00e9r\u0151j\u0171ek, vil\u00e1gosak, k\u00e9tsz\u00edn\u0171ek \u00e9s monokr\u00f3mok, ritka f\u00e1k, alacsony gy\u00fcm\u00f6lcsf\u00e1k alatt nagyon vonz\u00f3ak a kankalinsz\u0151nyegek. J\u00f3 sziklakertbe, cser\u00e9pbe. F\u00fcrt\u00f6kbe \u00fcltetve vir\u00e1g\u00e1gy\u00e1sokba. K\u00f6nny\u0171, nem sz\u00e1raz, humuszban gazdag talajban j\u00f3l fejl\u0151dik. A kankalin 2-10 \u00e9vig n\u0151het ugyanazon a helyen.<br \/>\nMagok sz\u00e1ma grammonk\u00e9nt ~ 1000-1100<br \/>\n\u00dcltet\u00e9si t\u00e1vols\u00e1gok 15 x 20 cm<br \/>\nVir\u00e1gz\u00e1si id\u0151, magass\u00e1g III-VI, 15-30cm<br \/>\nF\u00e9l\u00e1rny\u00e9k Igen<br \/>\n\u00c9vel\u0151 Igen<br \/>\nSz\u00edn Sz\u00ednek kever\u00e9ke<br \/>\nTermeszt\u00e9si hely Erk\u00e9ly<br \/>\nGy\u00e1rt\u00f3 \u017dalia stotel\u0117<br \/>\nVeget\u00e1ci\u00f3 \u00e9vel\u0151<br \/>\nSziklakertekben, vir\u00e1goskertekben termeszthet\u0151<br \/>\n\u00c9ghajlat R\u00e9szleges \u00e1rny\u00e9k<br \/>\nMagok sz\u00e1ma a csomagban, db. 50<br \/>\nVir\u00e1gz\u00e1si id\u0151szak III-VI<br \/>\nN\u00f6v\u00e9nymagass\u00e1g, cm 15-30 cm<\/p>\n","protected":false},"featured_media":23028,"comment_status":"closed","ping_status":"closed","template":"","meta":[],"product_brand":[],"product_cat":[363],"product_tag":[],"class_list":{"0":"post-23027","1":"product","2":"type-product","3":"status-publish","4":"has-post-thumbnail","6":"product_cat-virag-vetomagok-zalia-stotele","8":"first","9":"instock","10":"taxable","11":"shipping-taxable","12":"purchasable","13":"product-type-simple"},"_links":{"self":[{"href":"https:\/\/chilimag.hu\/webshop\/wp-json\/wp\/v2\/product\/23027","targetHints":{"allow":["GET"]}}],"collection":[{"href":"https:\/\/chilimag.hu\/webshop\/wp-json\/wp\/v2\/product"}],"about":[{"href":"https:\/\/chilimag.hu\/webshop\/wp-json\/wp\/v2\/types\/product"}],"replies":[{"embeddable":true,"href":"https:\/\/chilimag.hu\/webshop\/wp-json\/wp\/v2\/comments?post=23027"}],"wp:featuredmedia":[{"embeddable":true,"href":"https:\/\/chilimag.hu\/webshop\/wp-json\/wp\/v2\/media\/23028"}],"wp:attachment":[{"href":"https:\/\/chilimag.hu\/webshop\/wp-json\/wp\/v2\/media?parent=23027"}],"wp:term":[{"taxonomy":"product_brand","embeddable":true,"href":"https:\/\/chilimag.hu\/webshop\/wp-json\/wp\/v2\/product_brand?post=23027"},{"taxonomy":"product_cat","embeddable":true,"href":"https:\/\/chilimag.hu\/webshop\/wp-json\/wp\/v2\/product_cat?post=23027"},{"taxonomy":"product_tag","embeddable":true,"href":"https:\/\/chilimag.hu\/webshop\/wp-json\/wp\/v2\/product_tag?post=23027"}],"curies":[{"name":"wp","href":"https:\/\/api.w.org\/{rel}","templated":true}]}}