{"id":23020,"date":"2023-03-24T19:37:46","date_gmt":"2023-03-24T19:37:46","guid":{"rendered":"https:\/\/chilimag.hu\/webshop\/?post_type=product&#038;p=23020"},"modified":"2026-03-13T12:39:52","modified_gmt":"2026-03-13T12:39:52","slug":"koromvirag-pink-surprise-z-s-sl","status":"publish","type":"product","link":"https:\/\/chilimag.hu\/webshop\/termek\/koromvirag-pink-surprise-z-s-sl\/","title":{"rendered":"K\u00f6r\u00f6mvir\u00e1g Pink Surprise Z.S SL"},"content":{"rendered":"","protected":false},"excerpt":{"rendered":"<p><img decoding=\"async\" class=\"active-logo\" src=\"https:\/\/b2b.seklos.lt\/themes\/warehouse\/img\/logo_en.png\" alt=\"Agrofirma S\u0117klos, UAB\" width=\"280\" height=\"95\" \/><\/p>\n<p>Egyny\u00e1ri, k\u00f6nnyen termeszthet\u0151 60 cm magas vir\u00e1gok. Csoportosan termesztik m\u00e1s egyny\u00e1ri vir\u00e1gokkal, \u00e1gy\u00e1sban, erk\u00e9lyen, cser\u00e9pben. Vir\u00e1gok szed\u00e9shez, sz\u00e1r\u00edtott te\u00e1khoz. A k\u00f6r\u00f6mvir\u00e1got m\u00e1s z\u00f6lds\u00e9gek \u00e9s vir\u00e1gok k\u00f6z\u00e9 is vethetj\u00fck. Megv\u00e9dhetik a szomsz\u00e9dos n\u00f6v\u00e9nyeket a betegs\u00e9gekt\u0151l \u00e9s a k\u00e1rtev\u0151kt\u0151l. Legjobban napos helyen, term\u00e9keny talajon fejl\u0151dik. Vir\u00e1gzik eg\u00e9sz ny\u00e1ron.<br \/>\nMennyis\u00e9g egy csomagban 2 g<br \/>\nMagok sz\u00e1ma grammonk\u00e9nt ~ 100-130<br \/>\n\u00dcltet\u00e9si t\u00e1vols\u00e1gok 20 X 30 CM<br \/>\nVir\u00e1gz\u00e1si id\u0151, magass\u00e1g VII\u2013X, 60 cm<br \/>\nNapos hely Igen<br \/>\nF\u00e9l\u00e1rny\u00e9k Igen<br \/>\nSz\u00edn Narancs<br \/>\nVet\u00e9sid\u0151 a talajban IV\u2013VI<br \/>\nGy\u00e1rt\u00f3 \u017dalia stotel\u0117<br \/>\nVeget\u00e1ci\u00f3 Egyny\u00e1ri<br \/>\nVir\u00e1goskertekben, Alpinariumokban termeszthet\u0151<br \/>\n\u00c9ghajlat Napos, R\u00e9szleges \u00e1rny\u00e9k<br \/>\nVir\u00e1gz\u00e1si id\u0151szak IV-VI, X<br \/>\nN\u00f6v\u00e9ny magass\u00e1ga, cm 60 cm<\/p>\n","protected":false},"featured_media":23021,"comment_status":"closed","ping_status":"closed","template":"","meta":[],"product_brand":[],"product_cat":[363],"product_tag":[],"class_list":{"0":"post-23020","1":"product","2":"type-product","3":"status-publish","4":"has-post-thumbnail","6":"product_cat-virag-vetomagok-zalia-stotele","8":"first","9":"instock","10":"taxable","11":"shipping-taxable","12":"purchasable","13":"product-type-simple"},"_links":{"self":[{"href":"https:\/\/chilimag.hu\/webshop\/wp-json\/wp\/v2\/product\/23020","targetHints":{"allow":["GET"]}}],"collection":[{"href":"https:\/\/chilimag.hu\/webshop\/wp-json\/wp\/v2\/product"}],"about":[{"href":"https:\/\/chilimag.hu\/webshop\/wp-json\/wp\/v2\/types\/product"}],"replies":[{"embeddable":true,"href":"https:\/\/chilimag.hu\/webshop\/wp-json\/wp\/v2\/comments?post=23020"}],"wp:featuredmedia":[{"embeddable":true,"href":"https:\/\/chilimag.hu\/webshop\/wp-json\/wp\/v2\/media\/23021"}],"wp:attachment":[{"href":"https:\/\/chilimag.hu\/webshop\/wp-json\/wp\/v2\/media?parent=23020"}],"wp:term":[{"taxonomy":"product_brand","embeddable":true,"href":"https:\/\/chilimag.hu\/webshop\/wp-json\/wp\/v2\/product_brand?post=23020"},{"taxonomy":"product_cat","embeddable":true,"href":"https:\/\/chilimag.hu\/webshop\/wp-json\/wp\/v2\/product_cat?post=23020"},{"taxonomy":"product_tag","embeddable":true,"href":"https:\/\/chilimag.hu\/webshop\/wp-json\/wp\/v2\/product_tag?post=23020"}],"curies":[{"name":"wp","href":"https:\/\/api.w.org\/{rel}","templated":true}]}}