{"id":23011,"date":"2023-03-24T19:22:05","date_gmt":"2023-03-24T19:22:05","guid":{"rendered":"https:\/\/chilimag.hu\/webshop\/?post_type=product&#038;p=23011"},"modified":"2026-02-26T18:37:00","modified_gmt":"2026-02-26T18:37:00","slug":"szarkalab-z-s-sl","status":"publish","type":"product","link":"https:\/\/chilimag.hu\/webshop\/termek\/szarkalab-z-s-sl\/","title":{"rendered":"Szarkal\u00e1b Delphinium Z.S SL"},"content":{"rendered":"","protected":false},"excerpt":{"rendered":"<p><img decoding=\"async\" class=\"logo\" src=\"https:\/\/b2b.seklos.lt\/themes\/warehouse\/img\/logo_en.png\" alt=\"Agrofirma S\u0117klos, UAB\" \/><\/p>\n<p>Egyny\u00e1ri, 45 cm magas vir\u00e1gok egyedi vir\u00e1gzattal, amelyek gyakran a sz\u00e1r fele. Ezeket a vir\u00e1gokat sz\u00e9lt\u0151l v\u00e9dett vir\u00e1goskertbe javasolt \u00fcltetni, a nap meleg\u00e9t ker\u00fclni kell. J\u00f3l n\u00f6vekszik a term\u00e9keny homokos vagy agyagos talajban, de nem szereti a savany\u00fa talajt, hosszan tart\u00f3 sz\u00e1razs\u00e1g eset\u00e9n aj\u00e1nlott \u00f6nt\u00f6z\u00e9s, mivel a n\u00f6v\u00e9nyek nem t\u0171rik a sz\u00e1razs\u00e1got. A kitermelt pal\u00e1nt\u00e1kat vir\u00e1goskertbe javasolt \u00fcltetni. Ezek a vir\u00e1gok pomp\u00e1san mutatnak a ny\u00e1ri vir\u00e1goskertekben. A sz\u00ednes vir\u00e1gzatokat ny\u00e1ri csokrokra v\u00e1gj\u00e1k, hossz\u00fa ideig szil\u00e1rdak maradnak.<br \/>\nEgy csomagban l\u00e9v\u0151 mennyis\u00e9g 1 g<br \/>\nA magok sz\u00e1ma grammonk\u00e9nt ~ 500<br \/>\nVir\u00e1gz\u00e1si id\u0151, magass\u00e1g VII\u2013VIII, 45 cm<br \/>\nGy\u00e1rt\u00f3 \u017dalia stotel\u0117<br \/>\nVir\u00e1gz\u00e1si id\u0151szak III-V<br \/>\nN\u00f6v\u00e9ny magass\u00e1ga, cm 45 cm<\/p>\n","protected":false},"featured_media":23012,"comment_status":"closed","ping_status":"closed","template":"","meta":[],"product_brand":[],"product_cat":[363],"product_tag":[],"class_list":{"0":"post-23011","1":"product","2":"type-product","3":"status-publish","4":"has-post-thumbnail","6":"product_cat-virag-vetomagok-zalia-stotele","8":"first","9":"instock","10":"taxable","11":"shipping-taxable","12":"purchasable","13":"product-type-simple"},"_links":{"self":[{"href":"https:\/\/chilimag.hu\/webshop\/wp-json\/wp\/v2\/product\/23011","targetHints":{"allow":["GET"]}}],"collection":[{"href":"https:\/\/chilimag.hu\/webshop\/wp-json\/wp\/v2\/product"}],"about":[{"href":"https:\/\/chilimag.hu\/webshop\/wp-json\/wp\/v2\/types\/product"}],"replies":[{"embeddable":true,"href":"https:\/\/chilimag.hu\/webshop\/wp-json\/wp\/v2\/comments?post=23011"}],"wp:featuredmedia":[{"embeddable":true,"href":"https:\/\/chilimag.hu\/webshop\/wp-json\/wp\/v2\/media\/23012"}],"wp:attachment":[{"href":"https:\/\/chilimag.hu\/webshop\/wp-json\/wp\/v2\/media?parent=23011"}],"wp:term":[{"taxonomy":"product_brand","embeddable":true,"href":"https:\/\/chilimag.hu\/webshop\/wp-json\/wp\/v2\/product_brand?post=23011"},{"taxonomy":"product_cat","embeddable":true,"href":"https:\/\/chilimag.hu\/webshop\/wp-json\/wp\/v2\/product_cat?post=23011"},{"taxonomy":"product_tag","embeddable":true,"href":"https:\/\/chilimag.hu\/webshop\/wp-json\/wp\/v2\/product_tag?post=23011"}],"curies":[{"name":"wp","href":"https:\/\/api.w.org\/{rel}","templated":true}]}}