{"id":23009,"date":"2023-03-24T19:16:36","date_gmt":"2023-03-24T19:16:36","guid":{"rendered":"https:\/\/chilimag.hu\/webshop\/?post_type=product&#038;p=23009"},"modified":"2026-03-14T20:19:19","modified_gmt":"2026-03-14T20:19:19","slug":"sarkantyufu-pacific-z-s-sl","status":"publish","type":"product","link":"https:\/\/chilimag.hu\/webshop\/termek\/sarkantyufu-pacific-z-s-sl\/","title":{"rendered":"Szarkal\u00e1b  Pacific Z.S SL"},"content":{"rendered":"","protected":false},"excerpt":{"rendered":"<p><img decoding=\"async\" class=\"active-logo\" src=\"https:\/\/b2b.seklos.lt\/themes\/warehouse\/img\/logo_en.png\" alt=\"Agrofirma S\u0117klos, UAB\" width=\"280\" height=\"95\" \/><\/p>\n<p>\u00c9vel\u0151, 180 cm magas leny\u0171g\u00f6z\u0151 vir\u00e1gok. Nemcsak vir\u00e1gzik, hanem az eg\u00e9sz n\u00f6v\u00e9ny d\u00edszes. Ny\u00edlt ter\u00fcleteken t\u00f6rt\u00e9n\u0151 \u00fcltet\u00e9skor biztos\u00edtson al\u00e1t\u00e1maszt\u00e1st. A vir\u00e1gok vid\u00e9ki tany\u00e1kra, pavilonok, ker\u00edt\u00e9sek k\u00f6zel\u00e9be \u00fcltethet\u0151k. A vir\u00e1gokat ny\u00e1ri csokrokba szedhetj\u00fck. Ugyanazon a helyen 3-4 \u00e9vig n\u0151het. T\u00e9len nem ig\u00e9nyel burkolatot.<br \/>\nMagass\u00e1ga 140-180 cm<br \/>\nMennyis\u00e9g egy csomagban 0,5 g<br \/>\nMagok sz\u00e1ma grammonk\u00e9nt ~400-440<br \/>\nTranszplant\u00e1ci\u00f3 V, VIII<br \/>\n\u00dcltet\u00e9si t\u00e1vols\u00e1gok 30 x 40 cm<br \/>\nVir\u00e1gz\u00e1si id\u0151, magass\u00e1g VII-VIII, 180 cm<br \/>\nNapos hely Igen<br \/>\n\u00c9vel\u0151 Igen<br \/>\nSz\u00edn Sz\u00ednek kever\u00e9ke<br \/>\nGy\u00e1rt\u00f3 \u017dalia stotel\u0117<br \/>\nVeget\u00e1ci\u00f3 \u00e9vel\u0151<br \/>\nVir\u00e1goskertekben termeszthet\u0151<br \/>\n\u00c9ghajlat R\u00e9szleges \u00e1rny\u00e9k, napos<br \/>\nVir\u00e1gz\u00e1si id\u0151szak III-VI<br \/>\nN\u00f6v\u00e9nymagass\u00e1g, cm 180 cm<\/p>\n","protected":false},"featured_media":31998,"comment_status":"closed","ping_status":"closed","template":"","meta":[],"product_brand":[],"product_cat":[363],"product_tag":[],"class_list":{"0":"post-23009","1":"product","2":"type-product","3":"status-publish","4":"has-post-thumbnail","6":"product_cat-virag-vetomagok-zalia-stotele","8":"first","9":"instock","10":"taxable","11":"shipping-taxable","12":"purchasable","13":"product-type-simple"},"_links":{"self":[{"href":"https:\/\/chilimag.hu\/webshop\/wp-json\/wp\/v2\/product\/23009","targetHints":{"allow":["GET"]}}],"collection":[{"href":"https:\/\/chilimag.hu\/webshop\/wp-json\/wp\/v2\/product"}],"about":[{"href":"https:\/\/chilimag.hu\/webshop\/wp-json\/wp\/v2\/types\/product"}],"replies":[{"embeddable":true,"href":"https:\/\/chilimag.hu\/webshop\/wp-json\/wp\/v2\/comments?post=23009"}],"wp:featuredmedia":[{"embeddable":true,"href":"https:\/\/chilimag.hu\/webshop\/wp-json\/wp\/v2\/media\/31998"}],"wp:attachment":[{"href":"https:\/\/chilimag.hu\/webshop\/wp-json\/wp\/v2\/media?parent=23009"}],"wp:term":[{"taxonomy":"product_brand","embeddable":true,"href":"https:\/\/chilimag.hu\/webshop\/wp-json\/wp\/v2\/product_brand?post=23009"},{"taxonomy":"product_cat","embeddable":true,"href":"https:\/\/chilimag.hu\/webshop\/wp-json\/wp\/v2\/product_cat?post=23009"},{"taxonomy":"product_tag","embeddable":true,"href":"https:\/\/chilimag.hu\/webshop\/wp-json\/wp\/v2\/product_tag?post=23009"}],"curies":[{"name":"wp","href":"https:\/\/api.w.org\/{rel}","templated":true}]}}