{"id":23001,"date":"2023-03-24T19:04:29","date_gmt":"2023-03-24T19:04:29","guid":{"rendered":"https:\/\/chilimag.hu\/webshop\/?post_type=product&#038;p=23001"},"modified":"2025-08-31T18:42:41","modified_gmt":"2025-08-31T18:42:41","slug":"szagosbukkony-lednek-welcome-z-s-sl","status":"publish","type":"product","link":"https:\/\/chilimag.hu\/webshop\/termek\/szagosbukkony-lednek-welcome-z-s-sl\/","title":{"rendered":"Szagosb\u00fckk\u00f6ny Bors\u00f3vir\u00e1g Welcome Z.S SL"},"content":{"rendered":"","protected":false},"excerpt":{"rendered":"<p><img decoding=\"async\" class=\"active-logo\" src=\"https:\/\/b2b.seklos.lt\/themes\/warehouse\/img\/logo_en.png\" alt=\"Agrofirma S\u0117klos, UAB\" width=\"280\" height=\"95\" \/><\/p>\n<p>Egyny\u00e1ri, k\u00fasz\u00f3, 1-2 m magas vir\u00e1gok. A vir\u00e1gok \u00e9l\u00e9nk sz\u00edn\u0171ek, nagyon dekorat\u00edvak, kellemes illat\u00faak. Napos, sz\u00e9lt\u0151l v\u00e9dett helyeken, humuszban gazdag, m\u0171velt \u00e9s laz\u00edtott talajokon 30 cm m\u00e9lys\u00e9gig fejl\u0151dik. Vet\u00e9s el\u0151tt a magokat ki kell cs\u00edr\u00e1ztatni \u00e9s nedves talajba kell vetni. Csom\u00f3ba vetve, egyenk\u00e9nt 3-5 mag, t\u00e1maszt\u00e9kokra. Eg\u00e9sz ny\u00e1rra vir\u00e1gz\u00f3 \u00e9s illatos falat k\u00e9sz\u00edthetsz, kis csokrokba szedve.<br \/>\nKiszerel\u00e9s egy csomagban 3 g<br \/>\nMagok sz\u00e1ma grammonk\u00e9nt ~ 10-11<br \/>\nTranszplant\u00e1ci\u00f3 V<br \/>\n\u00dcltet\u00e9si t\u00e1vols\u00e1gok 20 x 30 cm<br \/>\nVir\u00e1gz\u00e1si id\u0151, magass\u00e1g VI\u2013VIII, 100-200 cm<br \/>\nNapos hely Igen<br \/>\nF\u00e9l\u00e1rny\u00e9k Igen<br \/>\nA legkelend\u0151bbek k\u00f6z\u00f6tt Igen<br \/>\nPiros sz\u00edn<br \/>\nTermeszt\u00e9si hely Erk\u00e9ly<br \/>\nGy\u00e1rt\u00f3 \u017dalia stotel\u0117<br \/>\nVeget\u00e1ci\u00f3 Egyny\u00e1ri<br \/>\nAlkalmas hegym\u00e1sz\u00f3 termeszt\u00e9sre, vir\u00e1gos kertekben<br \/>\n\u00c9ghajlat Napos, R\u00e9szleges \u00e1rny\u00e9k<br \/>\nVir\u00e1gz\u00e1si id\u0151szak IV-V<br \/>\nN\u00f6v\u00e9nymagass\u00e1g, cm 100-200 cm<\/p>\n","protected":false},"featured_media":23002,"comment_status":"closed","ping_status":"closed","template":"","meta":[],"product_brand":[],"product_cat":[363],"product_tag":[],"class_list":{"0":"post-23001","1":"product","2":"type-product","3":"status-publish","4":"has-post-thumbnail","6":"product_cat-virag-vetomagok-zalia-stotele","8":"first","9":"instock","10":"taxable","11":"shipping-taxable","12":"purchasable","13":"product-type-simple"},"_links":{"self":[{"href":"https:\/\/chilimag.hu\/webshop\/wp-json\/wp\/v2\/product\/23001","targetHints":{"allow":["GET"]}}],"collection":[{"href":"https:\/\/chilimag.hu\/webshop\/wp-json\/wp\/v2\/product"}],"about":[{"href":"https:\/\/chilimag.hu\/webshop\/wp-json\/wp\/v2\/types\/product"}],"replies":[{"embeddable":true,"href":"https:\/\/chilimag.hu\/webshop\/wp-json\/wp\/v2\/comments?post=23001"}],"wp:featuredmedia":[{"embeddable":true,"href":"https:\/\/chilimag.hu\/webshop\/wp-json\/wp\/v2\/media\/23002"}],"wp:attachment":[{"href":"https:\/\/chilimag.hu\/webshop\/wp-json\/wp\/v2\/media?parent=23001"}],"wp:term":[{"taxonomy":"product_brand","embeddable":true,"href":"https:\/\/chilimag.hu\/webshop\/wp-json\/wp\/v2\/product_brand?post=23001"},{"taxonomy":"product_cat","embeddable":true,"href":"https:\/\/chilimag.hu\/webshop\/wp-json\/wp\/v2\/product_cat?post=23001"},{"taxonomy":"product_tag","embeddable":true,"href":"https:\/\/chilimag.hu\/webshop\/wp-json\/wp\/v2\/product_tag?post=23001"}],"curies":[{"name":"wp","href":"https:\/\/api.w.org\/{rel}","templated":true}]}}