{"id":22987,"date":"2023-03-24T07:55:13","date_gmt":"2023-03-24T07:55:13","guid":{"rendered":"https:\/\/chilimag.hu\/webshop\/?post_type=product&#038;p=22987"},"modified":"2026-04-15T12:44:04","modified_gmt":"2026-04-15T12:44:04","slug":"paprika-dinamo-f1-capsico","status":"publish","type":"product","link":"https:\/\/chilimag.hu\/webshop\/termek\/paprika-dinamo-f1-capsico\/","title":{"rendered":"Paprika Dinamo F1 Capsico"},"content":{"rendered":"","protected":false},"excerpt":{"rendered":"<p><img decoding=\"async\" class=\"sFlh5c FyHeAf iPVvYb\" src=\"https:\/\/c.cdnmp.net\/592978066\/brands\/1000108_logo.png\" alt=\"Capsico - Seminte1\" width=\"148\" height=\"83\" \/><\/p>\n<p><strong>Le\u00edr\u00e1s<\/strong><\/p>\n<p>&nbsp;<\/p>\n<p class=\"p1\">Korai, cs\u00edp\u0151s PCR t\u00edpus, mely szab\u00e1lyos, v\u00e1llas term\u00e9seket nevel, \u00e9s mutat\u00f3s form\u00e1j\u00e1t a termeszt\u00e9s v\u00e9g\u00e9ig megtartja. Bogy\u00f3i vastag h\u00fas\u00faak, horpad\u00e1sra, deform\u00e1l\u00f3d\u00e1sra kev\u00e9sb\u00e9 hajlamosak, sz\u00edn\u00fck kora tavasszal sem t\u00fal s\u00f6t\u00e9t, \u00e9s ny\u00e1ron, szabadf\u00f6ld\u00f6n is megtartj\u00e1k z\u00f6ldes \u00e1rnyalatukat. N\u00f6v\u00e9nye r\u00f6vid \u00edz k\u00f6z\u0171, kis l\u00e9gter\u0171 berendez\u00e9sekben is k\u00f6nnyen termeszthet\u0151, egy- vagy k\u00e9t sz\u00e1las metsz\u00e9ssel is hajtathat\u00f3. Szabadf\u00f6ldre, f\u0171t\u00f6tt \u00e9s hideghajtat\u00e1sra, talajra \u00e9s talaj n\u00e9lk\u00fcli technol\u00f3gi\u00e1kra is javasoljuk.<\/p>\n<p>100 szem \/ csomag<\/p>\n","protected":false},"featured_media":22988,"comment_status":"closed","ping_status":"closed","template":"","meta":[],"product_brand":[],"product_cat":[319],"product_tag":[],"class_list":{"0":"post-22987","1":"product","2":"type-product","3":"status-publish","4":"has-post-thumbnail","6":"product_cat-capsico-vetomagok","8":"first","9":"instock","10":"taxable","11":"shipping-taxable","12":"purchasable","13":"product-type-simple"},"_links":{"self":[{"href":"https:\/\/chilimag.hu\/webshop\/wp-json\/wp\/v2\/product\/22987","targetHints":{"allow":["GET"]}}],"collection":[{"href":"https:\/\/chilimag.hu\/webshop\/wp-json\/wp\/v2\/product"}],"about":[{"href":"https:\/\/chilimag.hu\/webshop\/wp-json\/wp\/v2\/types\/product"}],"replies":[{"embeddable":true,"href":"https:\/\/chilimag.hu\/webshop\/wp-json\/wp\/v2\/comments?post=22987"}],"wp:featuredmedia":[{"embeddable":true,"href":"https:\/\/chilimag.hu\/webshop\/wp-json\/wp\/v2\/media\/22988"}],"wp:attachment":[{"href":"https:\/\/chilimag.hu\/webshop\/wp-json\/wp\/v2\/media?parent=22987"}],"wp:term":[{"taxonomy":"product_brand","embeddable":true,"href":"https:\/\/chilimag.hu\/webshop\/wp-json\/wp\/v2\/product_brand?post=22987"},{"taxonomy":"product_cat","embeddable":true,"href":"https:\/\/chilimag.hu\/webshop\/wp-json\/wp\/v2\/product_cat?post=22987"},{"taxonomy":"product_tag","embeddable":true,"href":"https:\/\/chilimag.hu\/webshop\/wp-json\/wp\/v2\/product_tag?post=22987"}],"curies":[{"name":"wp","href":"https:\/\/api.w.org\/{rel}","templated":true}]}}