{"id":22985,"date":"2023-03-24T07:52:57","date_gmt":"2023-03-24T07:52:57","guid":{"rendered":"https:\/\/chilimag.hu\/webshop\/?post_type=product&#038;p=22985"},"modified":"2026-02-20T13:32:00","modified_gmt":"2026-02-20T13:32:00","slug":"paprika-bronco-capsico","status":"publish","type":"product","link":"https:\/\/chilimag.hu\/webshop\/termek\/paprika-bronco-capsico\/","title":{"rendered":"Paprika Bronco F1 Capsico"},"content":{"rendered":"","protected":false},"excerpt":{"rendered":"<p><img decoding=\"async\" class=\"sFlh5c FyHeAf iPVvYb\" src=\"https:\/\/c.cdnmp.net\/592978066\/brands\/1000108_logo.png\" alt=\"Capsico - Seminte1\" width=\"148\" height=\"83\" \/><\/p>\n<p><strong>Le\u00edr\u00e1s<\/strong><\/p>\n<p>&nbsp;<\/p>\n<p class=\"p1\">Az egyik legnagyobb term\u00e9sm\u00e9ret\u0171 pritamin fajta. Lap\u00edtott form\u00e1j\u00fa, h\u00fasvastags\u00e1ga 7-9 mm k\u00f6z\u00f6tti, term\u00e9ssz\u00edne m\u00e9ly piros, magh\u00e1zpen\u00e9szed\u00e9sre nem hajlamos. Extra er\u0151s, robusztus gy\u00f6k\u00e9rzettel \u00e9s sz\u00e1r rendszerrel rendelkezik, j\u00f3l viseli a sz\u00e9ls\u0151s\u00e9ges id\u0151-j\u00e1r\u00e1st, \u00e9s laz\u00e1bb talaj\u00fa szabadf\u00f6ld\u00f6n is biztons\u00e1ggal termeszthet\u0151. Kiemelked\u0151 lombozata van, mely ny\u00e1ri h\u0151s\u00e9gben megv\u00e9di a term\u00e9seket a nap\u00e9g\u00e9s ellen. Termeszt\u00e9s\u00e9t intenz\u00edv szabadf\u00f6ldi kult\u00far\u00e1ban vagy hidegf\u00f3li\u00e1s hajtat\u00e1sban javasoljuk.<\/p>\n<p>100 szem \/ csomag<\/p>\n","protected":false},"featured_media":22986,"comment_status":"closed","ping_status":"closed","template":"","meta":[],"product_brand":[],"product_cat":[319],"product_tag":[],"class_list":{"0":"post-22985","1":"product","2":"type-product","3":"status-publish","4":"has-post-thumbnail","6":"product_cat-capsico-vetomagok","8":"first","9":"instock","10":"taxable","11":"shipping-taxable","12":"purchasable","13":"product-type-simple"},"_links":{"self":[{"href":"https:\/\/chilimag.hu\/webshop\/wp-json\/wp\/v2\/product\/22985","targetHints":{"allow":["GET"]}}],"collection":[{"href":"https:\/\/chilimag.hu\/webshop\/wp-json\/wp\/v2\/product"}],"about":[{"href":"https:\/\/chilimag.hu\/webshop\/wp-json\/wp\/v2\/types\/product"}],"replies":[{"embeddable":true,"href":"https:\/\/chilimag.hu\/webshop\/wp-json\/wp\/v2\/comments?post=22985"}],"wp:featuredmedia":[{"embeddable":true,"href":"https:\/\/chilimag.hu\/webshop\/wp-json\/wp\/v2\/media\/22986"}],"wp:attachment":[{"href":"https:\/\/chilimag.hu\/webshop\/wp-json\/wp\/v2\/media?parent=22985"}],"wp:term":[{"taxonomy":"product_brand","embeddable":true,"href":"https:\/\/chilimag.hu\/webshop\/wp-json\/wp\/v2\/product_brand?post=22985"},{"taxonomy":"product_cat","embeddable":true,"href":"https:\/\/chilimag.hu\/webshop\/wp-json\/wp\/v2\/product_cat?post=22985"},{"taxonomy":"product_tag","embeddable":true,"href":"https:\/\/chilimag.hu\/webshop\/wp-json\/wp\/v2\/product_tag?post=22985"}],"curies":[{"name":"wp","href":"https:\/\/api.w.org\/{rel}","templated":true}]}}