{"id":22983,"date":"2023-03-24T07:49:37","date_gmt":"2023-03-24T07:49:37","guid":{"rendered":"https:\/\/chilimag.hu\/webshop\/?post_type=product&#038;p=22983"},"modified":"2026-02-17T10:15:33","modified_gmt":"2026-02-17T10:15:33","slug":"havasi-nefelejcs-blue-ball-z-s-sl","status":"publish","type":"product","link":"https:\/\/chilimag.hu\/webshop\/termek\/havasi-nefelejcs-blue-ball-z-s-sl\/","title":{"rendered":"Havasi nefelejcs Blue Ball Z.S SL"},"content":{"rendered":"","protected":false},"excerpt":{"rendered":"<p><img decoding=\"async\" class=\"active-logo\" src=\"https:\/\/b2b.seklos.lt\/themes\/warehouse\/img\/logo_en.png\" alt=\"Agrofirma S\u0117klos, UAB\" width=\"280\" height=\"95\" \/><\/p>\n<p>\u00c9vel\u0151, 10-20 cm magas, kiterjedten \u00e9s b\u0151s\u00e9gesen vir\u00e1gz\u00f3 vir\u00e1gok. A vir\u00e1gok vil\u00e1gosak, kontrasztosak. A legjobban nedves, \u00e1rny\u00e9kos, talajig\u00e9nytelen helyen fejl\u0151dik. A magvak kicsik, a vir\u00e1gz\u00e1s befejezt\u00e9vel az \u00e9rett magokat \u00f6nmaguk vetik el. Alkalmas kosarak, cserepek, erk\u00e9lyes vir\u00e1gtart\u00f3k felakaszt\u00e1s\u00e1ra, v\u00edztestekn\u00e9l. Vir\u00e1gz\u00f3 r\u00e9teken termeszthet\u0151.<br \/>\nMennyis\u00e9g egy csomagban 0,4 g<br \/>\nTranszplant\u00e1ci\u00f3 V<br \/>\nVir\u00e1gz\u00e1si id\u0151, magass\u00e1g V\u2013VI, 10-20 cm<br \/>\nNapos hely Igen<br \/>\n\u00c9vel\u0151 Igen<br \/>\nSz\u00edn K\u00e9k<br \/>\nGy\u00e1rt\u00f3 \u017dalia stotel\u0117<br \/>\nVeget\u00e1ci\u00f3s Bienn\u00e1l\u00e9k<br \/>\nSziklakertekben, vir\u00e1goskertekben termeszthet\u0151<br \/>\n\u00c9ghajlat R\u00e9szleges \u00e1rny\u00e9k<\/p>\n","protected":false},"featured_media":22984,"comment_status":"closed","ping_status":"closed","template":"","meta":[],"product_brand":[],"product_cat":[363],"product_tag":[],"class_list":{"0":"post-22983","1":"product","2":"type-product","3":"status-publish","4":"has-post-thumbnail","6":"product_cat-virag-vetomagok-zalia-stotele","8":"first","9":"instock","10":"taxable","11":"shipping-taxable","12":"purchasable","13":"product-type-simple"},"_links":{"self":[{"href":"https:\/\/chilimag.hu\/webshop\/wp-json\/wp\/v2\/product\/22983","targetHints":{"allow":["GET"]}}],"collection":[{"href":"https:\/\/chilimag.hu\/webshop\/wp-json\/wp\/v2\/product"}],"about":[{"href":"https:\/\/chilimag.hu\/webshop\/wp-json\/wp\/v2\/types\/product"}],"replies":[{"embeddable":true,"href":"https:\/\/chilimag.hu\/webshop\/wp-json\/wp\/v2\/comments?post=22983"}],"wp:featuredmedia":[{"embeddable":true,"href":"https:\/\/chilimag.hu\/webshop\/wp-json\/wp\/v2\/media\/22984"}],"wp:attachment":[{"href":"https:\/\/chilimag.hu\/webshop\/wp-json\/wp\/v2\/media?parent=22983"}],"wp:term":[{"taxonomy":"product_brand","embeddable":true,"href":"https:\/\/chilimag.hu\/webshop\/wp-json\/wp\/v2\/product_brand?post=22983"},{"taxonomy":"product_cat","embeddable":true,"href":"https:\/\/chilimag.hu\/webshop\/wp-json\/wp\/v2\/product_cat?post=22983"},{"taxonomy":"product_tag","embeddable":true,"href":"https:\/\/chilimag.hu\/webshop\/wp-json\/wp\/v2\/product_tag?post=22983"}],"curies":[{"name":"wp","href":"https:\/\/api.w.org\/{rel}","templated":true}]}}