{"id":22977,"date":"2023-03-24T07:42:24","date_gmt":"2023-03-24T07:42:24","guid":{"rendered":"https:\/\/chilimag.hu\/webshop\/?post_type=product&#038;p=22977"},"modified":"2025-08-31T10:12:07","modified_gmt":"2025-08-31T10:12:07","slug":"arvacska-bergwacht-z-s-sl","status":"publish","type":"product","link":"https:\/\/chilimag.hu\/webshop\/termek\/arvacska-bergwacht-z-s-sl\/","title":{"rendered":"\u00c1rv\u00e1cska Bergwacht Z.S SL"},"content":{"rendered":"","protected":false},"excerpt":{"rendered":"<p><img decoding=\"async\" class=\"logo\" src=\"https:\/\/b2b.seklos.lt\/themes\/warehouse\/img\/logo_en.png\" alt=\"Agrofirma S\u0117klos, UAB\" \/><\/p>\n<p>K\u00e9t\u00e9ves vir\u00e1gok. Kora tavasszal \u00e9s k\u00e9s\u0151 \u0151sszel vir\u00e1gzik, amikor m\u00e1s vir\u00e1gok nem. Cser\u00e9pben termesztik, erk\u00e9lyes \u00fcltetv\u00e9nyesek, temet\u0151kbe j\u00f3, vir\u00e1gokat v\u00e1g\u00e1sra haszn\u00e1lnak. A magok +16 \u00b0C-on, s\u00f6t\u00e9tben 14-18 napon bel\u00fcl cs\u00edr\u00e1znak. J\u00faliusi vet\u00e9s eset\u00e9n ugyanazon \u00e9v szeptember\u00e9ben kezdje el a vir\u00e1gz\u00e1st, \u00e9s a fagyokig tart, majd tavasszal vir\u00e1gzik m\u00e1sodszor. Amikor a tavasz meleg \u00e9s sz\u00e1raz, az \u00e1rv\u00e1cska kev\u00e9sb\u00e9 vir\u00e1gzik, a vir\u00e1gok kisebbek.<br \/>\nMennyis\u00e9g egy csomagban 0,3 g<br \/>\nA magok sz\u00e1ma grammonk\u00e9nt ~ 750-820<br \/>\n\u00dcltet\u00e9si t\u00e1vols\u00e1gok 20 x 20 cm<br \/>\nVir\u00e1gz\u00e1si id\u0151, magass\u00e1g IX\u2013X, IV\u2013VI, 15 cm<br \/>\nNapos hely Igen<br \/>\nF\u00e9l\u00e1rny\u00e9k Igen<br \/>\nBienn\u00e1l\u00e9 Igen<br \/>\nSz\u00edn K\u00e9k<br \/>\nTermeszt\u00e9si hely Erk\u00e9ly<br \/>\nGy\u00e1rt\u00f3 \u017dalia stotel\u0117<br \/>\nVeget\u00e1ci\u00f3s Bienn\u00e1l\u00e9k<br \/>\nAlkalmas cser\u00e9pben, b\u00f6lcs\u0151ben, vir\u00e1goskertben t\u00f6rt\u00e9n\u0151 termeszt\u00e9sre<br \/>\n\u00c9ghajlat R\u00e9szleges \u00e1rny\u00e9k, napos<br \/>\nVir\u00e1gz\u00e1s VI-VIII<br \/>\nN\u00f6v\u00e9ny magass\u00e1ga, cm 15 cm<\/p>\n","protected":false},"featured_media":22978,"comment_status":"closed","ping_status":"closed","template":"","meta":[],"product_brand":[],"product_cat":[363],"product_tag":[],"class_list":{"0":"post-22977","1":"product","2":"type-product","3":"status-publish","4":"has-post-thumbnail","6":"product_cat-virag-vetomagok-zalia-stotele","8":"first","9":"instock","10":"taxable","11":"shipping-taxable","12":"purchasable","13":"product-type-simple"},"_links":{"self":[{"href":"https:\/\/chilimag.hu\/webshop\/wp-json\/wp\/v2\/product\/22977","targetHints":{"allow":["GET"]}}],"collection":[{"href":"https:\/\/chilimag.hu\/webshop\/wp-json\/wp\/v2\/product"}],"about":[{"href":"https:\/\/chilimag.hu\/webshop\/wp-json\/wp\/v2\/types\/product"}],"replies":[{"embeddable":true,"href":"https:\/\/chilimag.hu\/webshop\/wp-json\/wp\/v2\/comments?post=22977"}],"wp:featuredmedia":[{"embeddable":true,"href":"https:\/\/chilimag.hu\/webshop\/wp-json\/wp\/v2\/media\/22978"}],"wp:attachment":[{"href":"https:\/\/chilimag.hu\/webshop\/wp-json\/wp\/v2\/media?parent=22977"}],"wp:term":[{"taxonomy":"product_brand","embeddable":true,"href":"https:\/\/chilimag.hu\/webshop\/wp-json\/wp\/v2\/product_brand?post=22977"},{"taxonomy":"product_cat","embeddable":true,"href":"https:\/\/chilimag.hu\/webshop\/wp-json\/wp\/v2\/product_cat?post=22977"},{"taxonomy":"product_tag","embeddable":true,"href":"https:\/\/chilimag.hu\/webshop\/wp-json\/wp\/v2\/product_tag?post=22977"}],"curies":[{"name":"wp","href":"https:\/\/api.w.org\/{rel}","templated":true}]}}