{"id":22967,"date":"2023-03-24T07:08:48","date_gmt":"2023-03-24T07:08:48","guid":{"rendered":"https:\/\/chilimag.hu\/webshop\/?post_type=product&#038;p=22967"},"modified":"2026-03-07T16:39:16","modified_gmt":"2026-03-07T16:39:16","slug":"kanari-kuszonoveny-z-s-sl","status":"publish","type":"product","link":"https:\/\/chilimag.hu\/webshop\/termek\/kanari-kuszonoveny-z-s-sl\/","title":{"rendered":"Kan\u00e1ri K\u00fasz\u00f3n\u00f6v\u00e9ny Canary Nasturtium  Z.S SL"},"content":{"rendered":"","protected":false},"excerpt":{"rendered":"<p><img decoding=\"async\" class=\"active-logo\" src=\"https:\/\/b2b.seklos.lt\/themes\/warehouse\/img\/logo_en.png\" alt=\"Agrofirma S\u0117klos, UAB\" width=\"280\" height=\"95\" \/><\/p>\n<p>Egyny\u00e1ri sz\u0151l\u0151. F\u00fcgg\u0151leges \u00fcltetv\u00e9nyekre termesztik, 2-4 m-re n\u0151nek, vir\u00e1gai 3-4 cm \u00e1tm\u00e9r\u0151j\u0171ek. B\u0151s\u00e9gesen vir\u00e1gzik j\u00fanius v\u00e9g\u00e9t\u0151l k\u00e9s\u0151 \u0151szig. A nasturtiumok naps\u00fct\u00e9sben \u00e9s vil\u00e1gos \u00e1rny\u00e9kban fejl\u0151dnek a legjobban. V\u00e1lasszon sz\u00e9lt\u0151l v\u00e9dett helyet, naps\u00fct\u00e9sben. Alkalmas \u00fcltetv\u00e9nyre, erk\u00e9lyre, ker\u00edt\u00e9sn\u00e9l, lugasnak is haszn\u00e1lhat\u00f3. Fagy\u00e9rz\u00e9keny.<br \/>\nMennyis\u00e9g egy csomagban 2 g<br \/>\nMagok sz\u00e1ma grammonk\u00e9nt ~ 7-9<br \/>\n\u00dcltet\u00e9si t\u00e1vols\u00e1gok 30 x 30 cm<br \/>\nVir\u00e1gz\u00e1si id\u0151, magass\u00e1g VII\u2013X,200-400 cm<br \/>\nNapos hely Igen<br \/>\nF\u00e9l\u00e1rny\u00e9k Igen<br \/>\nSz\u00edn S\u00e1rga<br \/>\nTermeszt\u00e9si hely Erk\u00e9ly<br \/>\nVet\u00e9sid\u0151 a talajban IV\u2013V<br \/>\nGy\u00e1rt\u00f3 \u017dalia stotel\u0117<br \/>\nVeget\u00e1ci\u00f3 Egyny\u00e1ri<br \/>\nVir\u00e1goskertekben, Alpinariumokban termeszthet\u0151<br \/>\n\u00c9ghajlat Napos, R\u00e9szleges \u00e1rny\u00e9k<br \/>\nVir\u00e1gz\u00e1si id\u0151szak IV-V<br \/>\nN\u00f6v\u00e9nymagass\u00e1g, cm 200-400 cm<\/p>\n","protected":false},"featured_media":22968,"comment_status":"closed","ping_status":"closed","template":"","meta":[],"product_brand":[],"product_cat":[363],"product_tag":[],"class_list":{"0":"post-22967","1":"product","2":"type-product","3":"status-publish","4":"has-post-thumbnail","6":"product_cat-virag-vetomagok-zalia-stotele","8":"first","9":"instock","10":"taxable","11":"shipping-taxable","12":"purchasable","13":"product-type-simple"},"_links":{"self":[{"href":"https:\/\/chilimag.hu\/webshop\/wp-json\/wp\/v2\/product\/22967","targetHints":{"allow":["GET"]}}],"collection":[{"href":"https:\/\/chilimag.hu\/webshop\/wp-json\/wp\/v2\/product"}],"about":[{"href":"https:\/\/chilimag.hu\/webshop\/wp-json\/wp\/v2\/types\/product"}],"replies":[{"embeddable":true,"href":"https:\/\/chilimag.hu\/webshop\/wp-json\/wp\/v2\/comments?post=22967"}],"wp:featuredmedia":[{"embeddable":true,"href":"https:\/\/chilimag.hu\/webshop\/wp-json\/wp\/v2\/media\/22968"}],"wp:attachment":[{"href":"https:\/\/chilimag.hu\/webshop\/wp-json\/wp\/v2\/media?parent=22967"}],"wp:term":[{"taxonomy":"product_brand","embeddable":true,"href":"https:\/\/chilimag.hu\/webshop\/wp-json\/wp\/v2\/product_brand?post=22967"},{"taxonomy":"product_cat","embeddable":true,"href":"https:\/\/chilimag.hu\/webshop\/wp-json\/wp\/v2\/product_cat?post=22967"},{"taxonomy":"product_tag","embeddable":true,"href":"https:\/\/chilimag.hu\/webshop\/wp-json\/wp\/v2\/product_tag?post=22967"}],"curies":[{"name":"wp","href":"https:\/\/api.w.org\/{rel}","templated":true}]}}