{"id":22960,"date":"2023-03-24T06:59:20","date_gmt":"2023-03-24T06:59:20","guid":{"rendered":"https:\/\/chilimag.hu\/webshop\/?post_type=product&#038;p=22960"},"modified":"2026-02-16T14:30:34","modified_gmt":"2026-02-16T14:30:34","slug":"oszirozsa-colour-carped-z-s-sl","status":"publish","type":"product","link":"https:\/\/chilimag.hu\/webshop\/termek\/oszirozsa-colour-carped-z-s-sl\/","title":{"rendered":"\u0150szir\u00f3zsa  Colour Carped  S\u00e1rga Z.S SL"},"content":{"rendered":"","protected":false},"excerpt":{"rendered":"<p><img decoding=\"async\" class=\"active-logo\" src=\"https:\/\/b2b.seklos.lt\/themes\/warehouse\/img\/logo_en.png\" alt=\"Agrofirma S\u0117klos, UAB\" width=\"280\" height=\"95\" \/><\/p>\n<p>Egyny\u00e1ri 25 cm-es vir\u00e1gok. A vir\u00e1gok 8-9 cm \u00e1tm\u00e9r\u0151j\u0171ek, a n\u00f6v\u00e9nyek t\u00f6m\u00f6rek. Term\u00e9keny, v\u00edz- \u00e9s l\u00e9g\u00e1tereszt\u0151, napos talajban fejl\u0151dik a legjobban. Egyny\u00e1ri \u00e1gy\u00e1sokba, erk\u00e9lyekbe, temet\u0151kbe, vir\u00e1gcser\u00e9pbe \u00e9s \u00fcltet\u0151be \u00fcltetik. A vet\u00e9s ut\u00e1n 90 nappal kezdje meg a vir\u00e1gz\u00e1st. A magok +18 \u00b0C-on 7-11 napon bel\u00fcl cs\u00edr\u00e1znak. Okt\u00f3berben vethet\u0151 k\u00f6zvetlen\u00fcl a talajba, majd tavasszal \u00fcltess\u00fck \u00e1t a pal\u00e1nt\u00e1kat a k\u00edv\u00e1nt helyre.<\/p>\n<p>Mennyis\u00e9g egy csomagban 0,5 g<br \/>\nA magok sz\u00e1ma grammonk\u00e9nt ~ 450-480<br \/>\nVir\u00e1gz\u00e1si id\u0151, VI\u2013X magass\u00e1g, 25 cm<br \/>\nTermeszt\u00e9si hely Erk\u00e9ly<br \/>\nGy\u00e1rt\u00f3 \u017dalia stotel\u0117<br \/>\nVir\u00e1gz\u00e1si id\u0151szak III-IV, X<br \/>\nN\u00f6v\u00e9ny magass\u00e1ga, cm 25 cm<\/p>\n","protected":false},"featured_media":22961,"comment_status":"closed","ping_status":"closed","template":"","meta":[],"product_brand":[],"product_cat":[363],"product_tag":[],"class_list":{"0":"post-22960","1":"product","2":"type-product","3":"status-publish","4":"has-post-thumbnail","6":"product_cat-virag-vetomagok-zalia-stotele","8":"first","9":"instock","10":"taxable","11":"shipping-taxable","12":"purchasable","13":"product-type-simple"},"_links":{"self":[{"href":"https:\/\/chilimag.hu\/webshop\/wp-json\/wp\/v2\/product\/22960","targetHints":{"allow":["GET"]}}],"collection":[{"href":"https:\/\/chilimag.hu\/webshop\/wp-json\/wp\/v2\/product"}],"about":[{"href":"https:\/\/chilimag.hu\/webshop\/wp-json\/wp\/v2\/types\/product"}],"replies":[{"embeddable":true,"href":"https:\/\/chilimag.hu\/webshop\/wp-json\/wp\/v2\/comments?post=22960"}],"wp:featuredmedia":[{"embeddable":true,"href":"https:\/\/chilimag.hu\/webshop\/wp-json\/wp\/v2\/media\/22961"}],"wp:attachment":[{"href":"https:\/\/chilimag.hu\/webshop\/wp-json\/wp\/v2\/media?parent=22960"}],"wp:term":[{"taxonomy":"product_brand","embeddable":true,"href":"https:\/\/chilimag.hu\/webshop\/wp-json\/wp\/v2\/product_brand?post=22960"},{"taxonomy":"product_cat","embeddable":true,"href":"https:\/\/chilimag.hu\/webshop\/wp-json\/wp\/v2\/product_cat?post=22960"},{"taxonomy":"product_tag","embeddable":true,"href":"https:\/\/chilimag.hu\/webshop\/wp-json\/wp\/v2\/product_tag?post=22960"}],"curies":[{"name":"wp","href":"https:\/\/api.w.org\/{rel}","templated":true}]}}