{"id":22956,"date":"2023-03-24T06:52:48","date_gmt":"2023-03-24T06:52:48","guid":{"rendered":"https:\/\/chilimag.hu\/webshop\/?post_type=product&#038;p=22956"},"modified":"2026-03-06T18:09:28","modified_gmt":"2026-03-06T18:09:28","slug":"begonia-ostas-z-s-sl","status":"publish","type":"product","link":"https:\/\/chilimag.hu\/webshop\/termek\/begonia-ostas-z-s-sl\/","title":{"rendered":"Beg\u00f3nia OSTA\u0160 Hibrid  Z.S SL"},"content":{"rendered":"","protected":false},"excerpt":{"rendered":"<p><img decoding=\"async\" class=\"active-logo\" src=\"https:\/\/b2b.seklos.lt\/themes\/warehouse\/img\/logo_en.png\" alt=\"Agrofirma S\u0117klos, UAB\" width=\"280\" height=\"95\" \/><\/p>\n<p>Egyny\u00e1ri, 20-25 cm magas vir\u00e1gok. D\u00fasan vir\u00e1gzik a fagyokig. Sz\u00e1raz talajban j\u00f3l fejl\u0151dik, szereti a napos helyeket. A magok 18-22 napon bel\u00fcl cs\u00edr\u00e1znak + 22-24 \u00b0C h\u0151m\u00e9rs\u00e9kleten. \u00dcltet\u0151ben, cser\u00e9pben termesztik.<br \/>\nA magokat szerves \u00e9s \u00e1sv\u00e1nyi m\u0171tr\u00e1gy\u00e1k j\u00f3l tapad\u00f3 kever\u00e9k\u00e9vel vonj\u00e1k be. Cs\u00edr\u00e1z\u00e1skor ne takarjuk be \u0151ket aljzattal, csak enyh\u00e9n nyomjuk bele a talajfelsz\u00ednbe. A magvak cs\u00edr\u00e1ztat\u00e1s\u00e1hoz a talajnak folyamatosan nedvesnek kell lennie.<\/p>\n<p>\u00dcltet\u00e9si t\u00e1vols\u00e1gok 15 x 20 cm<br \/>\nVir\u00e1gz\u00e1si id\u0151, magass\u00e1g VI\u2013IX, 20-25 cm<br \/>\nA pal\u00e1nt\u00e1k vet\u00e9sideje XII\u2013III<br \/>\nGy\u00e1rt\u00f3 \u017dalia stotel\u0117<br \/>\nMagok sz\u00e1ma a csomagban, db. 50<\/p>\n","protected":false},"featured_media":22957,"comment_status":"closed","ping_status":"closed","template":"","meta":[],"product_brand":[],"product_cat":[363],"product_tag":[],"class_list":{"0":"post-22956","1":"product","2":"type-product","3":"status-publish","4":"has-post-thumbnail","6":"product_cat-virag-vetomagok-zalia-stotele","8":"first","9":"instock","10":"taxable","11":"shipping-taxable","12":"purchasable","13":"product-type-simple"},"_links":{"self":[{"href":"https:\/\/chilimag.hu\/webshop\/wp-json\/wp\/v2\/product\/22956","targetHints":{"allow":["GET"]}}],"collection":[{"href":"https:\/\/chilimag.hu\/webshop\/wp-json\/wp\/v2\/product"}],"about":[{"href":"https:\/\/chilimag.hu\/webshop\/wp-json\/wp\/v2\/types\/product"}],"replies":[{"embeddable":true,"href":"https:\/\/chilimag.hu\/webshop\/wp-json\/wp\/v2\/comments?post=22956"}],"wp:featuredmedia":[{"embeddable":true,"href":"https:\/\/chilimag.hu\/webshop\/wp-json\/wp\/v2\/media\/22957"}],"wp:attachment":[{"href":"https:\/\/chilimag.hu\/webshop\/wp-json\/wp\/v2\/media?parent=22956"}],"wp:term":[{"taxonomy":"product_brand","embeddable":true,"href":"https:\/\/chilimag.hu\/webshop\/wp-json\/wp\/v2\/product_brand?post=22956"},{"taxonomy":"product_cat","embeddable":true,"href":"https:\/\/chilimag.hu\/webshop\/wp-json\/wp\/v2\/product_cat?post=22956"},{"taxonomy":"product_tag","embeddable":true,"href":"https:\/\/chilimag.hu\/webshop\/wp-json\/wp\/v2\/product_tag?post=22956"}],"curies":[{"name":"wp","href":"https:\/\/api.w.org\/{rel}","templated":true}]}}