{"id":22952,"date":"2023-03-24T06:36:55","date_gmt":"2023-03-24T06:36:55","guid":{"rendered":"https:\/\/chilimag.hu\/webshop\/?post_type=product&#038;p=22952"},"modified":"2025-11-03T20:44:30","modified_gmt":"2025-11-03T20:44:30","slug":"szemermes-mimoza-z-s-sl","status":"publish","type":"product","link":"https:\/\/chilimag.hu\/webshop\/termek\/szemermes-mimoza-z-s-sl\/","title":{"rendered":"Szem\u00e9rmes mim\u00f3za  Z.S SL"},"content":{"rendered":"","protected":false},"excerpt":{"rendered":"<p><img decoding=\"async\" class=\"active-logo\" src=\"https:\/\/b2b.seklos.lt\/themes\/warehouse\/img\/logo_en.png\" alt=\"Agrofirma S\u0117klos, UAB\" width=\"280\" height=\"95\" \/><\/p>\n<p>\u00c9vel\u0151, t\u00f6bbnyire egyny\u00e1ri vir\u00e1gk\u00e9nt termesztve, 30 cm magas, d\u00edszlev\u00e9llel. A mim\u00f3za levelei befel\u00e9 hajlanak \u00e9s a legkisebb rezg\u00e9st\u0151l vagy hangt\u00f3l leesnek. T\u00e9li kertekben, szob\u00e1kban termesztik, cserepes n\u00f6v\u00e9nyk\u00e9nt. Szereti a meleget \u00e9s a p\u00e1ratartalmat. Ha szabadban termesztik, v\u00e1lasszon k\u00f6zvetlen napf\u00e9nyt\u0151l v\u00e9dett helyet. Belt\u00e9ri termeszt\u00e9s eset\u00e9n a legjobb hely &#8211; a keleti \u00e9s nyugati ablakp\u00e1rk\u00e1nyon &#8211; a mim\u00f3za nem szereti a nagyon er\u0151s naps\u00fct\u00e9st.<br \/>\nMagass\u00e1g 30 cm<br \/>\nMennyis\u00e9g egy csomagban 0,3 g<br \/>\nA magok sz\u00e1ma grammonk\u00e9nt ~ 160-180<br \/>\nVir\u00e1gz\u00e1si id\u0151, magass\u00e1g I-XII, 30 cm<br \/>\nNapos hely Igen<br \/>\n\u00c9vel\u0151 Igen<br \/>\nSz\u00edn Rausva<br \/>\nTermeszt\u00e9si hely Erk\u00e9ly<br \/>\nGy\u00e1rt\u00f3 \u017dalia stotel\u0117<br \/>\nVeget\u00e1ci\u00f3 \u00e9vel\u0151<br \/>\nSzob\u00e1kban, vir\u00e1goskertekben termeszthet\u0151<br \/>\n\u00c9ghajlat R\u00e9szleges \u00e1rny\u00e9k<br \/>\nVir\u00e1gz\u00e1si id\u0151szak II-IV<br \/>\nN\u00f6v\u00e9ny magass\u00e1ga, cm 35 cm<\/p>\n","protected":false},"featured_media":32783,"comment_status":"closed","ping_status":"closed","template":"","meta":[],"product_brand":[],"product_cat":[363],"product_tag":[],"class_list":{"0":"post-22952","1":"product","2":"type-product","3":"status-publish","4":"has-post-thumbnail","6":"product_cat-virag-vetomagok-zalia-stotele","8":"first","9":"instock","10":"taxable","11":"shipping-taxable","12":"purchasable","13":"product-type-simple"},"_links":{"self":[{"href":"https:\/\/chilimag.hu\/webshop\/wp-json\/wp\/v2\/product\/22952","targetHints":{"allow":["GET"]}}],"collection":[{"href":"https:\/\/chilimag.hu\/webshop\/wp-json\/wp\/v2\/product"}],"about":[{"href":"https:\/\/chilimag.hu\/webshop\/wp-json\/wp\/v2\/types\/product"}],"replies":[{"embeddable":true,"href":"https:\/\/chilimag.hu\/webshop\/wp-json\/wp\/v2\/comments?post=22952"}],"wp:featuredmedia":[{"embeddable":true,"href":"https:\/\/chilimag.hu\/webshop\/wp-json\/wp\/v2\/media\/32783"}],"wp:attachment":[{"href":"https:\/\/chilimag.hu\/webshop\/wp-json\/wp\/v2\/media?parent=22952"}],"wp:term":[{"taxonomy":"product_brand","embeddable":true,"href":"https:\/\/chilimag.hu\/webshop\/wp-json\/wp\/v2\/product_brand?post=22952"},{"taxonomy":"product_cat","embeddable":true,"href":"https:\/\/chilimag.hu\/webshop\/wp-json\/wp\/v2\/product_cat?post=22952"},{"taxonomy":"product_tag","embeddable":true,"href":"https:\/\/chilimag.hu\/webshop\/wp-json\/wp\/v2\/product_tag?post=22952"}],"curies":[{"name":"wp","href":"https:\/\/api.w.org\/{rel}","templated":true}]}}