{"id":22946,"date":"2023-03-24T06:25:08","date_gmt":"2023-03-24T06:25:08","guid":{"rendered":"https:\/\/chilimag.hu\/webshop\/?post_type=product&#038;p=22946"},"modified":"2026-03-19T04:38:30","modified_gmt":"2026-03-19T04:38:30","slug":"lobelia-blue-carpet-z-s-sl","status":"publish","type":"product","link":"https:\/\/chilimag.hu\/webshop\/termek\/lobelia-blue-carpet-z-s-sl\/","title":{"rendered":"Lob\u00e9lia Blue Carpet SL AGR"},"content":{"rendered":"","protected":false},"excerpt":{"rendered":"<p><img decoding=\"async\" class=\"active-logo\" src=\"https:\/\/b2b.seklos.lt\/themes\/warehouse\/img\/logo_en.png\" alt=\"Agrofirma S\u0117klos, UAB\" width=\"280\" height=\"95\" \/><\/p>\n<p>Egyny\u00e1ri, 30 cm-es lefut\u00f3 vir\u00e1gok. A vir\u00e1gok kicsik, f\u00e9nyesek. Erk\u00e9lyt\u00e1lc\u00e1khoz \u00e9s vir\u00e1gkosarakhoz alkalmas. J\u00f3l fejl\u0151dik nedves, homokos v\u00e1lyog talajban. A magokat nem szabad talajjal befedni, vet\u00e9s ut\u00e1n 14-16 napon bel\u00fcl kics\u00edr\u00e1znak.<\/p>\n<p>Mennyis\u00e9g egy csomagban 0,1 g<br \/>\nMagok sz\u00e1ma grammonk\u00e9nt 30 000<br \/>\nVir\u00e1gz\u00e1si id\u0151, magass\u00e1g VI\u2013IX, 30 cm<br \/>\nVet\u00e9sid\u0151 a talajban III\u2013IV, 0 cm<br \/>\nGy\u00e1rt\u00f3 Agronom<\/p>\n","protected":false},"featured_media":22947,"comment_status":"closed","ping_status":"closed","template":"","meta":[],"product_brand":[],"product_cat":[405],"product_tag":[],"class_list":{"0":"post-22946","1":"product","2":"type-product","3":"status-publish","4":"has-post-thumbnail","6":"product_cat-virag-vetomagok-agronom","8":"first","9":"instock","10":"taxable","11":"shipping-taxable","12":"purchasable","13":"product-type-simple"},"_links":{"self":[{"href":"https:\/\/chilimag.hu\/webshop\/wp-json\/wp\/v2\/product\/22946","targetHints":{"allow":["GET"]}}],"collection":[{"href":"https:\/\/chilimag.hu\/webshop\/wp-json\/wp\/v2\/product"}],"about":[{"href":"https:\/\/chilimag.hu\/webshop\/wp-json\/wp\/v2\/types\/product"}],"replies":[{"embeddable":true,"href":"https:\/\/chilimag.hu\/webshop\/wp-json\/wp\/v2\/comments?post=22946"}],"wp:featuredmedia":[{"embeddable":true,"href":"https:\/\/chilimag.hu\/webshop\/wp-json\/wp\/v2\/media\/22947"}],"wp:attachment":[{"href":"https:\/\/chilimag.hu\/webshop\/wp-json\/wp\/v2\/media?parent=22946"}],"wp:term":[{"taxonomy":"product_brand","embeddable":true,"href":"https:\/\/chilimag.hu\/webshop\/wp-json\/wp\/v2\/product_brand?post=22946"},{"taxonomy":"product_cat","embeddable":true,"href":"https:\/\/chilimag.hu\/webshop\/wp-json\/wp\/v2\/product_cat?post=22946"},{"taxonomy":"product_tag","embeddable":true,"href":"https:\/\/chilimag.hu\/webshop\/wp-json\/wp\/v2\/product_tag?post=22946"}],"curies":[{"name":"wp","href":"https:\/\/api.w.org\/{rel}","templated":true}]}}