{"id":22944,"date":"2023-03-24T06:21:41","date_gmt":"2023-03-24T06:21:41","guid":{"rendered":"https:\/\/chilimag.hu\/webshop\/?post_type=product&#038;p=22944"},"modified":"2026-02-18T19:24:37","modified_gmt":"2026-02-18T19:24:37","slug":"lobelia-red-cascade-z-s-sl","status":"publish","type":"product","link":"https:\/\/chilimag.hu\/webshop\/termek\/lobelia-red-cascade-z-s-sl\/","title":{"rendered":"Lob\u00e9lia Red Cascade Z.S SL"},"content":{"rendered":"","protected":false},"excerpt":{"rendered":"<p><img decoding=\"async\" class=\"active-logo\" src=\"https:\/\/b2b.seklos.lt\/themes\/warehouse\/img\/logo_en.png\" alt=\"Agrofirma S\u0117klos, UAB\" width=\"280\" height=\"95\" \/><\/p>\n<p>Egyny\u00e1ri, nagyon sz\u00e9les k\u00f6rben vir\u00e1gz\u00f3 vir\u00e1gok. Erk\u00e9lyekhez, f\u00fcgg\u0151 kosarakhoz. A vir\u00e1gok \u00e1tm\u00e9r\u0151je 0,5-1,0 cm, sz\u00e1rhossza 30 cm. Magvak \u00e9s nagyon kicsik, nem bor\u00edtj\u00e1k a talajt, csak enyh\u00e9n nyomja be a talaj felsz\u00edn\u00e9be. A bevetett ter\u00fcletnek folyamatosan nedvesnek kell lennie. Cs\u00edr\u00e1z\u00e1s k\u00f6zben takarjuk le, ez seg\u00edt meg\u0151rizni a p\u00e1ratartalmat \u00e9s a meleget, a magvak pedig gyorsabban \u00e9s egyenletesebben cs\u00edr\u00e1znak. A cs\u00edr\u00e1z\u00e1s ut\u00e1n 2 h\u00f3nappal kezdje el a vir\u00e1gz\u00e1st.<br \/>\nMennyis\u00e9g egy csomagban 0,1 g<br \/>\nA magok sz\u00e1ma grammonk\u00e9nt ~ 29000-30000<br \/>\n\u00dcltet\u00e9si t\u00e1vols\u00e1gok 10 x 15 cm<br \/>\nVir\u00e1gz\u00e1si id\u0151, magass\u00e1g VI\u2013IX, 30 cm<br \/>\nNapos hely Igen<br \/>\nF\u00e9l\u00e1rny\u00e9k Igen<br \/>\nPiros sz\u00edn<br \/>\nTermeszt\u00e9si hely Erk\u00e9ly<br \/>\nA pal\u00e1nt\u00e1k vet\u00e9si ideje II-III<br \/>\nGy\u00e1rt\u00f3 \u017dalia stotel\u0117<br \/>\nVeget\u00e1ci\u00f3 Egyny\u00e1ri<br \/>\nVir\u00e1goskertekben, Alpinariumokban termeszthet\u0151<br \/>\n\u00c9ghajlat Napos, R\u00e9szleges \u00e1rny\u00e9k<br \/>\nVir\u00e1gz\u00e1si id\u0151szak II-III<br \/>\nN\u00f6v\u00e9ny magass\u00e1ga, cm 30 cm<\/p>\n","protected":false},"featured_media":22945,"comment_status":"closed","ping_status":"closed","template":"","meta":[],"product_brand":[],"product_cat":[363],"product_tag":[],"class_list":{"0":"post-22944","1":"product","2":"type-product","3":"status-publish","4":"has-post-thumbnail","6":"product_cat-virag-vetomagok-zalia-stotele","8":"first","9":"instock","10":"taxable","11":"shipping-taxable","12":"purchasable","13":"product-type-simple"},"_links":{"self":[{"href":"https:\/\/chilimag.hu\/webshop\/wp-json\/wp\/v2\/product\/22944","targetHints":{"allow":["GET"]}}],"collection":[{"href":"https:\/\/chilimag.hu\/webshop\/wp-json\/wp\/v2\/product"}],"about":[{"href":"https:\/\/chilimag.hu\/webshop\/wp-json\/wp\/v2\/types\/product"}],"replies":[{"embeddable":true,"href":"https:\/\/chilimag.hu\/webshop\/wp-json\/wp\/v2\/comments?post=22944"}],"wp:featuredmedia":[{"embeddable":true,"href":"https:\/\/chilimag.hu\/webshop\/wp-json\/wp\/v2\/media\/22945"}],"wp:attachment":[{"href":"https:\/\/chilimag.hu\/webshop\/wp-json\/wp\/v2\/media?parent=22944"}],"wp:term":[{"taxonomy":"product_brand","embeddable":true,"href":"https:\/\/chilimag.hu\/webshop\/wp-json\/wp\/v2\/product_brand?post=22944"},{"taxonomy":"product_cat","embeddable":true,"href":"https:\/\/chilimag.hu\/webshop\/wp-json\/wp\/v2\/product_cat?post=22944"},{"taxonomy":"product_tag","embeddable":true,"href":"https:\/\/chilimag.hu\/webshop\/wp-json\/wp\/v2\/product_tag?post=22944"}],"curies":[{"name":"wp","href":"https:\/\/api.w.org\/{rel}","templated":true}]}}