{"id":22940,"date":"2023-03-23T20:06:00","date_gmt":"2023-03-23T20:06:00","guid":{"rendered":"https:\/\/chilimag.hu\/webshop\/?post_type=product&#038;p=22940"},"modified":"2025-08-31T17:54:46","modified_gmt":"2025-08-31T17:54:46","slug":"lobelia-riviera-blue-splash-z-s-sl","status":"publish","type":"product","link":"https:\/\/chilimag.hu\/webshop\/termek\/lobelia-riviera-blue-splash-z-s-sl\/","title":{"rendered":"Lob\u00e9lia Riviera Blue Splash Z.S SL"},"content":{"rendered":"","protected":false},"excerpt":{"rendered":"<p><img decoding=\"async\" class=\"active-logo\" src=\"https:\/\/b2b.seklos.lt\/themes\/warehouse\/img\/logo_en.png\" alt=\"Agrofirma S\u0117klos, UAB\" width=\"280\" height=\"95\" \/><\/p>\n<p>Egyny\u00e1ri 10 cm magas vir\u00e1gok. Vir\u00e1gai kicsik, vil\u00e1gosak, k\u00e9tsz\u00edn\u0171ek. Ennek a fajt\u00e1nak a Lobelia 2 h\u00e9ttel kor\u00e1bban kezd vir\u00e1gozni, mint a fajt\u00e1k. Alkalmas erk\u00e9lyekre, t\u00e1lc\u00e1kra, f\u00fcgg\u0151 ed\u00e9nyekre. A cs\u00edr\u00e1z\u00e1s ut\u00e1n 2 h\u00f3nappal vir\u00e1gzik. Hossz\u00fa \u00e9s b\u0151s\u00e9ges vir\u00e1gz\u00e1si id\u0151szak. A magokat pellet\u00e1ljuk (pelletenk\u00e9nt 4-5 mag), azaz szerves \u00e9s \u00e1sv\u00e1nyi m\u0171tr\u00e1gy\u00e1k koh\u00e9zi\u00f3s kever\u00e9k\u00e9vel vonjuk be. A cs\u00edr\u00e1z\u00e1s sor\u00e1n a magokat nem szabad szubsztr\u00e1tummal lefedni, csak enyh\u00e9n belenyomni a talaj felsz\u00edn\u00e9be. A cs\u00edr\u00e1z\u00e1s el\u0151seg\u00edt\u00e9se \u00e9rdek\u00e9ben a talaj felsz\u00edn\u00e9nek folyamatosan nedvesnek kell lennie.<\/p>\n<p>Vir\u00e1gz\u00e1si id\u0151, magass\u00e1g VI\u2013IX, 10 cm<br \/>\nTermeszt\u00e9si hely Erk\u00e9ly<br \/>\nGy\u00e1rt\u00f3 \u017dalia stotel\u0117<br \/>\nVir\u00e1gz\u00e1si id\u0151szak II-III<br \/>\nN\u00f6v\u00e9nymagass\u00e1g, cm 10 cm<\/p>\n","protected":false},"featured_media":22941,"comment_status":"closed","ping_status":"closed","template":"","meta":[],"product_brand":[],"product_cat":[363],"product_tag":[],"class_list":{"0":"post-22940","1":"product","2":"type-product","3":"status-publish","4":"has-post-thumbnail","6":"product_cat-virag-vetomagok-zalia-stotele","8":"first","9":"instock","10":"taxable","11":"shipping-taxable","12":"purchasable","13":"product-type-simple"},"_links":{"self":[{"href":"https:\/\/chilimag.hu\/webshop\/wp-json\/wp\/v2\/product\/22940","targetHints":{"allow":["GET"]}}],"collection":[{"href":"https:\/\/chilimag.hu\/webshop\/wp-json\/wp\/v2\/product"}],"about":[{"href":"https:\/\/chilimag.hu\/webshop\/wp-json\/wp\/v2\/types\/product"}],"replies":[{"embeddable":true,"href":"https:\/\/chilimag.hu\/webshop\/wp-json\/wp\/v2\/comments?post=22940"}],"wp:featuredmedia":[{"embeddable":true,"href":"https:\/\/chilimag.hu\/webshop\/wp-json\/wp\/v2\/media\/22941"}],"wp:attachment":[{"href":"https:\/\/chilimag.hu\/webshop\/wp-json\/wp\/v2\/media?parent=22940"}],"wp:term":[{"taxonomy":"product_brand","embeddable":true,"href":"https:\/\/chilimag.hu\/webshop\/wp-json\/wp\/v2\/product_brand?post=22940"},{"taxonomy":"product_cat","embeddable":true,"href":"https:\/\/chilimag.hu\/webshop\/wp-json\/wp\/v2\/product_cat?post=22940"},{"taxonomy":"product_tag","embeddable":true,"href":"https:\/\/chilimag.hu\/webshop\/wp-json\/wp\/v2\/product_tag?post=22940"}],"curies":[{"name":"wp","href":"https:\/\/api.w.org\/{rel}","templated":true}]}}