{"id":22936,"date":"2023-03-23T20:01:52","date_gmt":"2023-03-23T20:01:52","guid":{"rendered":"https:\/\/chilimag.hu\/webshop\/?post_type=product&#038;p=22936"},"modified":"2026-02-17T10:15:34","modified_gmt":"2026-02-17T10:15:34","slug":"lobelia-crystal-palace-z-s-sl","status":"publish","type":"product","link":"https:\/\/chilimag.hu\/webshop\/termek\/lobelia-crystal-palace-z-s-sl\/","title":{"rendered":"Lob\u00e9lia Crystal Palace Z.S SL"},"content":{"rendered":"","protected":false},"excerpt":{"rendered":"<p><img decoding=\"async\" class=\"active-logo\" src=\"https:\/\/b2b.seklos.lt\/themes\/warehouse\/img\/logo_en.png\" alt=\"Agrofirma S\u0117klos, UAB\" width=\"280\" height=\"95\" \/><\/p>\n<p>Egyny\u00e1ri 10 cm-es vir\u00e1gok. A vir\u00e1gok kicsik, f\u00e9nyesek. Erk\u00e9lyekhez, vir\u00e1gtart\u00f3khoz, f\u00fcgg\u0151 kosarakhoz. A cs\u00edr\u00e1z\u00e1s ut\u00e1n 2 h\u00f3nappal kezdje el vir\u00e1gozni, \u00e9s hosszabb ideig b\u0151s\u00e9gesen vir\u00e1gzik. A magvak \u00e9s nagyon kicsik, vet\u00e9s ut\u00e1n nem takarj\u00e1k be a talajt, 14-16 napon bel\u00fcl cs\u00edr\u00e1znak. A bevetett ter\u00fcletnek folyamatosan nedvesnek kell lennie. Cs\u00edr\u00e1z\u00e1s k\u00f6zben takarjuk le, ez seg\u00edt meg\u0151rizni a p\u00e1ratartalmat \u00e9s a meleget, a magvak pedig gyorsabban \u00e9s egyenletesebben cs\u00edr\u00e1znak.<br \/>\nMennyis\u00e9g egy csomagban 0,1 g<br \/>\nA magok sz\u00e1ma grammonk\u00e9nt ~ 29000-30000<br \/>\nTranszplant\u00e1ci\u00f3 V, 10-15 cm<br \/>\n\u00dcltet\u00e9si t\u00e1vols\u00e1gok VI\u2013IX, 10 cm<br \/>\nVir\u00e1gz\u00e1si id\u0151, magass\u00e1g VI\u2013IX, 10 cm<br \/>\nNapos hely Igen<br \/>\nF\u00e9l\u00e1rny\u00e9k Igen<br \/>\nA legkelend\u0151bbek k\u00f6z\u00f6tt Igen<br \/>\nSz\u00edn K\u00e9k<br \/>\nTermeszt\u00e9si hely Erk\u00e9ly<br \/>\nGy\u00e1rt\u00f3 \u017dalia stotel\u0117<br \/>\nVeget\u00e1ci\u00f3 Egyny\u00e1ri<br \/>\nAlkalmas vir\u00e1gos kertekben, cser\u00e9pben, b\u00f6lcs\u0151ben termeszthet\u0151<br \/>\n\u00c9ghajlat R\u00e9szleges \u00e1rny\u00e9k, napos<br \/>\nVir\u00e1gz\u00e1si id\u0151szak II-III<br \/>\nN\u00f6v\u00e9nymagass\u00e1g, cm 10 cm<\/p>\n","protected":false},"featured_media":22937,"comment_status":"closed","ping_status":"closed","template":"","meta":[],"product_brand":[],"product_cat":[363],"product_tag":[],"class_list":{"0":"post-22936","1":"product","2":"type-product","3":"status-publish","4":"has-post-thumbnail","6":"product_cat-virag-vetomagok-zalia-stotele","8":"first","9":"instock","10":"taxable","11":"shipping-taxable","12":"purchasable","13":"product-type-simple"},"_links":{"self":[{"href":"https:\/\/chilimag.hu\/webshop\/wp-json\/wp\/v2\/product\/22936","targetHints":{"allow":["GET"]}}],"collection":[{"href":"https:\/\/chilimag.hu\/webshop\/wp-json\/wp\/v2\/product"}],"about":[{"href":"https:\/\/chilimag.hu\/webshop\/wp-json\/wp\/v2\/types\/product"}],"replies":[{"embeddable":true,"href":"https:\/\/chilimag.hu\/webshop\/wp-json\/wp\/v2\/comments?post=22936"}],"wp:featuredmedia":[{"embeddable":true,"href":"https:\/\/chilimag.hu\/webshop\/wp-json\/wp\/v2\/media\/22937"}],"wp:attachment":[{"href":"https:\/\/chilimag.hu\/webshop\/wp-json\/wp\/v2\/media?parent=22936"}],"wp:term":[{"taxonomy":"product_brand","embeddable":true,"href":"https:\/\/chilimag.hu\/webshop\/wp-json\/wp\/v2\/product_brand?post=22936"},{"taxonomy":"product_cat","embeddable":true,"href":"https:\/\/chilimag.hu\/webshop\/wp-json\/wp\/v2\/product_cat?post=22936"},{"taxonomy":"product_tag","embeddable":true,"href":"https:\/\/chilimag.hu\/webshop\/wp-json\/wp\/v2\/product_tag?post=22936"}],"curies":[{"name":"wp","href":"https:\/\/api.w.org\/{rel}","templated":true}]}}