{"id":22934,"date":"2023-03-23T19:59:30","date_gmt":"2023-03-23T19:59:30","guid":{"rendered":"https:\/\/chilimag.hu\/webshop\/?post_type=product&#038;p=22934"},"modified":"2026-01-26T21:48:11","modified_gmt":"2026-01-26T21:48:11","slug":"nyari-viola-bush-exa-z-s-sl","status":"publish","type":"product","link":"https:\/\/chilimag.hu\/webshop\/termek\/nyari-viola-bush-exa-z-s-sl\/","title":{"rendered":"Ny\u00e1ri Viola Bush Exa Z.S SL"},"content":{"rendered":"","protected":false},"excerpt":{"rendered":"<p><img decoding=\"async\" class=\"active-logo\" src=\"https:\/\/b2b.seklos.lt\/themes\/warehouse\/img\/logo_en.png\" alt=\"Agrofirma S\u0117klos, UAB\" width=\"280\" height=\"95\" \/><\/p>\n<p>Egyny\u00e1ri, 40 cm magas, k\u00f6nnyen termeszthet\u0151 vir\u00e1gok. A kellemesen illatos vir\u00e1gok gy\u00f6ny\u00f6r\u0171en mutatnak a ny\u00e1ri vir\u00e1goskertekben vagy cser\u00e9pben. Ny\u00e1ri csokrok v\u00e1g\u00e1s\u00e1ra alkalmas. A korai vir\u00e1gz\u00e1s \u00e9rdek\u00e9ben a pal\u00e1nt\u00e1kat szabadba kell \u00fcltetni. J\u00f3l n\u00f6vekszik a term\u00e9keny talajban. Hossz\u00fa asz\u00e1lyos id\u0151szakok eset\u00e9n \u00f6nt\u00f6zni kell. \u00c1sv\u00e1nyi m\u0171tr\u00e1gy\u00e1k haszn\u00e1lata javasolt.<br \/>\nC \u00e1rcsoport<br \/>\nMennyis\u00e9g egy csomagban 0,4 g<br \/>\nA magok sz\u00e1ma grammonk\u00e9nt ~ 600<br \/>\n\u00dcltet\u00e9si t\u00e1vols\u00e1gok V, 20&#215;20 cm<br \/>\nVir\u00e1gz\u00e1si id\u0151, magass\u00e1g VI-VIII, 40 cm<br \/>\nNapos hely Igen<br \/>\nSz\u00edn Sz\u00ednek kever\u00e9ke<br \/>\nGy\u00e1rt\u00f3 \u017dalia stotel\u0117<br \/>\nVeget\u00e1ci\u00f3 Egyny\u00e1ri<br \/>\nVir\u00e1goskertekben termeszthet\u0151<br \/>\n\u00c9ghajlat R\u00e9szleges \u00e1rny\u00e9k, napos<br \/>\nVir\u00e1gz\u00e1si id\u0151szak III-V<br \/>\nN\u00f6v\u00e9nymagass\u00e1g, cm 40 cm<\/p>\n","protected":false},"featured_media":22935,"comment_status":"closed","ping_status":"closed","template":"","meta":[],"product_brand":[],"product_cat":[363],"product_tag":[],"class_list":{"0":"post-22934","1":"product","2":"type-product","3":"status-publish","4":"has-post-thumbnail","6":"product_cat-virag-vetomagok-zalia-stotele","8":"first","9":"instock","10":"taxable","11":"shipping-taxable","12":"purchasable","13":"product-type-simple"},"_links":{"self":[{"href":"https:\/\/chilimag.hu\/webshop\/wp-json\/wp\/v2\/product\/22934","targetHints":{"allow":["GET"]}}],"collection":[{"href":"https:\/\/chilimag.hu\/webshop\/wp-json\/wp\/v2\/product"}],"about":[{"href":"https:\/\/chilimag.hu\/webshop\/wp-json\/wp\/v2\/types\/product"}],"replies":[{"embeddable":true,"href":"https:\/\/chilimag.hu\/webshop\/wp-json\/wp\/v2\/comments?post=22934"}],"wp:featuredmedia":[{"embeddable":true,"href":"https:\/\/chilimag.hu\/webshop\/wp-json\/wp\/v2\/media\/22935"}],"wp:attachment":[{"href":"https:\/\/chilimag.hu\/webshop\/wp-json\/wp\/v2\/media?parent=22934"}],"wp:term":[{"taxonomy":"product_brand","embeddable":true,"href":"https:\/\/chilimag.hu\/webshop\/wp-json\/wp\/v2\/product_brand?post=22934"},{"taxonomy":"product_cat","embeddable":true,"href":"https:\/\/chilimag.hu\/webshop\/wp-json\/wp\/v2\/product_cat?post=22934"},{"taxonomy":"product_tag","embeddable":true,"href":"https:\/\/chilimag.hu\/webshop\/wp-json\/wp\/v2\/product_tag?post=22934"}],"curies":[{"name":"wp","href":"https:\/\/api.w.org\/{rel}","templated":true}]}}