{"id":22930,"date":"2023-03-23T19:53:58","date_gmt":"2023-03-23T19:53:58","guid":{"rendered":"https:\/\/chilimag.hu\/webshop\/?post_type=product&#038;p=22930"},"modified":"2026-04-01T08:06:07","modified_gmt":"2026-04-01T08:06:07","slug":"esti-viola-rose-z-s-sl","status":"publish","type":"product","link":"https:\/\/chilimag.hu\/webshop\/termek\/esti-viola-rose-z-s-sl\/","title":{"rendered":"Esti viola Rose Estike Z.S SL"},"content":{"rendered":"","protected":false},"excerpt":{"rendered":"<p><img decoding=\"async\" class=\"active-logo\" src=\"https:\/\/b2b.seklos.lt\/themes\/warehouse\/img\/logo_en.png\" alt=\"Agrofirma S\u0117klos, UAB\" width=\"280\" height=\"95\" \/><\/p>\n<p>Egyny\u00e1ri, 50 cm magas, k\u00f6nnyen termeszthet\u0151. A vir\u00e1gok kicsik, 1,5 cm \u00e1tm\u00e9r\u0151j\u0171ek, kellemes illat\u00faak. A vir\u00e1gok felh\u0151s napokon ny\u00edlnak, este, reggel \u00e9s este. 20-30 napig vir\u00e1gzik, t\u00f6bbsz\u00f6r kell vetni, hogy eg\u00e9sz ny\u00e1ron meglegyen, \u0151sszel is vethet\u0151, k\u00f6zvetlen\u00fcl a talajba. Vir\u00e1g\u00e1gy\u00e1sokban, vir\u00e1goskertekben, erk\u00e9ly\u00fcltetv\u00e9nyekben termesztik, \u00f6sv\u00e9nyszeg\u00e9lyen, ablak alatt. Fagy\u00e1ll\u00f3.<br \/>\nEgy csomagban l\u00e9v\u0151 mennyis\u00e9g 1 g<br \/>\nA magok sz\u00e1ma grammonk\u00e9nt ~ 1200<br \/>\nTranszplant\u00e1ci\u00f3 V<br \/>\n\u00dcltet\u00e9si t\u00e1vols\u00e1gok 10 x 10 cm<br \/>\nVir\u00e1gz\u00e1si id\u0151, magass\u00e1g VI\u2013X, 50 cm<br \/>\nNapos hely Igen<br \/>\nF\u00e9l\u00e1rny\u00e9k Igen<br \/>\nA legkelend\u0151bbek k\u00f6z\u00f6tt Igen<br \/>\nSz\u00edn Rausva<br \/>\nGy\u00e1rt\u00f3 \u017dalia stotel\u0117<br \/>\nVeget\u00e1ci\u00f3 Egyny\u00e1ri<br \/>\nAlkalmas b\u00f6lcs\u0151ben, vir\u00e1goskertben, cser\u00e9pben termeszt\u00e9sre<br \/>\n\u00c9ghajlat Napos, R\u00e9szleges \u00e1rny\u00e9k<br \/>\nVir\u00e1gz\u00e1si id\u0151szak IV-VI, X<br \/>\nN\u00f6v\u00e9ny magass\u00e1ga, cm 50 cm<\/p>\n","protected":false},"featured_media":22931,"comment_status":"closed","ping_status":"closed","template":"","meta":[],"product_brand":[],"product_cat":[363],"product_tag":[],"class_list":{"0":"post-22930","1":"product","2":"type-product","3":"status-publish","4":"has-post-thumbnail","6":"product_cat-virag-vetomagok-zalia-stotele","8":"first","9":"instock","10":"taxable","11":"shipping-taxable","12":"purchasable","13":"product-type-simple"},"_links":{"self":[{"href":"https:\/\/chilimag.hu\/webshop\/wp-json\/wp\/v2\/product\/22930","targetHints":{"allow":["GET"]}}],"collection":[{"href":"https:\/\/chilimag.hu\/webshop\/wp-json\/wp\/v2\/product"}],"about":[{"href":"https:\/\/chilimag.hu\/webshop\/wp-json\/wp\/v2\/types\/product"}],"replies":[{"embeddable":true,"href":"https:\/\/chilimag.hu\/webshop\/wp-json\/wp\/v2\/comments?post=22930"}],"wp:featuredmedia":[{"embeddable":true,"href":"https:\/\/chilimag.hu\/webshop\/wp-json\/wp\/v2\/media\/22931"}],"wp:attachment":[{"href":"https:\/\/chilimag.hu\/webshop\/wp-json\/wp\/v2\/media?parent=22930"}],"wp:term":[{"taxonomy":"product_brand","embeddable":true,"href":"https:\/\/chilimag.hu\/webshop\/wp-json\/wp\/v2\/product_brand?post=22930"},{"taxonomy":"product_cat","embeddable":true,"href":"https:\/\/chilimag.hu\/webshop\/wp-json\/wp\/v2\/product_cat?post=22930"},{"taxonomy":"product_tag","embeddable":true,"href":"https:\/\/chilimag.hu\/webshop\/wp-json\/wp\/v2\/product_tag?post=22930"}],"curies":[{"name":"wp","href":"https:\/\/api.w.org\/{rel}","templated":true}]}}