{"id":22928,"date":"2023-03-23T19:50:56","date_gmt":"2023-03-23T19:50:56","guid":{"rendered":"https:\/\/chilimag.hu\/webshop\/?post_type=product&#038;p=22928"},"modified":"2026-03-20T00:33:59","modified_gmt":"2026-03-20T00:33:59","slug":"mezvirag-snowcloth-sl-agr","status":"publish","type":"product","link":"https:\/\/chilimag.hu\/webshop\/termek\/mezvirag-snowcloth-sl-agr\/","title":{"rendered":"M\u00e9zvir\u00e1g Snowcloth SL AGR"},"content":{"rendered":"","protected":false},"excerpt":{"rendered":"<p><img decoding=\"async\" class=\"active-logo\" src=\"https:\/\/b2b.seklos.lt\/themes\/warehouse\/img\/logo_en.png\" alt=\"Agrofirma S\u0117klos, UAB\" width=\"280\" height=\"95\" \/><\/p>\n<p>Egyny\u00e1ri, k\u00f6nnyen termeszthet\u0151 sz\u0151nyegvir\u00e1g. \u00dcltet\u0151ben, vir\u00e1goskertben, temet\u0151ben \u00e9s erk\u00e9lyen termesztik. Nekt\u00e1rtartalm\u00fa. A vir\u00e1gok kicsik, kellemes illat\u00faak. K\u00f6nny\u0171 talajban fejl\u0151dik a legjobban. Fagy\u00e1ll\u00f3.<\/p>\n<p>Mennyis\u00e9g egy csomagban 0,5 g<br \/>\nMagok sz\u00e1ma grammonk\u00e9nt 2500<br \/>\nVir\u00e1gz\u00e1si id\u0151, VI\u2013X magass\u00e1g, 12 cm<br \/>\nF\u00e9l\u00e1rny\u00e9k Igen<br \/>\nGy\u00e1rt\u00f3 Agronom<\/p>\n","protected":false},"featured_media":22929,"comment_status":"closed","ping_status":"closed","template":"","meta":[],"product_brand":[],"product_cat":[405],"product_tag":[],"class_list":{"0":"post-22928","1":"product","2":"type-product","3":"status-publish","4":"has-post-thumbnail","6":"product_cat-virag-vetomagok-agronom","8":"first","9":"instock","10":"taxable","11":"shipping-taxable","12":"purchasable","13":"product-type-simple"},"_links":{"self":[{"href":"https:\/\/chilimag.hu\/webshop\/wp-json\/wp\/v2\/product\/22928","targetHints":{"allow":["GET"]}}],"collection":[{"href":"https:\/\/chilimag.hu\/webshop\/wp-json\/wp\/v2\/product"}],"about":[{"href":"https:\/\/chilimag.hu\/webshop\/wp-json\/wp\/v2\/types\/product"}],"replies":[{"embeddable":true,"href":"https:\/\/chilimag.hu\/webshop\/wp-json\/wp\/v2\/comments?post=22928"}],"wp:featuredmedia":[{"embeddable":true,"href":"https:\/\/chilimag.hu\/webshop\/wp-json\/wp\/v2\/media\/22929"}],"wp:attachment":[{"href":"https:\/\/chilimag.hu\/webshop\/wp-json\/wp\/v2\/media?parent=22928"}],"wp:term":[{"taxonomy":"product_brand","embeddable":true,"href":"https:\/\/chilimag.hu\/webshop\/wp-json\/wp\/v2\/product_brand?post=22928"},{"taxonomy":"product_cat","embeddable":true,"href":"https:\/\/chilimag.hu\/webshop\/wp-json\/wp\/v2\/product_cat?post=22928"},{"taxonomy":"product_tag","embeddable":true,"href":"https:\/\/chilimag.hu\/webshop\/wp-json\/wp\/v2\/product_tag?post=22928"}],"curies":[{"name":"wp","href":"https:\/\/api.w.org\/{rel}","templated":true}]}}