{"id":22924,"date":"2023-03-23T19:44:16","date_gmt":"2023-03-23T19:44:16","guid":{"rendered":"https:\/\/chilimag.hu\/webshop\/?post_type=product&#038;p=22924"},"modified":"2026-02-17T10:15:33","modified_gmt":"2026-02-17T10:15:33","slug":"hegyi-ternye-z-s-sl","status":"publish","type":"product","link":"https:\/\/chilimag.hu\/webshop\/termek\/hegyi-ternye-z-s-sl\/","title":{"rendered":"Hegyi ternye Kalniniai Laineniai Z.S SL"},"content":{"rendered":"","protected":false},"excerpt":{"rendered":"<p><img decoding=\"async\" class=\"active-logo\" src=\"https:\/\/b2b.seklos.lt\/themes\/warehouse\/img\/logo_en.png\" alt=\"Agrofirma S\u0117klos, UAB\" width=\"280\" height=\"95\" \/><\/p>\n<p>\u00c9vel\u0151 vir\u00e1gok sz\u0151nyegez\u00e9se. A vir\u00e1gok kicsik, m\u00e1just\u00f3l b\u0151s\u00e9gesen vir\u00e1goznak. 20 cm magasra n\u0151, a sz\u00e1rak a talajon haladnak, csom\u00f3kat k\u00e9pezve. Legjobban napos helyen, szeg\u00e9nyes homokos v\u00e1lyogban n\u0151, sz\u00e1razs\u00e1gt\u0171r\u0151. J\u00f3 szeg\u00e9lyekhez, vir\u00e1goskertekhez, sziklakertekhez, vir\u00e1goskertekhez, domboldalakhoz, k\u0151falakhoz. 3 \u00e9vig n\u0151het ugyanazon a helyen. T\u00e9len nem ig\u00e9nyel burkolatot.<br \/>\nC \u00e1rcsoport<br \/>\nMennyis\u00e9g egy csomagban 0,5 g<br \/>\n\u00dcltet\u00e9si t\u00e1vols\u00e1gok 30&#215;60 cm<br \/>\nVir\u00e1gz\u00e1si id\u0151, magass\u00e1g V\u2013VI, 20 cm<br \/>\nNapos hely Igen<br \/>\n\u00c9vel\u0151 Igen<br \/>\nSz\u00edn S\u00e1rga<br \/>\nGy\u00e1rt\u00f3 \u017dalia stotel\u0117<br \/>\nVeget\u00e1ci\u00f3 \u00e9vel\u0151<br \/>\nSziklakertekben, vir\u00e1goskertekben termeszthet\u0151<br \/>\nNapos \u00e9ghajlat<\/p>\n","protected":false},"featured_media":22925,"comment_status":"closed","ping_status":"closed","template":"","meta":[],"product_brand":[],"product_cat":[363],"product_tag":[],"class_list":{"0":"post-22924","1":"product","2":"type-product","3":"status-publish","4":"has-post-thumbnail","6":"product_cat-virag-vetomagok-zalia-stotele","8":"first","9":"instock","10":"taxable","11":"shipping-taxable","12":"purchasable","13":"product-type-simple"},"_links":{"self":[{"href":"https:\/\/chilimag.hu\/webshop\/wp-json\/wp\/v2\/product\/22924","targetHints":{"allow":["GET"]}}],"collection":[{"href":"https:\/\/chilimag.hu\/webshop\/wp-json\/wp\/v2\/product"}],"about":[{"href":"https:\/\/chilimag.hu\/webshop\/wp-json\/wp\/v2\/types\/product"}],"replies":[{"embeddable":true,"href":"https:\/\/chilimag.hu\/webshop\/wp-json\/wp\/v2\/comments?post=22924"}],"wp:featuredmedia":[{"embeddable":true,"href":"https:\/\/chilimag.hu\/webshop\/wp-json\/wp\/v2\/media\/22925"}],"wp:attachment":[{"href":"https:\/\/chilimag.hu\/webshop\/wp-json\/wp\/v2\/media?parent=22924"}],"wp:term":[{"taxonomy":"product_brand","embeddable":true,"href":"https:\/\/chilimag.hu\/webshop\/wp-json\/wp\/v2\/product_brand?post=22924"},{"taxonomy":"product_cat","embeddable":true,"href":"https:\/\/chilimag.hu\/webshop\/wp-json\/wp\/v2\/product_cat?post=22924"},{"taxonomy":"product_tag","embeddable":true,"href":"https:\/\/chilimag.hu\/webshop\/wp-json\/wp\/v2\/product_tag?post=22924"}],"curies":[{"name":"wp","href":"https:\/\/api.w.org\/{rel}","templated":true}]}}