{"id":22915,"date":"2023-03-23T19:17:20","date_gmt":"2023-03-23T19:17:20","guid":{"rendered":"https:\/\/chilimag.hu\/webshop\/?post_type=product&#038;p=22915"},"modified":"2026-03-13T12:39:52","modified_gmt":"2026-03-13T12:39:52","slug":"pillangovirag-z-s-sl","status":"publish","type":"product","link":"https:\/\/chilimag.hu\/webshop\/termek\/pillangovirag-z-s-sl\/","title":{"rendered":"Pillang\u00f3vir\u00e1g  Sea Shells Z.S SL"},"content":{"rendered":"","protected":false},"excerpt":{"rendered":"<p><img decoding=\"async\" class=\"active-logo\" src=\"https:\/\/b2b.seklos.lt\/themes\/warehouse\/img\/logo_en.png\" alt=\"Agrofirma S\u0117klos, UAB\" width=\"280\" height=\"95\" \/><\/p>\n<p>Egyny\u00e1ri vir\u00e1g 120 cm magas. Vir\u00e1goskertekben, cser\u00e9pben termesztik. V\u00e1g\u00e1sra kiv\u00e1l\u00f3. K\u00f6nnyen termeszthet\u0151 n\u00f6v\u00e9nyek, amelyek b\u0151s\u00e9ges, hosszan vir\u00e1gz\u00f3 vir\u00e1gokat hoznak. Min\u00e9l szeg\u00e9nyebb a talaj, ann\u00e1l gazdagabb a vir\u00e1gz\u00e1s. A Cosmos vir\u00e1gz\u00e1si szakasz\u00e1ban a k\u00edv\u00e1nt helyre \u00e1t\u00fcltethet\u0151, de fontos a megfelel\u0151 nedvess\u00e9g biztos\u00edt\u00e1sa. \u00d6nvet\u0151 vir\u00e1gok \u2013 j\u00f6v\u0151re vet\u00e9s n\u00e9lk\u00fcl cs\u00edr\u00e1znak ki a magok azon a helyen, ahol a n\u00f6v\u00e9ny kor\u00e1bban n\u00f6vekedett.<br \/>\nEgy csomagban l\u00e9v\u0151 mennyis\u00e9g 1 g<br \/>\nA magok sz\u00e1ma grammonk\u00e9nt ~ 150 s\u0117kl\u0173.<br \/>\n\u00dcltet\u00e9si t\u00e1vols\u00e1gok 30 x 40 cm<br \/>\nVir\u00e1gz\u00e1si id\u0151, magass\u00e1g VI-VII, 120 cm<br \/>\nNapos hely Igen<br \/>\nSz\u00edn Sz\u00ednek kever\u00e9ke<br \/>\nVet\u00e9sid\u0151 a talajban IV-V<br \/>\nA pal\u00e1nt\u00e1k vet\u00e9si ideje IV-V<br \/>\nGy\u00e1rt\u00f3 \u017dalia stotel\u0117<br \/>\nVeget\u00e1ci\u00f3 Egyny\u00e1ri<br \/>\nVir\u00e1goskertekben, Alpinariumokban termeszthet\u0151<br \/>\nNapos \u00e9ghajlat<br \/>\nVir\u00e1gz\u00e1si id\u0151szak IV-V<br \/>\nN\u00f6v\u00e9nymagass\u00e1g, cm 120 cm<\/p>\n","protected":false},"featured_media":22916,"comment_status":"closed","ping_status":"closed","template":"","meta":[],"product_brand":[],"product_cat":[363],"product_tag":[],"class_list":{"0":"post-22915","1":"product","2":"type-product","3":"status-publish","4":"has-post-thumbnail","6":"product_cat-virag-vetomagok-zalia-stotele","8":"first","9":"instock","10":"taxable","11":"shipping-taxable","12":"purchasable","13":"product-type-simple"},"_links":{"self":[{"href":"https:\/\/chilimag.hu\/webshop\/wp-json\/wp\/v2\/product\/22915","targetHints":{"allow":["GET"]}}],"collection":[{"href":"https:\/\/chilimag.hu\/webshop\/wp-json\/wp\/v2\/product"}],"about":[{"href":"https:\/\/chilimag.hu\/webshop\/wp-json\/wp\/v2\/types\/product"}],"replies":[{"embeddable":true,"href":"https:\/\/chilimag.hu\/webshop\/wp-json\/wp\/v2\/comments?post=22915"}],"wp:featuredmedia":[{"embeddable":true,"href":"https:\/\/chilimag.hu\/webshop\/wp-json\/wp\/v2\/media\/22916"}],"wp:attachment":[{"href":"https:\/\/chilimag.hu\/webshop\/wp-json\/wp\/v2\/media?parent=22915"}],"wp:term":[{"taxonomy":"product_brand","embeddable":true,"href":"https:\/\/chilimag.hu\/webshop\/wp-json\/wp\/v2\/product_brand?post=22915"},{"taxonomy":"product_cat","embeddable":true,"href":"https:\/\/chilimag.hu\/webshop\/wp-json\/wp\/v2\/product_cat?post=22915"},{"taxonomy":"product_tag","embeddable":true,"href":"https:\/\/chilimag.hu\/webshop\/wp-json\/wp\/v2\/product_tag?post=22915"}],"curies":[{"name":"wp","href":"https:\/\/api.w.org\/{rel}","templated":true}]}}