{"id":22913,"date":"2023-03-23T19:15:04","date_gmt":"2023-03-23T19:15:04","guid":{"rendered":"https:\/\/chilimag.hu\/webshop\/?post_type=product&#038;p=22913"},"modified":"2026-02-20T01:15:03","modified_gmt":"2026-02-20T01:15:03","slug":"diszkaposzta-z-s-sl","status":"publish","type":"product","link":"https:\/\/chilimag.hu\/webshop\/termek\/diszkaposzta-z-s-sl\/","title":{"rendered":"D\u00edszk\u00e1poszta  Fringed Leaves Z.S SL"},"content":{"rendered":"","protected":false},"excerpt":{"rendered":"<p><img decoding=\"async\" class=\"active-logo\" src=\"https:\/\/b2b.seklos.lt\/themes\/warehouse\/img\/logo_en.png\" alt=\"Agrofirma S\u0117klos, UAB\" width=\"280\" height=\"95\" \/><\/p>\n<p>Egyny\u00e1ri, 30-40 cm magas, d\u00edszes, sz\u00ednes level\u0171, vir\u00e1goskertben termesztett n\u00f6v\u00e9nyek. F\u00fcrtben termesztik, cserepesre alkalmas. A d\u00edszk\u00e1poszta ny\u00e1r v\u00e9g\u00e9n n\u00e9z ki a legjobban. Ezek a leny\u0171g\u00f6z\u0151 n\u00f6v\u00e9nyek az els\u0151 h\u00f3ig remek vir\u00e1g\u00e1gy\u00e1sokat alak\u00edtanak ki, a fagy pedig kiemeli a levelek sz\u00edneit. Napos ter\u00fcleteken termesztik, de \u00e1rny\u00e9kban is n\u0151het. A legjobban nedves \u00e9s term\u00e9keny v\u00e1lyog vagy homokos v\u00e1lyog talajban n\u0151.<br \/>\nMennyis\u00e9g egy csomagban 0,3 g<br \/>\nA magok sz\u00e1ma grammonk\u00e9nt ~ 350-400<br \/>\nTranszplant\u00e1ci\u00f3 V-VI<br \/>\n\u00dcltet\u00e9si t\u00e1vols\u00e1gok 20 x 40 cm<br \/>\nVir\u00e1gz\u00e1si id\u0151, magass\u00e1g VII-XI, 30 cm<br \/>\nF\u00e9l\u00e1rny\u00e9k Igen<br \/>\nSz\u00edn Sz\u00ednek kever\u00e9ke<br \/>\nGy\u00e1rt\u00f3 \u017dalia stotel\u0117<br \/>\nVeget\u00e1ci\u00f3 Egyny\u00e1ri<br \/>\nVir\u00e1goskertekben termeszthet\u0151<br \/>\n\u00c9ghajlat R\u00e9szleges \u00e1rny\u00e9k<br \/>\nVir\u00e1gz\u00e1si id\u0151szak IV-V<br \/>\nN\u00f6v\u00e9ny magass\u00e1ga, cm 30 cm<\/p>\n","protected":false},"featured_media":22914,"comment_status":"closed","ping_status":"closed","template":"","meta":[],"product_brand":[],"product_cat":[363],"product_tag":[],"class_list":{"0":"post-22913","1":"product","2":"type-product","3":"status-publish","4":"has-post-thumbnail","6":"product_cat-virag-vetomagok-zalia-stotele","8":"first","9":"instock","10":"taxable","11":"shipping-taxable","12":"purchasable","13":"product-type-simple"},"_links":{"self":[{"href":"https:\/\/chilimag.hu\/webshop\/wp-json\/wp\/v2\/product\/22913","targetHints":{"allow":["GET"]}}],"collection":[{"href":"https:\/\/chilimag.hu\/webshop\/wp-json\/wp\/v2\/product"}],"about":[{"href":"https:\/\/chilimag.hu\/webshop\/wp-json\/wp\/v2\/types\/product"}],"replies":[{"embeddable":true,"href":"https:\/\/chilimag.hu\/webshop\/wp-json\/wp\/v2\/comments?post=22913"}],"wp:featuredmedia":[{"embeddable":true,"href":"https:\/\/chilimag.hu\/webshop\/wp-json\/wp\/v2\/media\/22914"}],"wp:attachment":[{"href":"https:\/\/chilimag.hu\/webshop\/wp-json\/wp\/v2\/media?parent=22913"}],"wp:term":[{"taxonomy":"product_brand","embeddable":true,"href":"https:\/\/chilimag.hu\/webshop\/wp-json\/wp\/v2\/product_brand?post=22913"},{"taxonomy":"product_cat","embeddable":true,"href":"https:\/\/chilimag.hu\/webshop\/wp-json\/wp\/v2\/product_cat?post=22913"},{"taxonomy":"product_tag","embeddable":true,"href":"https:\/\/chilimag.hu\/webshop\/wp-json\/wp\/v2\/product_tag?post=22913"}],"curies":[{"name":"wp","href":"https:\/\/api.w.org\/{rel}","templated":true}]}}