{"id":22911,"date":"2023-03-23T19:09:48","date_gmt":"2023-03-23T19:09:48","guid":{"rendered":"https:\/\/chilimag.hu\/webshop\/?post_type=product&#038;p=22911"},"modified":"2026-05-10T20:46:20","modified_gmt":"2026-05-10T20:46:20","slug":"nyulfark-z-s-sl","status":"publish","type":"product","link":"https:\/\/chilimag.hu\/webshop\/termek\/nyulfark-z-s-sl\/","title":{"rendered":"Ny\u00falfark f\u0171 Rabbit\u2019s Tail Grass Z.S SL"},"content":{"rendered":"","protected":false},"excerpt":{"rendered":"<p><img decoding=\"async\" class=\"active-logo\" src=\"https:\/\/b2b.seklos.lt\/themes\/warehouse\/img\/logo_en.png\" alt=\"Agrofirma S\u0117klos, UAB\" width=\"280\" height=\"95\" \/><\/p>\n<p>Egyny\u00e1ri vir\u00e1gok. Sz\u00e1raz csokorba j\u00f3, \u00e1gy\u00e1sban is termeszthet\u0151. A vir\u00e1gok legfeljebb 4 cm hossz\u00faak. A bokor s\u0171r\u0171, 25-40 cm magas. Rossz talajban is n\u0151het, szereti a meleget \u00e9s a f\u00e9nyt. Sziklakertekben termesztik, nagyon vonz\u00f3 f\u00e9nyes vir\u00e1gokkal kombin\u00e1lva. A n\u00f6v\u00e9nyeket meleg, s\u00f6t\u00e9t, j\u00f3l szell\u0151z\u0151 helyis\u00e9gben sz\u00e1r\u00edtj\u00e1k, fejjel lefel\u00e9 felf\u00fcggesztve.<br \/>\nMennyis\u00e9g kiszerel\u00e9sben 0,5g<br \/>\nA magok sz\u00e1ma grammonk\u00e9nt ~ 1600-1800<br \/>\n\u00dcltet\u00e9si t\u00e1vols\u00e1gok 25 x 40 cm<br \/>\nVir\u00e1gz\u00e1si id\u0151, magass\u00e1g VII-IX, 50 cm<br \/>\nNapos hely Igen<br \/>\nSz\u00edn Z\u00f6ld<br \/>\nGy\u00e1rt\u00f3 \u017dalia stotel\u0117<br \/>\nVeget\u00e1ci\u00f3 Egyny\u00e1ri<br \/>\nVir\u00e1goskertekben termeszthet\u0151<br \/>\n\u00c9ghajlat R\u00e9szleges \u00e1rny\u00e9k<br \/>\nVir\u00e1gz\u00e1si id\u0151szak IV-VI<br \/>\nN\u00f6v\u00e9ny magass\u00e1ga, cm 50 cm<\/p>\n","protected":false},"featured_media":22912,"comment_status":"closed","ping_status":"closed","template":"","meta":[],"product_brand":[],"product_cat":[363],"product_tag":[],"class_list":{"0":"post-22911","1":"product","2":"type-product","3":"status-publish","4":"has-post-thumbnail","6":"product_cat-virag-vetomagok-zalia-stotele","8":"first","9":"instock","10":"taxable","11":"shipping-taxable","12":"purchasable","13":"product-type-simple"},"_links":{"self":[{"href":"https:\/\/chilimag.hu\/webshop\/wp-json\/wp\/v2\/product\/22911","targetHints":{"allow":["GET"]}}],"collection":[{"href":"https:\/\/chilimag.hu\/webshop\/wp-json\/wp\/v2\/product"}],"about":[{"href":"https:\/\/chilimag.hu\/webshop\/wp-json\/wp\/v2\/types\/product"}],"replies":[{"embeddable":true,"href":"https:\/\/chilimag.hu\/webshop\/wp-json\/wp\/v2\/comments?post=22911"}],"wp:featuredmedia":[{"embeddable":true,"href":"https:\/\/chilimag.hu\/webshop\/wp-json\/wp\/v2\/media\/22912"}],"wp:attachment":[{"href":"https:\/\/chilimag.hu\/webshop\/wp-json\/wp\/v2\/media?parent=22911"}],"wp:term":[{"taxonomy":"product_brand","embeddable":true,"href":"https:\/\/chilimag.hu\/webshop\/wp-json\/wp\/v2\/product_brand?post=22911"},{"taxonomy":"product_cat","embeddable":true,"href":"https:\/\/chilimag.hu\/webshop\/wp-json\/wp\/v2\/product_cat?post=22911"},{"taxonomy":"product_tag","embeddable":true,"href":"https:\/\/chilimag.hu\/webshop\/wp-json\/wp\/v2\/product_tag?post=22911"}],"curies":[{"name":"wp","href":"https:\/\/api.w.org\/{rel}","templated":true}]}}