{"id":22909,"date":"2023-03-23T19:04:16","date_gmt":"2023-03-23T19:04:16","guid":{"rendered":"https:\/\/chilimag.hu\/webshop\/?post_type=product&#038;p=22909"},"modified":"2025-10-04T19:46:09","modified_gmt":"2025-10-04T19:46:09","slug":"oszirozsa-colour-carpet-mix-sl-agr","status":"publish","type":"product","link":"https:\/\/chilimag.hu\/webshop\/termek\/oszirozsa-colour-carpet-mix-sl-agr\/","title":{"rendered":"\u0150szir\u00f3zsa Colour Carpet Mix SL AGR"},"content":{"rendered":"","protected":false},"excerpt":{"rendered":"<p><img decoding=\"async\" class=\"active-logo\" src=\"https:\/\/b2b.seklos.lt\/themes\/warehouse\/img\/logo_en.png\" alt=\"Agrofirma S\u0117klos, UAB\" width=\"280\" height=\"95\" \/><\/p>\n<p>Egyny\u00e1ri, 25 cm magas vir\u00e1gok. A vir\u00e1gok 6-7 cm \u00e1tm\u00e9r\u0151j\u0171ek, a n\u00f6v\u00e9nyek t\u00f6m\u00f6rek. Egyny\u00e1ri vir\u00e1g\u00e1gy\u00e1sokhoz, erk\u00e9lyekhez, temet\u0151kh\u00f6z, cserepekhez \u00e9s \u00fcltetv\u00e9nyesekhez. Term\u00e9keny, v\u00edz\u00e1tereszt\u0151 talajban fejl\u0151dik a legjobban.<\/p>\n<p>Mennyis\u00e9g egy csomagban 0,4 g<br \/>\nMagok sz\u00e1ma grammonk\u00e9nt 450-480<br \/>\nVir\u00e1gz\u00e1si id\u0151, VI\u2013X magass\u00e1g, 25 cm<br \/>\nVet\u00e9sid\u0151 a talajban III\u2013IV, X, 1 \u0441m<br \/>\nGy\u00e1rt\u00f3 Agronom<\/p>\n","protected":false},"featured_media":22910,"comment_status":"closed","ping_status":"closed","template":"","meta":[],"product_brand":[],"product_cat":[405],"product_tag":[],"class_list":{"0":"post-22909","1":"product","2":"type-product","3":"status-publish","4":"has-post-thumbnail","6":"product_cat-virag-vetomagok-agronom","8":"first","9":"instock","10":"taxable","11":"shipping-taxable","12":"purchasable","13":"product-type-simple"},"_links":{"self":[{"href":"https:\/\/chilimag.hu\/webshop\/wp-json\/wp\/v2\/product\/22909","targetHints":{"allow":["GET"]}}],"collection":[{"href":"https:\/\/chilimag.hu\/webshop\/wp-json\/wp\/v2\/product"}],"about":[{"href":"https:\/\/chilimag.hu\/webshop\/wp-json\/wp\/v2\/types\/product"}],"replies":[{"embeddable":true,"href":"https:\/\/chilimag.hu\/webshop\/wp-json\/wp\/v2\/comments?post=22909"}],"wp:featuredmedia":[{"embeddable":true,"href":"https:\/\/chilimag.hu\/webshop\/wp-json\/wp\/v2\/media\/22910"}],"wp:attachment":[{"href":"https:\/\/chilimag.hu\/webshop\/wp-json\/wp\/v2\/media?parent=22909"}],"wp:term":[{"taxonomy":"product_brand","embeddable":true,"href":"https:\/\/chilimag.hu\/webshop\/wp-json\/wp\/v2\/product_brand?post=22909"},{"taxonomy":"product_cat","embeddable":true,"href":"https:\/\/chilimag.hu\/webshop\/wp-json\/wp\/v2\/product_cat?post=22909"},{"taxonomy":"product_tag","embeddable":true,"href":"https:\/\/chilimag.hu\/webshop\/wp-json\/wp\/v2\/product_tag?post=22909"}],"curies":[{"name":"wp","href":"https:\/\/api.w.org\/{rel}","templated":true}]}}