{"id":22882,"date":"2023-03-23T18:17:28","date_gmt":"2023-03-23T18:17:28","guid":{"rendered":"https:\/\/chilimag.hu\/webshop\/?post_type=product&#038;p=22882"},"modified":"2026-03-02T10:37:57","modified_gmt":"2026-03-02T10:37:57","slug":"oszirozsa-unicum-feher-z-s-sl","status":"publish","type":"product","link":"https:\/\/chilimag.hu\/webshop\/termek\/oszirozsa-unicum-feher-z-s-sl\/","title":{"rendered":"\u0150szir\u00f3zsa Unicum Feh\u00e9r Z.S SL"},"content":{"rendered":"","protected":false},"excerpt":{"rendered":"<p><img decoding=\"async\" class=\"active-logo\" src=\"https:\/\/b2b.seklos.lt\/themes\/warehouse\/img\/logo_en.png\" alt=\"Agrofirma S\u0117klos, UAB\" width=\"280\" height=\"95\" \/><\/p>\n<p>Egyny\u00e1ri 50-60 cm magas n\u00f6v\u00e9nyek. A vir\u00e1gok \u00e1tm\u00e9r\u0151je 8-10 cm. Term\u00e9keny, v\u00edz- \u00e9s l\u00e9g\u00e1tereszt\u0151, napos talajban fejl\u0151dik a legjobban. Fagy\u00e1ll\u00f3. Egyny\u00e1ri vir\u00e1g\u00e1gy\u00e1sokba vetik, vir\u00e1gokat csokrokba v\u00e1gnak. A v\u00e1gott vir\u00e1gok 10-12 napig el\u00e1llnak a v\u00edzben. A vet\u00e9s ut\u00e1n 90 nappal kezdje meg a vir\u00e1gz\u00e1st. A magok +18 \u00b0C-on 7-11 napon bel\u00fcl cs\u00edr\u00e1znak. Okt\u00f3berben vethet\u0151 k\u00f6zvetlen\u00fcl a talajba, majd tavasszal \u00fcltess\u00fck \u00e1t a pal\u00e1nt\u00e1kat a k\u00edv\u00e1nt helyre.<br \/>\nB \u00e1rcsoport<br \/>\nMennyis\u00e9g egy csomagban 0,5 g<br \/>\nTranszplant\u00e1ci\u00f3 V<br \/>\n\u00dcltet\u00e9si t\u00e1vols\u00e1gok 30 x 30 cm<br \/>\nVir\u00e1gz\u00e1si id\u0151, VI\u2013X magass\u00e1g, 50-60 cm<br \/>\nNapos hely Igen<br \/>\nA legkelend\u0151bbek k\u00f6z\u00f6tt Igen<br \/>\nFeh\u00e9r sz\u00edn<br \/>\nGy\u00e1rt\u00f3 \u017dalia stotel\u0117<br \/>\nVeget\u00e1ci\u00f3 Egyny\u00e1ri<br \/>\nVir\u00e1goskertekben termeszthet\u0151<br \/>\nNapos \u00e9ghajlat<\/p>\n","protected":false},"featured_media":22883,"comment_status":"closed","ping_status":"closed","template":"","meta":[],"product_brand":[],"product_cat":[363],"product_tag":[],"class_list":{"0":"post-22882","1":"product","2":"type-product","3":"status-publish","4":"has-post-thumbnail","6":"product_cat-virag-vetomagok-zalia-stotele","8":"first","9":"instock","10":"taxable","11":"shipping-taxable","12":"purchasable","13":"product-type-simple"},"_links":{"self":[{"href":"https:\/\/chilimag.hu\/webshop\/wp-json\/wp\/v2\/product\/22882","targetHints":{"allow":["GET"]}}],"collection":[{"href":"https:\/\/chilimag.hu\/webshop\/wp-json\/wp\/v2\/product"}],"about":[{"href":"https:\/\/chilimag.hu\/webshop\/wp-json\/wp\/v2\/types\/product"}],"replies":[{"embeddable":true,"href":"https:\/\/chilimag.hu\/webshop\/wp-json\/wp\/v2\/comments?post=22882"}],"wp:featuredmedia":[{"embeddable":true,"href":"https:\/\/chilimag.hu\/webshop\/wp-json\/wp\/v2\/media\/22883"}],"wp:attachment":[{"href":"https:\/\/chilimag.hu\/webshop\/wp-json\/wp\/v2\/media?parent=22882"}],"wp:term":[{"taxonomy":"product_brand","embeddable":true,"href":"https:\/\/chilimag.hu\/webshop\/wp-json\/wp\/v2\/product_brand?post=22882"},{"taxonomy":"product_cat","embeddable":true,"href":"https:\/\/chilimag.hu\/webshop\/wp-json\/wp\/v2\/product_cat?post=22882"},{"taxonomy":"product_tag","embeddable":true,"href":"https:\/\/chilimag.hu\/webshop\/wp-json\/wp\/v2\/product_tag?post=22882"}],"curies":[{"name":"wp","href":"https:\/\/api.w.org\/{rel}","templated":true}]}}