{"id":22868,"date":"2023-03-23T17:13:23","date_gmt":"2023-03-23T17:13:23","guid":{"rendered":"https:\/\/chilimag.hu\/webshop\/?post_type=product&#038;p=22868"},"modified":"2026-04-01T05:29:46","modified_gmt":"2026-04-01T05:29:46","slug":"pampafu-pampas-plume-z-s-sl","status":"publish","type":"product","link":"https:\/\/chilimag.hu\/webshop\/termek\/pampafu-pampas-plume-z-s-sl\/","title":{"rendered":"Pampaf\u0171 Pampas Plume feh\u00e9r Z.S SL"},"content":{"rendered":"","protected":false},"excerpt":{"rendered":"<p><img decoding=\"async\" class=\"active-logo\" src=\"https:\/\/b2b.seklos.lt\/themes\/warehouse\/img\/logo_en.png\" alt=\"Agrofirma S\u0117klos, UAB\" width=\"280\" height=\"95\" \/><\/p>\n<p>\u00c9vel\u0151, leny\u0171g\u00f6z\u0151en magas d\u00edszf\u0171. Kedvez\u0151 n\u00f6veked\u00e9si k\u00f6r\u00fclm\u00e9nyek k\u00f6z\u00f6tt ak\u00e1r 4 m\u00e9teres magass\u00e1got is el\u00e9rhet. 30-40 cm hossz\u00fa vir\u00e1gf\u00fcrt\u00f6ket hoz l\u00e9tre. A n\u00f6v\u00e9ny eg\u00e9sz \u00e9vben meg\u0151rzi d\u00edszes jelleg\u00e9t. Ny\u00edlt, napos helyen fejl\u0151dik a legjobban. Kedvez\u0151 n\u00f6veked\u00e9si k\u00f6r\u00fclm\u00e9nyek k\u00f6z\u00f6tt a n\u00f6v\u00e9ny gyorsan terjed. Le kell takarni a telel\u00e9shez, vagy ki kell \u00e1sni \u00e9s bent kell tartani.<br \/>\nKiszerel\u00e9s egy csomagban 0,2 g<br \/>\nA magok sz\u00e1ma grammonk\u00e9nt ~ 5200<br \/>\n\u00dcltet\u00e9si t\u00e1vols\u00e1gok 200 x 200 cm<br \/>\nVir\u00e1gz\u00e1si id\u0151, magass\u00e1g VIII-XI, 400 cm<br \/>\nNapos hely Igen<br \/>\nF\u00e9l\u00e1rny\u00e9k Igen<br \/>\nFeh\u00e9r sz\u00edn<br \/>\nVet\u00e9sid\u0151 a talajban IV &#8211; V<br \/>\nA pal\u00e1nt\u00e1k vet\u00e9si ideje III &#8211; IV<br \/>\nGy\u00e1rt\u00f3 \u017dalia stotel\u0117<br \/>\nVeget\u00e1ci\u00f3 \u00e9vel\u0151<br \/>\nVir\u00e1goskertekben, Alpinariumokban termeszthet\u0151<br \/>\n\u00c9ghajlat Napos, R\u00e9szleges \u00e1rny\u00e9k<br \/>\nVir\u00e1gz\u00e1si id\u0151szak III-V<br \/>\nN\u00f6v\u00e9nymagass\u00e1g, cm 400 cm<\/p>\n","protected":false},"featured_media":22869,"comment_status":"closed","ping_status":"closed","template":"","meta":[],"product_brand":[],"product_cat":[363],"product_tag":[],"class_list":{"0":"post-22868","1":"product","2":"type-product","3":"status-publish","4":"has-post-thumbnail","6":"product_cat-virag-vetomagok-zalia-stotele","8":"first","9":"instock","10":"taxable","11":"shipping-taxable","12":"purchasable","13":"product-type-simple"},"_links":{"self":[{"href":"https:\/\/chilimag.hu\/webshop\/wp-json\/wp\/v2\/product\/22868","targetHints":{"allow":["GET"]}}],"collection":[{"href":"https:\/\/chilimag.hu\/webshop\/wp-json\/wp\/v2\/product"}],"about":[{"href":"https:\/\/chilimag.hu\/webshop\/wp-json\/wp\/v2\/types\/product"}],"replies":[{"embeddable":true,"href":"https:\/\/chilimag.hu\/webshop\/wp-json\/wp\/v2\/comments?post=22868"}],"wp:featuredmedia":[{"embeddable":true,"href":"https:\/\/chilimag.hu\/webshop\/wp-json\/wp\/v2\/media\/22869"}],"wp:attachment":[{"href":"https:\/\/chilimag.hu\/webshop\/wp-json\/wp\/v2\/media?parent=22868"}],"wp:term":[{"taxonomy":"product_brand","embeddable":true,"href":"https:\/\/chilimag.hu\/webshop\/wp-json\/wp\/v2\/product_brand?post=22868"},{"taxonomy":"product_cat","embeddable":true,"href":"https:\/\/chilimag.hu\/webshop\/wp-json\/wp\/v2\/product_cat?post=22868"},{"taxonomy":"product_tag","embeddable":true,"href":"https:\/\/chilimag.hu\/webshop\/wp-json\/wp\/v2\/product_tag?post=22868"}],"curies":[{"name":"wp","href":"https:\/\/api.w.org\/{rel}","templated":true}]}}