{"id":22866,"date":"2023-03-23T17:10:46","date_gmt":"2023-03-23T17:10:46","guid":{"rendered":"https:\/\/chilimag.hu\/webshop\/?post_type=product&#038;p=22866"},"modified":"2026-03-08T18:50:25","modified_gmt":"2026-03-08T18:50:25","slug":"egynyari-sovirag-szinkeverek-sl-agr","status":"publish","type":"product","link":"https:\/\/chilimag.hu\/webshop\/termek\/egynyari-sovirag-szinkeverek-sl-agr\/","title":{"rendered":"Egyny\u00e1ri s\u00f3vir\u00e1g szinkever\u00e9k Pacific SL AGR"},"content":{"rendered":"","protected":false},"excerpt":{"rendered":"<p><img decoding=\"async\" class=\"active-logo\" src=\"https:\/\/b2b.seklos.lt\/themes\/warehouse\/img\/logo_en.png\" alt=\"Agrofirma S\u0117klos, UAB\" width=\"280\" height=\"95\" \/><\/p>\n<p>Egyny\u00e1ri vir\u00e1gok. A vir\u00e1gok kicsik \u00e9s vil\u00e1gos f\u00fcrt\u00f6kben n\u0151nek. J\u00f3l n\u0151 a meleg \u00e9s napos helyeken, p\u00e9ld\u00e1ul a term\u00e9keny talajon. Vir\u00e1goskertbe \u00e9s cser\u00e9pbe vetve. Sz\u00e1raz vir\u00e1gcsokrokhoz n\u00e9lk\u00fcl\u00f6zhetetlen.<\/p>\n<p>Kiszerel\u00e9s egy csomagban 0,2 g<br \/>\nMagok sz\u00e1ma grammonk\u00e9nt 300-330<br \/>\nVir\u00e1gz\u00e1si id\u0151, magass\u00e1g VII\u2013X, 60 cm<br \/>\nF\u00e9l\u00e1rny\u00e9k Igen<br \/>\nVet\u00e9sid\u0151 a talajban II\u2013IV, 0 \u0441m<br \/>\nGy\u00e1rt\u00f3 Agronom<\/p>\n","protected":false},"featured_media":22867,"comment_status":"closed","ping_status":"closed","template":"","meta":[],"product_brand":[],"product_cat":[405],"product_tag":[],"class_list":{"0":"post-22866","1":"product","2":"type-product","3":"status-publish","4":"has-post-thumbnail","6":"product_cat-virag-vetomagok-agronom","8":"first","9":"instock","10":"taxable","11":"shipping-taxable","12":"purchasable","13":"product-type-simple"},"_links":{"self":[{"href":"https:\/\/chilimag.hu\/webshop\/wp-json\/wp\/v2\/product\/22866","targetHints":{"allow":["GET"]}}],"collection":[{"href":"https:\/\/chilimag.hu\/webshop\/wp-json\/wp\/v2\/product"}],"about":[{"href":"https:\/\/chilimag.hu\/webshop\/wp-json\/wp\/v2\/types\/product"}],"replies":[{"embeddable":true,"href":"https:\/\/chilimag.hu\/webshop\/wp-json\/wp\/v2\/comments?post=22866"}],"wp:featuredmedia":[{"embeddable":true,"href":"https:\/\/chilimag.hu\/webshop\/wp-json\/wp\/v2\/media\/22867"}],"wp:attachment":[{"href":"https:\/\/chilimag.hu\/webshop\/wp-json\/wp\/v2\/media?parent=22866"}],"wp:term":[{"taxonomy":"product_brand","embeddable":true,"href":"https:\/\/chilimag.hu\/webshop\/wp-json\/wp\/v2\/product_brand?post=22866"},{"taxonomy":"product_cat","embeddable":true,"href":"https:\/\/chilimag.hu\/webshop\/wp-json\/wp\/v2\/product_cat?post=22866"},{"taxonomy":"product_tag","embeddable":true,"href":"https:\/\/chilimag.hu\/webshop\/wp-json\/wp\/v2\/product_tag?post=22866"}],"curies":[{"name":"wp","href":"https:\/\/api.w.org\/{rel}","templated":true}]}}