{"id":22858,"date":"2023-03-23T06:06:04","date_gmt":"2023-03-23T06:06:04","guid":{"rendered":"https:\/\/chilimag.hu\/webshop\/?post_type=product&#038;p=22858"},"modified":"2026-03-23T20:08:53","modified_gmt":"2026-03-23T20:08:53","slug":"deres-fenyperje-z-s-sl","status":"publish","type":"product","link":"https:\/\/chilimag.hu\/webshop\/termek\/deres-fenyperje-z-s-sl\/","title":{"rendered":"Deres f\u00e9nyperje Blue Hair GrassZ.S SL"},"content":{"rendered":"","protected":false},"excerpt":{"rendered":"<p><img decoding=\"async\" class=\"active-logo\" src=\"https:\/\/b2b.seklos.lt\/themes\/warehouse\/img\/logo_en.png\" alt=\"Agrofirma S\u0117klos, UAB\" width=\"280\" height=\"95\" \/><\/p>\n<p>K\u00e9k-z\u00f6ld lombozat\u00fa \u00e9vel\u0151, d\u00edszf\u0171. S\u0171r\u0171 halomban n\u0151, 20-30 cm magas. T\u00f6k\u00e9letesen kieg\u00e9sz\u00edti a t\u00f6bbi \u00e9l\u00e9nk sz\u00edn\u0171 vir\u00e1got, ide\u00e1lis szeg\u00e9lyn\u00f6v\u00e9ny. Napos vagy \u00e1rny\u00e9kos vir\u00e1goskertekben termeszthet\u0151. A pal\u00e1nt\u00e1kat cser\u00e9pben nevelik, majd \u00e1lland\u00f3 termeszt\u0151helyre \u00fcltetik \u00e1t. A neh\u00e9z agyagos talajokat kedveli. Ugyanazon a helyen 3-4 \u00e9vig termeszthet\u0151. T\u00e9len takarni nem sz\u00fcks\u00e9ges.<br \/>\nMennyis\u00e9g egy csomagban 0,3 g<br \/>\nA magok sz\u00e1ma grammonk\u00e9nt ~ 2600<br \/>\n\u00dcltet\u00e9si t\u00e1vols\u00e1gok 30 x 35 cm<br \/>\nVir\u00e1gz\u00e1si id\u0151, magass\u00e1g VI-VII, 30 cm<br \/>\nNapos hely Igen<br \/>\nF\u00e9l\u00e1rny\u00e9k Igen<br \/>\nSz\u00edn K\u00e9k<br \/>\nVet\u00e9sid\u0151 a talajban V, X<br \/>\nA pal\u00e1nt\u00e1k vet\u00e9si ideje III-IV<br \/>\nGy\u00e1rt\u00f3 \u017dalia stotel\u0117<br \/>\nVeget\u00e1ci\u00f3 \u00e9vel\u0151<br \/>\nVir\u00e1goskertekben, Alpinariumokban termeszthet\u0151<br \/>\n\u00c9ghajlat Napos, R\u00e9szleges \u00e1rny\u00e9k<br \/>\nVir\u00e1gz\u00e1si id\u0151szak III-V, X<br \/>\nN\u00f6v\u00e9nymagass\u00e1g, cm 20-30 cm<\/p>\n","protected":false},"featured_media":22859,"comment_status":"closed","ping_status":"closed","template":"","meta":[],"product_brand":[],"product_cat":[363],"product_tag":[],"class_list":{"0":"post-22858","1":"product","2":"type-product","3":"status-publish","4":"has-post-thumbnail","6":"product_cat-virag-vetomagok-zalia-stotele","8":"first","9":"instock","10":"taxable","11":"shipping-taxable","12":"purchasable","13":"product-type-simple"},"_links":{"self":[{"href":"https:\/\/chilimag.hu\/webshop\/wp-json\/wp\/v2\/product\/22858","targetHints":{"allow":["GET"]}}],"collection":[{"href":"https:\/\/chilimag.hu\/webshop\/wp-json\/wp\/v2\/product"}],"about":[{"href":"https:\/\/chilimag.hu\/webshop\/wp-json\/wp\/v2\/types\/product"}],"replies":[{"embeddable":true,"href":"https:\/\/chilimag.hu\/webshop\/wp-json\/wp\/v2\/comments?post=22858"}],"wp:featuredmedia":[{"embeddable":true,"href":"https:\/\/chilimag.hu\/webshop\/wp-json\/wp\/v2\/media\/22859"}],"wp:attachment":[{"href":"https:\/\/chilimag.hu\/webshop\/wp-json\/wp\/v2\/media?parent=22858"}],"wp:term":[{"taxonomy":"product_brand","embeddable":true,"href":"https:\/\/chilimag.hu\/webshop\/wp-json\/wp\/v2\/product_brand?post=22858"},{"taxonomy":"product_cat","embeddable":true,"href":"https:\/\/chilimag.hu\/webshop\/wp-json\/wp\/v2\/product_cat?post=22858"},{"taxonomy":"product_tag","embeddable":true,"href":"https:\/\/chilimag.hu\/webshop\/wp-json\/wp\/v2\/product_tag?post=22858"}],"curies":[{"name":"wp","href":"https:\/\/api.w.org\/{rel}","templated":true}]}}