{"id":22856,"date":"2023-03-23T06:03:17","date_gmt":"2023-03-23T06:03:17","guid":{"rendered":"https:\/\/chilimag.hu\/webshop\/?post_type=product&#038;p=22856"},"modified":"2025-09-23T11:22:39","modified_gmt":"2025-09-23T11:22:39","slug":"szinevalto-kutyatej-z-s-sl","status":"publish","type":"product","link":"https:\/\/chilimag.hu\/webshop\/termek\/szinevalto-kutyatej-z-s-sl\/","title":{"rendered":"Szinev\u00e1lt\u00f3 kutyatej Cus-Bon Spurge Z.S SL"},"content":{"rendered":"","protected":false},"excerpt":{"rendered":"<p><img decoding=\"async\" class=\"active-logo\" src=\"https:\/\/b2b.seklos.lt\/themes\/warehouse\/img\/logo_en.png\" alt=\"Agrofirma S\u0117klos, UAB\" width=\"280\" height=\"95\" \/><\/p>\n<p>\u00c9vel\u0151, 40 cm magas vir\u00e1gok. A s\u00e1rga vir\u00e1g\u00fa cserj\u00e9s n\u00f6v\u00e9nyek t\u00f6k\u00e9letesen kieg\u00e9sz\u00edtik a z\u00f6ld lombozatot. A vir\u00e1g az eg\u00e9sz szezonban dekorat\u00edv marad. Vir\u00e1goskertekben \u00e9s sziklakertekben \u00e9vel\u0151 vir\u00e1gokkal egy\u00fctt termesztik. Ez az egyik legkev\u00e9sb\u00e9 ig\u00e9nyes vir\u00e1g, amely rossz homokos talajban nevelhet\u0151. A n\u00f6v\u00e9ny minden r\u00e9sze m\u00e9rgez\u0151. Ugyanazon a helyen 3-5 \u00e9vig termeszthet\u0151. T\u00e9len nem kell letakarni.<br \/>\nG \u00e1rcsoport<br \/>\nMennyis\u00e9g egy csomagban 0,5 g<br \/>\nMagok sz\u00e1ma grammonk\u00e9nt 250<br \/>\n\u00dcltet\u00e9si t\u00e1vols\u00e1gok V, 45x45cm<br \/>\nVir\u00e1gz\u00e1si id\u0151, magass\u00e1g V\u2013VI, 40 cm<br \/>\nNapos hely Igen<br \/>\nF\u00e9l\u00e1rny\u00e9k Igen<br \/>\nSz\u00edn S\u00e1rga<br \/>\nGy\u00e1rt\u00f3 \u017dalia stotel\u0117<br \/>\nVeget\u00e1ci\u00f3 \u00e9vel\u0151<br \/>\nSziklakertekben, vir\u00e1goskertekben termeszthet\u0151<br \/>\n\u00c9ghajlat Napos, R\u00e9szleges \u00e1rny\u00e9k<\/p>\n","protected":false},"featured_media":22857,"comment_status":"closed","ping_status":"closed","template":"","meta":[],"product_brand":[],"product_cat":[363],"product_tag":[],"class_list":{"0":"post-22856","1":"product","2":"type-product","3":"status-publish","4":"has-post-thumbnail","6":"product_cat-virag-vetomagok-zalia-stotele","8":"first","9":"instock","10":"taxable","11":"shipping-taxable","12":"purchasable","13":"product-type-simple"},"_links":{"self":[{"href":"https:\/\/chilimag.hu\/webshop\/wp-json\/wp\/v2\/product\/22856","targetHints":{"allow":["GET"]}}],"collection":[{"href":"https:\/\/chilimag.hu\/webshop\/wp-json\/wp\/v2\/product"}],"about":[{"href":"https:\/\/chilimag.hu\/webshop\/wp-json\/wp\/v2\/types\/product"}],"replies":[{"embeddable":true,"href":"https:\/\/chilimag.hu\/webshop\/wp-json\/wp\/v2\/comments?post=22856"}],"wp:featuredmedia":[{"embeddable":true,"href":"https:\/\/chilimag.hu\/webshop\/wp-json\/wp\/v2\/media\/22857"}],"wp:attachment":[{"href":"https:\/\/chilimag.hu\/webshop\/wp-json\/wp\/v2\/media?parent=22856"}],"wp:term":[{"taxonomy":"product_brand","embeddable":true,"href":"https:\/\/chilimag.hu\/webshop\/wp-json\/wp\/v2\/product_brand?post=22856"},{"taxonomy":"product_cat","embeddable":true,"href":"https:\/\/chilimag.hu\/webshop\/wp-json\/wp\/v2\/product_cat?post=22856"},{"taxonomy":"product_tag","embeddable":true,"href":"https:\/\/chilimag.hu\/webshop\/wp-json\/wp\/v2\/product_tag?post=22856"}],"curies":[{"name":"wp","href":"https:\/\/api.w.org\/{rel}","templated":true}]}}