{"id":22854,"date":"2023-03-23T06:00:20","date_gmt":"2023-03-23T06:00:20","guid":{"rendered":"https:\/\/chilimag.hu\/webshop\/?post_type=product&#038;p=22854"},"modified":"2025-08-31T17:31:31","modified_gmt":"2025-08-31T17:31:31","slug":"karpati-harangvirag-z-s-sl","status":"publish","type":"product","link":"https:\/\/chilimag.hu\/webshop\/termek\/karpati-harangvirag-z-s-sl\/","title":{"rendered":"K\u00e1rp\u00e1ti Harangvir\u00e1g Blue Z.S SL"},"content":{"rendered":"","protected":false},"excerpt":{"rendered":"<p><img decoding=\"async\" class=\"active-logo\" src=\"https:\/\/b2b.seklos.lt\/themes\/warehouse\/img\/logo_en.png\" alt=\"Agrofirma S\u0117klos, UAB\" width=\"280\" height=\"95\" \/><\/p>\n<p>\u00c9vel\u0151, 20-30 cm magas gy\u00e9k\u00e9nyk\u00e9pz\u0151 vir\u00e1gok. A vir\u00e1gok sz\u00e9lesek, harang alak\u00faak. Mind a vir\u00e1gok, mind a levelek d\u00edszesek. Alkalmas t\u00f6rpe vir\u00e1gos kertekben val\u00f3 termeszt\u00e9sre, kiv\u00e1l\u00f3an kieg\u00e9sz\u00edti a t\u00f6bbi \u00e9vel\u0151 \u00e9s egyny\u00e1ri vir\u00e1got. Napos helyen vagy f\u00e9l\u00e1rny\u00e9kban, k\u00f6nny\u0171 homokos talajon termesztj\u00fck, csak hosszan tart\u00f3 sz\u00e1razs\u00e1g eset\u00e9n \u00f6nt\u00f6zz\u00fck. A vet\u00e9s ut\u00e1ni m\u00e1sodik \u00e9vben vir\u00e1gzik, fedetlen\u00fcl telel \u00e1t.<br \/>\nMagass\u00e1g 20-30 cm<br \/>\nMennyis\u00e9g egy csomagban 0,1 g<br \/>\nTranszplant\u00e1ci\u00f3 VI-VIII<br \/>\n\u00dcltet\u00e9si t\u00e1vols\u00e1gok 30 x 40 cm<br \/>\nVir\u00e1gz\u00e1si id\u0151, magass\u00e1ga 60-80 cm<br \/>\nNapos hely Igen<br \/>\nF\u00e9l\u00e1rny\u00e9k Igen<br \/>\n\u00c9vel\u0151 Igen<br \/>\nA legkelend\u0151bbek k\u00f6z\u00f6tt Igen<br \/>\nSz\u00edn K\u00e9k<br \/>\nGy\u00e1rt\u00f3 \u017dalia stotel\u0117<br \/>\nVeget\u00e1ci\u00f3 \u00e9vel\u0151<br \/>\nSziklakertekben, vir\u00e1goskertekben termeszthet\u0151<br \/>\n\u00c9ghajlat R\u00e9szleges \u00e1rny\u00e9k, napos<\/p>\n","protected":false},"featured_media":22855,"comment_status":"closed","ping_status":"closed","template":"","meta":[],"product_brand":[],"product_cat":[363],"product_tag":[],"class_list":{"0":"post-22854","1":"product","2":"type-product","3":"status-publish","4":"has-post-thumbnail","6":"product_cat-virag-vetomagok-zalia-stotele","8":"first","9":"instock","10":"taxable","11":"shipping-taxable","12":"purchasable","13":"product-type-simple"},"_links":{"self":[{"href":"https:\/\/chilimag.hu\/webshop\/wp-json\/wp\/v2\/product\/22854","targetHints":{"allow":["GET"]}}],"collection":[{"href":"https:\/\/chilimag.hu\/webshop\/wp-json\/wp\/v2\/product"}],"about":[{"href":"https:\/\/chilimag.hu\/webshop\/wp-json\/wp\/v2\/types\/product"}],"replies":[{"embeddable":true,"href":"https:\/\/chilimag.hu\/webshop\/wp-json\/wp\/v2\/comments?post=22854"}],"wp:featuredmedia":[{"embeddable":true,"href":"https:\/\/chilimag.hu\/webshop\/wp-json\/wp\/v2\/media\/22855"}],"wp:attachment":[{"href":"https:\/\/chilimag.hu\/webshop\/wp-json\/wp\/v2\/media?parent=22854"}],"wp:term":[{"taxonomy":"product_brand","embeddable":true,"href":"https:\/\/chilimag.hu\/webshop\/wp-json\/wp\/v2\/product_brand?post=22854"},{"taxonomy":"product_cat","embeddable":true,"href":"https:\/\/chilimag.hu\/webshop\/wp-json\/wp\/v2\/product_cat?post=22854"},{"taxonomy":"product_tag","embeddable":true,"href":"https:\/\/chilimag.hu\/webshop\/wp-json\/wp\/v2\/product_tag?post=22854"}],"curies":[{"name":"wp","href":"https:\/\/api.w.org\/{rel}","templated":true}]}}