{"id":22852,"date":"2023-03-23T05:57:19","date_gmt":"2023-03-23T05:57:19","guid":{"rendered":"https:\/\/chilimag.hu\/webshop\/?post_type=product&#038;p=22852"},"modified":"2026-02-15T17:32:35","modified_gmt":"2026-02-15T17:32:35","slug":"csupros-harangvirag-cup-saucer-z-s-sl","status":"publish","type":"product","link":"https:\/\/chilimag.hu\/webshop\/termek\/csupros-harangvirag-cup-saucer-z-s-sl\/","title":{"rendered":"Csupros harangvir\u00e1g Cup &#038; Saucer Z.S SL"},"content":{"rendered":"","protected":false},"excerpt":{"rendered":"<p><img decoding=\"async\" class=\"active-logo\" src=\"https:\/\/b2b.seklos.lt\/themes\/warehouse\/img\/logo_en.png\" alt=\"Agrofirma S\u0117klos, UAB\" width=\"280\" height=\"95\" \/><\/p>\n<p>K\u00e9t\u00e9ves, 60-80 cm magas n\u00f6v\u00e9nyek f\u00e9lig dupla, harang alak\u00fa, 4 cm \u00e1tm\u00e9r\u0151j\u0171 vir\u00e1gokkal. Buja vir\u00e1gos kertekben, sz\u00e9lt\u0151l v\u00e9dett ter\u00fcleteken termesztik. Csokorba v\u00e1ghat\u00f3, amikor az els\u0151 als\u00f3 r\u00fcgyek kiny\u00edlnak. Vid\u00e9ki tany\u00e1kra alkalmas. F\u00fcrtben termesztik. N\u00e9h\u00e1ny az els\u0151 ny\u00e1ri vir\u00e1gok k\u00f6z\u00fcl. A vet\u00e9s ut\u00e1ni m\u00e1sodik \u00e9vben vir\u00e1gzik, t\u00e9len nem ig\u00e9nyel takar\u00e1st.<br \/>\nMagass\u00e1ga 60-80 cm<br \/>\nMennyis\u00e9g egy csomagban 0,5 g<br \/>\nA magok sz\u00e1ma grammonk\u00e9nt ~ 4000<br \/>\nTranszplant\u00e1ci\u00f3 VI-VIII<br \/>\n\u00dcltet\u00e9si t\u00e1vols\u00e1gok 30 x 40 cm<br \/>\nVir\u00e1gz\u00e1si id\u0151, magass\u00e1g VII, 60-80 cm<br \/>\nNapos hely Igen<br \/>\nF\u00e9l\u00e1rny\u00e9k Igen<br \/>\nBienn\u00e1l\u00e9 Igen<br \/>\nSz\u00edn Sz\u00ednek kever\u00e9ke<br \/>\nGy\u00e1rt\u00f3 \u017dalia stotel\u0117<br \/>\nVeget\u00e1ci\u00f3s Bienn\u00e1l\u00e9k<br \/>\nVir\u00e1goskertekben termeszthet\u0151<br \/>\n\u00c9ghajlat Napos, R\u00e9szleges \u00e1rny\u00e9k<br \/>\nVir\u00e1gz\u00e1si id\u0151szak V-VI<br \/>\nN\u00f6v\u00e9nymagass\u00e1g, cm 60-80 cm<\/p>\n","protected":false},"featured_media":22853,"comment_status":"closed","ping_status":"closed","template":"","meta":[],"product_brand":[],"product_cat":[363],"product_tag":[],"class_list":{"0":"post-22852","1":"product","2":"type-product","3":"status-publish","4":"has-post-thumbnail","6":"product_cat-virag-vetomagok-zalia-stotele","8":"first","9":"instock","10":"taxable","11":"shipping-taxable","12":"purchasable","13":"product-type-simple"},"_links":{"self":[{"href":"https:\/\/chilimag.hu\/webshop\/wp-json\/wp\/v2\/product\/22852","targetHints":{"allow":["GET"]}}],"collection":[{"href":"https:\/\/chilimag.hu\/webshop\/wp-json\/wp\/v2\/product"}],"about":[{"href":"https:\/\/chilimag.hu\/webshop\/wp-json\/wp\/v2\/types\/product"}],"replies":[{"embeddable":true,"href":"https:\/\/chilimag.hu\/webshop\/wp-json\/wp\/v2\/comments?post=22852"}],"wp:featuredmedia":[{"embeddable":true,"href":"https:\/\/chilimag.hu\/webshop\/wp-json\/wp\/v2\/media\/22853"}],"wp:attachment":[{"href":"https:\/\/chilimag.hu\/webshop\/wp-json\/wp\/v2\/media?parent=22852"}],"wp:term":[{"taxonomy":"product_brand","embeddable":true,"href":"https:\/\/chilimag.hu\/webshop\/wp-json\/wp\/v2\/product_brand?post=22852"},{"taxonomy":"product_cat","embeddable":true,"href":"https:\/\/chilimag.hu\/webshop\/wp-json\/wp\/v2\/product_cat?post=22852"},{"taxonomy":"product_tag","embeddable":true,"href":"https:\/\/chilimag.hu\/webshop\/wp-json\/wp\/v2\/product_tag?post=22852"}],"curies":[{"name":"wp","href":"https:\/\/api.w.org\/{rel}","templated":true}]}}