{"id":22844,"date":"2023-03-22T19:57:02","date_gmt":"2023-03-22T19:57:02","guid":{"rendered":"https:\/\/chilimag.hu\/webshop\/?post_type=product&#038;p=22844"},"modified":"2026-05-06T11:24:43","modified_gmt":"2026-05-06T11:24:43","slug":"tozeg","status":"publish","type":"product","link":"https:\/\/chilimag.hu\/webshop\/termek\/tozeg\/","title":{"rendered":"Magvet\u0151 T\u0151zeg  20 L SL"},"content":{"rendered":"","protected":false},"excerpt":{"rendered":"<p>T\u0150ZEG \u00a0Cs\u00edr\u00e1ztat\u00e1shoz, VET\u00c9SHEZ.<br \/>\nSpeci\u00e1lis k\u00f6rnyezetbar\u00e1t t\u0151zeg recept alapj\u00e1n szakszer\u0171en elk\u00e9sz\u00edtett sokoldal\u00fa, t\u0151zegszubsztr\u00e1t, amely z\u00f6lds\u00e9g- \u00e9s vir\u00e1gmagok mag\u00e1gyba vet\u00e9s\u00e9re, pal\u00e1nt\u00e1k kisz\u00far\u00e1s\u00e1ra, \u00fajra\u00fcltet\u00e9s\u00e9re \u00e9s termeszt\u00e9s\u00e9re, n\u00f6v\u00e9nyek szapor\u00edt\u00e1s\u00e1ra (dugv\u00e1nyok, \u00a0r\u00e9tegek, hajt\u00e1sok) szolg\u00e1l. , bokrok, fut\u00f3k, gum\u00f3k \u00e9s hagym\u00e1k), \u00fajratelep\u00edt\u00e9s, \u00fcltet\u00e9si talaj felt\u00f6lt\u00e9se \u00e9s jav\u00edt\u00e1sa ny\u00edlt \u00e9s z\u00e1rt talajban.<\/p>\n<p>&nbsp;<\/p>\n<p style=\"font-weight: 400;\">T\u0151zeg aljzat magvet\u00e9shez, pal\u00e1nt\u00e1k szapor\u00edt\u00e1s\u00e1ra \u00e9s n\u00f6v\u00e9nyszapor\u00edt\u00e1sra.<\/p>\n<p style=\"font-weight: 400;\">Felhaszn\u00e1l\u00e1s: \u00f6kologiailag tiszta t\u0151zegb\u0151l k\u00e9sz\u00fclt, speci\u00e1lis recept\u00fara alapj\u00e1n univerz\u00e1lis, szakszer\u0171en elk\u00e9sz\u00edtett t\u0151zeg szubsztr\u00e1tum, amely z\u00f6lds\u00e9g \u00e9s vir\u00e1gmagvak vet\u00e9s\u00e9re faiskol\u00e1kban cs\u00edr\u00e1ztat\u00e1sra, \u00e1t\u00fcltet\u00e9sre \u00e9s termeszt\u00e9sre,(dugv\u00e1nyokkal, hajt\u00e1sokkal, ind\u00e1kkal) n\u00f6v\u00e9nyszapor\u00edt\u00e1sra, gum\u00f3k, hagym\u00e1k) az \u00fcltet\u00e9si talaj kieg\u00e9sz\u00edt\u00e9s\u00e9re \u00e9s jav\u00edt\u00e1s\u00e1ra nyitott \u00e9s z\u00e1rt talajban. Az aljzat por\u00f3zus, j\u00f3l felsz\u00edvja a vizet, megtartja a nedvess\u00e9get, \u00e9s nem tartalmaz betegs\u00e9geket. A m\u0171tr\u00e1gy\u00e1kat \u00e9s a term\u00e9szetes \u00e1sv\u00e1nyi adal\u00e9kokat \u00fagy v\u00e1lasztj\u00e1k ki, hogy a n\u00f6v\u00e9nyek k\u00f6nnyen felsz\u00edvj\u00e1k azokat.<\/p>\n<p style=\"font-weight: 400;\">F\u0151bb \u00f6sszetev\u0151k: T\u0151zeg (H4-H6), m\u00e9szpor, \u00e1sv\u00e1nyi m\u0171tr\u00e1gy\u00e1k, felsz\u00edv\u00f3d\u00e1s jav\u00edt\u00f3 anyagok.<\/p>\n<p style=\"font-weight: 400;\">\u00d6sszet\u00e9tel: p\u00e1ratartalom-legfeljebb 65%, reakci\u00f3 (pH)-5,5-6,5, elektromos vezet\u0151k\u00e9pess\u00e9g (EC mS\/cm)-0,6, k\u00e1lcium (Ca) 1,3%, magn\u00e9zium (Mg)-0,07%, frakci\u00f3 0-6 mm.<\/p>\n<p style=\"font-weight: 400;\">Tippek: Az aljzatot haszn\u00e1lat el\u0151tt teljesen meg kell nedves\u00edteni. Ezt a legjobb az \u00e1t\u00fcltet\u00e9s el\u0151tti este megtenni. Az \u00e1t\u00fcltet\u00e9s ut\u00e1n legal\u00e1bb 1 h\u00f3napig nem sz\u00fcks\u00e9ges m\u0171tr\u00e1gy\u00e1zni, elegend\u0151 \u00f6nt\u00f6z\u00e9ssel fenntartani a nedvess\u00e9get.<\/p>\n<p style=\"font-weight: 400;\">Egy h\u00f3nap eltelt\u00e9vel kezdje el a kieg\u00e9sz\u00edt\u0151 m\u0171tr\u00e1gy\u00e1z\u00e1st \u00f6nt\u00f6z\u00e9ssel. H\u0171v\u00f6s id\u0151ben \u00fcltess\u00fck \u00e1t a n\u00f6v\u00e9nyeket. A felhaszn\u00e1lt aljzat kiv\u00e1l\u00f3an alkalmas a kert vagy a vetem\u00e9nyeskert talajszerkezet\u00e9nek \u00e9s term\u0151k\u00e9pes\u00e9g\u00e9nek jav\u00edt\u00e1s\u00e1ra.<\/p>\n<p>T\u00e9rfogat t\u00f6lt\u00e9skor 20 l<br \/>\nC\u00e9l z\u00f6lds\u00e9gekhez, pal\u00e1nt\u00e1khoz<br \/>\nGy\u00e1rt\u00f3 S\u0116KLOS LT<br \/>\nKiszerel\u00e9s 20l<\/p>\n<p>&nbsp;<\/p>\n","protected":false},"featured_media":22845,"comment_status":"closed","ping_status":"closed","template":"","meta":[],"product_brand":[],"product_cat":[371],"product_tag":[],"class_list":{"0":"post-22844","1":"product","2":"type-product","3":"status-publish","4":"has-post-thumbnail","6":"product_cat-seklos-lt-tozegek","8":"first","9":"instock","10":"taxable","11":"shipping-taxable","12":"purchasable","13":"product-type-simple"},"_links":{"self":[{"href":"https:\/\/chilimag.hu\/webshop\/wp-json\/wp\/v2\/product\/22844","targetHints":{"allow":["GET"]}}],"collection":[{"href":"https:\/\/chilimag.hu\/webshop\/wp-json\/wp\/v2\/product"}],"about":[{"href":"https:\/\/chilimag.hu\/webshop\/wp-json\/wp\/v2\/types\/product"}],"replies":[{"embeddable":true,"href":"https:\/\/chilimag.hu\/webshop\/wp-json\/wp\/v2\/comments?post=22844"}],"wp:featuredmedia":[{"embeddable":true,"href":"https:\/\/chilimag.hu\/webshop\/wp-json\/wp\/v2\/media\/22845"}],"wp:attachment":[{"href":"https:\/\/chilimag.hu\/webshop\/wp-json\/wp\/v2\/media?parent=22844"}],"wp:term":[{"taxonomy":"product_brand","embeddable":true,"href":"https:\/\/chilimag.hu\/webshop\/wp-json\/wp\/v2\/product_brand?post=22844"},{"taxonomy":"product_cat","embeddable":true,"href":"https:\/\/chilimag.hu\/webshop\/wp-json\/wp\/v2\/product_cat?post=22844"},{"taxonomy":"product_tag","embeddable":true,"href":"https:\/\/chilimag.hu\/webshop\/wp-json\/wp\/v2\/product_tag?post=22844"}],"curies":[{"name":"wp","href":"https:\/\/api.w.org\/{rel}","templated":true}]}}