{"id":22838,"date":"2023-03-22T19:44:14","date_gmt":"2023-03-22T19:44:14","guid":{"rendered":"https:\/\/chilimag.hu\/webshop\/?post_type=product&#038;p=22838"},"modified":"2026-01-25T17:13:29","modified_gmt":"2026-01-25T17:13:29","slug":"torok-szegfu-oeschberg-z-s-sl","status":"publish","type":"product","link":"https:\/\/chilimag.hu\/webshop\/termek\/torok-szegfu-oeschberg-z-s-sl\/","title":{"rendered":"T\u00f6r\u00f6kszegf\u0171 OESCHBERG Z.S SL"},"content":{"rendered":"","protected":false},"excerpt":{"rendered":"<p><img decoding=\"async\" class=\"active-logo\" src=\"https:\/\/b2b.seklos.lt\/themes\/warehouse\/img\/logo_en.png\" alt=\"Agrofirma S\u0117klos, UAB\" width=\"280\" height=\"95\" \/><\/p>\n<p>\u00c9vel\u0151, k\u00e9t\u00e9vesk\u00e9nt termesztett, 60 cm magas vir\u00e1gok. Ezt a fajt\u00e1t f\u00e9nyes vir\u00e1gai \u00e9s s\u00f6t\u00e9t levelei miatt \u00e9rt\u00e9kelik, amelyek miatt a n\u00f6v\u00e9ny kiemelkedik a vir\u00e1g\u00e1gy\u00e1sok k\u00f6z\u00fcl. A vir\u00e1gok 10 cm \u00e1tm\u00e9r\u0151j\u0171ek, b\u0151s\u00e9gesen vir\u00e1goznak hosszabb ideig. A magok 8-10 napon bel\u00fcl cs\u00edr\u00e1znak. F\u00e9nyig\u00e9nytelen, fagy\u00e1ll\u00f3, t\u00e9len nem ig\u00e9nyel takar\u00e1st. Term\u00e9keny, humuszban gazdag talajban j\u00f3l fejl\u0151dik. \u00dcltet\u0151g\u00e9pek, csokrok, hossz\u00fa ideig t\u00fal\u00e9lni a v\u00edzben, ha v\u00e1gj\u00e1k.<br \/>\nEgy csomagban l\u00e9v\u0151 mennyis\u00e9g 1 g<br \/>\nA magok sz\u00e1ma grammonk\u00e9nt ~ 900<br \/>\n\u00dcltet\u00e9si t\u00e1vols\u00e1gok 30 x 40 cm<br \/>\nVir\u00e1gz\u00e1si id\u0151, magass\u00e1g VI\u2013VIII, 60 cm<br \/>\nNapos hely Igen<br \/>\nF\u00e9l\u00e1rny\u00e9k Igen<br \/>\nBienn\u00e1l\u00e9 Igen<br \/>\n\u00c9vel\u0151 Igen<br \/>\nSz\u00edn Lila<br \/>\nGy\u00e1rt\u00f3 \u017dalia stotel\u0117<br \/>\nVeget\u00e1ci\u00f3 \u00e9vel\u0151<br \/>\nVir\u00e1goskertekben termeszthet\u0151<br \/>\n\u00c9ghajlat Napos, R\u00e9szleges \u00e1rny\u00e9k<br \/>\nVir\u00e1gz\u00e1si id\u0151szak V-VIII<br \/>\nN\u00f6v\u00e9ny magass\u00e1ga, cm 60 cm<\/p>\n","protected":false},"featured_media":22839,"comment_status":"closed","ping_status":"closed","template":"","meta":[],"product_brand":[],"product_cat":[363],"product_tag":[],"class_list":{"0":"post-22838","1":"product","2":"type-product","3":"status-publish","4":"has-post-thumbnail","6":"product_cat-virag-vetomagok-zalia-stotele","8":"first","9":"instock","10":"taxable","11":"shipping-taxable","12":"purchasable","13":"product-type-simple"},"_links":{"self":[{"href":"https:\/\/chilimag.hu\/webshop\/wp-json\/wp\/v2\/product\/22838","targetHints":{"allow":["GET"]}}],"collection":[{"href":"https:\/\/chilimag.hu\/webshop\/wp-json\/wp\/v2\/product"}],"about":[{"href":"https:\/\/chilimag.hu\/webshop\/wp-json\/wp\/v2\/types\/product"}],"replies":[{"embeddable":true,"href":"https:\/\/chilimag.hu\/webshop\/wp-json\/wp\/v2\/comments?post=22838"}],"wp:featuredmedia":[{"embeddable":true,"href":"https:\/\/chilimag.hu\/webshop\/wp-json\/wp\/v2\/media\/22839"}],"wp:attachment":[{"href":"https:\/\/chilimag.hu\/webshop\/wp-json\/wp\/v2\/media?parent=22838"}],"wp:term":[{"taxonomy":"product_brand","embeddable":true,"href":"https:\/\/chilimag.hu\/webshop\/wp-json\/wp\/v2\/product_brand?post=22838"},{"taxonomy":"product_cat","embeddable":true,"href":"https:\/\/chilimag.hu\/webshop\/wp-json\/wp\/v2\/product_cat?post=22838"},{"taxonomy":"product_tag","embeddable":true,"href":"https:\/\/chilimag.hu\/webshop\/wp-json\/wp\/v2\/product_tag?post=22838"}],"curies":[{"name":"wp","href":"https:\/\/api.w.org\/{rel}","templated":true}]}}