{"id":22832,"date":"2023-03-22T19:33:38","date_gmt":"2023-03-22T19:33:38","guid":{"rendered":"https:\/\/chilimag.hu\/webshop\/?post_type=product&#038;p=22832"},"modified":"2026-02-18T09:37:35","modified_gmt":"2026-02-18T09:37:35","slug":"rezvirag-california-giants-z-s-sl","status":"publish","type":"product","link":"https:\/\/chilimag.hu\/webshop\/termek\/rezvirag-california-giants-z-s-sl\/","title":{"rendered":"R\u00e9zvir\u00e1g California Giants SL AGR"},"content":{"rendered":"","protected":false},"excerpt":{"rendered":"<p><img decoding=\"async\" class=\"active-logo\" src=\"https:\/\/b2b.seklos.lt\/themes\/warehouse\/img\/logo_en.png\" alt=\"Agrofirma S\u0117klos, UAB\" width=\"280\" height=\"95\" \/><\/p>\n<p>Egyny\u00e1ri vir\u00e1gok. Vir\u00e1goskertbe \u00fcltetve csokrokba v\u00e1ghat\u00f3. A vir\u00e1gok \u00e1tm\u00e9r\u0151je 10-12 cm. K\u00f6nny\u0171 talajban j\u00f3l fejl\u0151dik, fagy\u00e9rz\u00e9keny. \u00d6nt\u00f6z\u00e9s nem sz\u00fcks\u00e9ges, de az \u00f6nt\u00f6z\u00f6tt vir\u00e1gok nagyobbra n\u0151nek.<\/p>\n<p>Mennyis\u00e9g egy csomagban 0,5 g<br \/>\nMagok sz\u00e1ma grammonk\u00e9nt 90-110<br \/>\nVir\u00e1gz\u00e1si id\u0151, magass\u00e1g VI\u2013X, 90 cm<br \/>\nVet\u00e9sid\u0151 a talajban IV, 1 cm<br \/>\nGy\u00e1rt\u00f3 Agronom<\/p>\n","protected":false},"featured_media":22833,"comment_status":"closed","ping_status":"closed","template":"","meta":[],"product_brand":[],"product_cat":[405],"product_tag":[],"class_list":{"0":"post-22832","1":"product","2":"type-product","3":"status-publish","4":"has-post-thumbnail","6":"product_cat-virag-vetomagok-agronom","8":"first","9":"instock","10":"taxable","11":"shipping-taxable","12":"purchasable","13":"product-type-simple"},"_links":{"self":[{"href":"https:\/\/chilimag.hu\/webshop\/wp-json\/wp\/v2\/product\/22832","targetHints":{"allow":["GET"]}}],"collection":[{"href":"https:\/\/chilimag.hu\/webshop\/wp-json\/wp\/v2\/product"}],"about":[{"href":"https:\/\/chilimag.hu\/webshop\/wp-json\/wp\/v2\/types\/product"}],"replies":[{"embeddable":true,"href":"https:\/\/chilimag.hu\/webshop\/wp-json\/wp\/v2\/comments?post=22832"}],"wp:featuredmedia":[{"embeddable":true,"href":"https:\/\/chilimag.hu\/webshop\/wp-json\/wp\/v2\/media\/22833"}],"wp:attachment":[{"href":"https:\/\/chilimag.hu\/webshop\/wp-json\/wp\/v2\/media?parent=22832"}],"wp:term":[{"taxonomy":"product_brand","embeddable":true,"href":"https:\/\/chilimag.hu\/webshop\/wp-json\/wp\/v2\/product_brand?post=22832"},{"taxonomy":"product_cat","embeddable":true,"href":"https:\/\/chilimag.hu\/webshop\/wp-json\/wp\/v2\/product_cat?post=22832"},{"taxonomy":"product_tag","embeddable":true,"href":"https:\/\/chilimag.hu\/webshop\/wp-json\/wp\/v2\/product_tag?post=22832"}],"curies":[{"name":"wp","href":"https:\/\/api.w.org\/{rel}","templated":true}]}}