{"id":22818,"date":"2023-03-22T19:10:22","date_gmt":"2023-03-22T19:10:22","guid":{"rendered":"https:\/\/chilimag.hu\/webshop\/?post_type=product&#038;p=22818"},"modified":"2026-01-29T17:30:06","modified_gmt":"2026-01-29T17:30:06","slug":"rezvirag-rose-gem-z-s-sl","status":"publish","type":"product","link":"https:\/\/chilimag.hu\/webshop\/termek\/rezvirag-rose-gem-z-s-sl\/","title":{"rendered":"R\u00e9zvir\u00e1g (Rose Gem) Z.S SL"},"content":{"rendered":"","protected":false},"excerpt":{"rendered":"<p><img decoding=\"async\" class=\"active-logo\" src=\"https:\/\/b2b.seklos.lt\/themes\/warehouse\/img\/logo_en.png\" alt=\"Agrofirma S\u0117klos, UAB\" width=\"280\" height=\"95\" \/><\/p>\n<p>Egyny\u00e1ri, 60 cm magas, gyorsan n\u00f6vekv\u0151 vir\u00e1gok. \u00dcltet\u0151knek, csokroknak. A vir\u00e1gok nagyok, 10 cm \u00e1tm\u00e9r\u0151j\u0171ek, dupla. J\u00f3l n\u0151 \u00e9s vir\u00e1gzik napos, meleg helyen, k\u00f6nny\u0171 talajon. A pal\u00e1nt\u00e1kat fagy ut\u00e1n \u00fcltetik az \u00e1gy\u00e1sokba. \u00d6nt\u00f6z\u00e9s nem sz\u00fcks\u00e9ges, de az \u00f6nt\u00f6z\u00f6tt vir\u00e1gok nagyobbra n\u0151nek \u00e9s tov\u00e1bb vir\u00e1goznak. Vir\u00e1gz\u00e1s ut\u00e1n a vir\u00e1gokat lev\u00e1gj\u00e1k, hogy el\u0151seg\u00edts\u00e9k az \u00fajak kialakul\u00e1s\u00e1t.<br \/>\nEgy csomagban l\u00e9v\u0151 mennyis\u00e9g 1 g<br \/>\nVir\u00e1gz\u00e1si id\u0151, magass\u00e1g VI\u2013IX, 55 cm<br \/>\nGy\u00e1rt\u00f3 \u017dalia stotel\u0117<\/p>\n","protected":false},"featured_media":22819,"comment_status":"closed","ping_status":"closed","template":"","meta":[],"product_brand":[],"product_cat":[363],"product_tag":[],"class_list":{"0":"post-22818","1":"product","2":"type-product","3":"status-publish","4":"has-post-thumbnail","6":"product_cat-virag-vetomagok-zalia-stotele","8":"first","9":"instock","10":"taxable","11":"shipping-taxable","12":"purchasable","13":"product-type-simple"},"_links":{"self":[{"href":"https:\/\/chilimag.hu\/webshop\/wp-json\/wp\/v2\/product\/22818","targetHints":{"allow":["GET"]}}],"collection":[{"href":"https:\/\/chilimag.hu\/webshop\/wp-json\/wp\/v2\/product"}],"about":[{"href":"https:\/\/chilimag.hu\/webshop\/wp-json\/wp\/v2\/types\/product"}],"replies":[{"embeddable":true,"href":"https:\/\/chilimag.hu\/webshop\/wp-json\/wp\/v2\/comments?post=22818"}],"wp:featuredmedia":[{"embeddable":true,"href":"https:\/\/chilimag.hu\/webshop\/wp-json\/wp\/v2\/media\/22819"}],"wp:attachment":[{"href":"https:\/\/chilimag.hu\/webshop\/wp-json\/wp\/v2\/media?parent=22818"}],"wp:term":[{"taxonomy":"product_brand","embeddable":true,"href":"https:\/\/chilimag.hu\/webshop\/wp-json\/wp\/v2\/product_brand?post=22818"},{"taxonomy":"product_cat","embeddable":true,"href":"https:\/\/chilimag.hu\/webshop\/wp-json\/wp\/v2\/product_cat?post=22818"},{"taxonomy":"product_tag","embeddable":true,"href":"https:\/\/chilimag.hu\/webshop\/wp-json\/wp\/v2\/product_tag?post=22818"}],"curies":[{"name":"wp","href":"https:\/\/api.w.org\/{rel}","templated":true}]}}