{"id":22816,"date":"2023-03-22T19:07:51","date_gmt":"2023-03-22T19:07:51","guid":{"rendered":"https:\/\/chilimag.hu\/webshop\/?post_type=product&#038;p=22816"},"modified":"2026-02-17T10:12:16","modified_gmt":"2026-02-17T10:12:16","slug":"reti-szegfu-flashing-light-z-s-sl","status":"publish","type":"product","link":"https:\/\/chilimag.hu\/webshop\/termek\/reti-szegfu-flashing-light-z-s-sl\/","title":{"rendered":"R\u00e9ti szegf\u0171 FLASHING LIGHT Z.S SL"},"content":{"rendered":"","protected":false},"excerpt":{"rendered":"<p><img decoding=\"async\" class=\"active-logo\" src=\"https:\/\/b2b.seklos.lt\/themes\/warehouse\/img\/logo_en.png\" alt=\"Agrofirma S\u0117klos, UAB\" width=\"280\" height=\"95\" \/><\/p>\n<p>\u00c9vel\u0151, k\u00f6nnyen termeszthet\u0151, 15 cm magas sz\u0151nyegvir\u00e1g. Sok \u00e9vig n\u0151het ugyanazon a helyen. Csoportosan termesztik m\u00e1s kis vir\u00e1gokkal, sziklakertekben, temet\u0151kben, vir\u00e1g\u00e1gy\u00e1sok sz\u00e9l\u00e9n. A vir\u00e1gok kellemes illat\u00faak, ha tavasszal vetik el, m\u00e9g ugyanazon \u00e9v \u0151sz\u00e9n vir\u00e1goznak, \u00e9s hosszabb ideig b\u0151s\u00e9gesen vir\u00e1goznak. Napos helyen, v\u00edz- \u00e9s leveg\u0151\u00e1tereszt\u0151 talajon j\u00f3l fejl\u0151dik. T\u00e9len nem ig\u00e9nyel burkolatot.<br \/>\nKiszerel\u00e9s kiszerel\u00e9sben 0,3 g<br \/>\nA magok sz\u00e1ma grammonk\u00e9nt ~ 5000<br \/>\nTranszplant\u00e1ci\u00f3 VI<br \/>\nVir\u00e1gz\u00e1si id\u0151, magass\u00e1g VII\u2013IX, 15 cm<br \/>\nNapos hely Igen<br \/>\nF\u00e9l\u00e1rny\u00e9k Igen<br \/>\n\u00c9vel\u0151 Igen<br \/>\nSz\u00edn Rausva<br \/>\nGy\u00e1rt\u00f3 \u017dalia stotel\u0117<br \/>\nVeget\u00e1ci\u00f3 \u00e9vel\u0151<br \/>\nSziklakertekben, vir\u00e1goskertekben termeszthet\u0151<br \/>\n\u00c9ghajlat R\u00e9szleges \u00e1rny\u00e9k, napos<br \/>\nVir\u00e1gz\u00e1si id\u0151szak V-VI<br \/>\nN\u00f6v\u00e9ny magass\u00e1ga, cm 15 cm<\/p>\n","protected":false},"featured_media":22817,"comment_status":"closed","ping_status":"closed","template":"","meta":[],"product_brand":[],"product_cat":[363],"product_tag":[],"class_list":{"0":"post-22816","1":"product","2":"type-product","3":"status-publish","4":"has-post-thumbnail","6":"product_cat-virag-vetomagok-zalia-stotele","8":"first","9":"instock","10":"taxable","11":"shipping-taxable","12":"purchasable","13":"product-type-simple"},"_links":{"self":[{"href":"https:\/\/chilimag.hu\/webshop\/wp-json\/wp\/v2\/product\/22816","targetHints":{"allow":["GET"]}}],"collection":[{"href":"https:\/\/chilimag.hu\/webshop\/wp-json\/wp\/v2\/product"}],"about":[{"href":"https:\/\/chilimag.hu\/webshop\/wp-json\/wp\/v2\/types\/product"}],"replies":[{"embeddable":true,"href":"https:\/\/chilimag.hu\/webshop\/wp-json\/wp\/v2\/comments?post=22816"}],"wp:featuredmedia":[{"embeddable":true,"href":"https:\/\/chilimag.hu\/webshop\/wp-json\/wp\/v2\/media\/22817"}],"wp:attachment":[{"href":"https:\/\/chilimag.hu\/webshop\/wp-json\/wp\/v2\/media?parent=22816"}],"wp:term":[{"taxonomy":"product_brand","embeddable":true,"href":"https:\/\/chilimag.hu\/webshop\/wp-json\/wp\/v2\/product_brand?post=22816"},{"taxonomy":"product_cat","embeddable":true,"href":"https:\/\/chilimag.hu\/webshop\/wp-json\/wp\/v2\/product_cat?post=22816"},{"taxonomy":"product_tag","embeddable":true,"href":"https:\/\/chilimag.hu\/webshop\/wp-json\/wp\/v2\/product_tag?post=22816"}],"curies":[{"name":"wp","href":"https:\/\/api.w.org\/{rel}","templated":true}]}}