{"id":22812,"date":"2023-03-22T18:53:08","date_gmt":"2023-03-22T18:53:08","guid":{"rendered":"https:\/\/chilimag.hu\/webshop\/?post_type=product&#038;p=22812"},"modified":"2026-02-26T08:54:03","modified_gmt":"2026-02-26T08:54:03","slug":"egynyari-fatyolvirag-z-s-sl","status":"publish","type":"product","link":"https:\/\/chilimag.hu\/webshop\/termek\/egynyari-fatyolvirag-z-s-sl\/","title":{"rendered":"Egyny\u00e1ri f\u00e1tyolvir\u00e1g  ( Covent Garden Market) Z.S SL"},"content":{"rendered":"","protected":false},"excerpt":{"rendered":"<p><img decoding=\"async\" class=\"active-logo\" src=\"https:\/\/b2b.seklos.lt\/themes\/warehouse\/img\/logo_en.png\" alt=\"Agrofirma S\u0117klos, UAB\" width=\"280\" height=\"95\" \/><\/p>\n<p>Egyny\u00e1ri, 50 cm magas n\u00f6v\u00e9nyek, kicsi \u00e9s b\u0151s\u00e9ges vir\u00e1gz\u00e1st produk\u00e1lnak, \u00e9s \u00fagy n\u00e9znek ki, mint egy feh\u00e9r felh\u0151. Csokrok v\u00e1g\u00e1s\u00e1ra alkalmas \u00e1gak. \u00c9l\u00e9nk sz\u00edn\u0171 vir\u00e1gokkal termesztik. Meszes talajban j\u00f3l n\u00f6vekszik \u00e9s vir\u00e1gzik, nem t\u0171ri a felesleges nedvess\u00e9get. A fagy\u00e1ll\u00f3 pal\u00e1nt\u00e1k k\u00e9s\u0151 \u0151sszel vethet\u0151k, tavasszal pedig \u00e1lland\u00f3 n\u00f6veked\u00e9si helyre kell \u00e1t\u00fcltetni a pal\u00e1nt\u00e1kat. Napos helyen, sz\u00e1raz, k\u00f6nny\u0171 talajban j\u00f3l fejl\u0151dik.<br \/>\nEgy csomagban l\u00e9v\u0151 mennyis\u00e9g 1 g<br \/>\nTranszplant\u00e1ci\u00f3 V-VI<br \/>\n\u00dcltet\u00e9si t\u00e1vols\u00e1gok 20 x 20 cm<br \/>\nVir\u00e1gz\u00e1si id\u0151, magass\u00e1g VII\u2013IX, 50 cm<br \/>\nNapos hely Igen<br \/>\nFeh\u00e9r sz\u00edn<br \/>\nGy\u00e1rt\u00f3 \u017dalia stotel\u0117<br \/>\nVeget\u00e1ci\u00f3 Egyny\u00e1ri<br \/>\nVir\u00e1goskertekben termeszthet\u0151<br \/>\nNapos \u00e9ghajlat<\/p>\n","protected":false},"featured_media":22813,"comment_status":"closed","ping_status":"closed","template":"","meta":[],"product_brand":[],"product_cat":[363],"product_tag":[],"class_list":{"0":"post-22812","1":"product","2":"type-product","3":"status-publish","4":"has-post-thumbnail","6":"product_cat-virag-vetomagok-zalia-stotele","8":"first","9":"instock","10":"taxable","11":"shipping-taxable","12":"purchasable","13":"product-type-simple"},"_links":{"self":[{"href":"https:\/\/chilimag.hu\/webshop\/wp-json\/wp\/v2\/product\/22812","targetHints":{"allow":["GET"]}}],"collection":[{"href":"https:\/\/chilimag.hu\/webshop\/wp-json\/wp\/v2\/product"}],"about":[{"href":"https:\/\/chilimag.hu\/webshop\/wp-json\/wp\/v2\/types\/product"}],"replies":[{"embeddable":true,"href":"https:\/\/chilimag.hu\/webshop\/wp-json\/wp\/v2\/comments?post=22812"}],"wp:featuredmedia":[{"embeddable":true,"href":"https:\/\/chilimag.hu\/webshop\/wp-json\/wp\/v2\/media\/22813"}],"wp:attachment":[{"href":"https:\/\/chilimag.hu\/webshop\/wp-json\/wp\/v2\/media?parent=22812"}],"wp:term":[{"taxonomy":"product_brand","embeddable":true,"href":"https:\/\/chilimag.hu\/webshop\/wp-json\/wp\/v2\/product_brand?post=22812"},{"taxonomy":"product_cat","embeddable":true,"href":"https:\/\/chilimag.hu\/webshop\/wp-json\/wp\/v2\/product_cat?post=22812"},{"taxonomy":"product_tag","embeddable":true,"href":"https:\/\/chilimag.hu\/webshop\/wp-json\/wp\/v2\/product_tag?post=22812"}],"curies":[{"name":"wp","href":"https:\/\/api.w.org\/{rel}","templated":true}]}}