{"id":22808,"date":"2023-03-22T18:47:16","date_gmt":"2023-03-22T18:47:16","guid":{"rendered":"https:\/\/chilimag.hu\/webshop\/?post_type=product&#038;p=22808"},"modified":"2026-03-23T20:08:53","modified_gmt":"2026-03-23T20:08:53","slug":"juh-csenkesz-z-s-sl","status":"publish","type":"product","link":"https:\/\/chilimag.hu\/webshop\/termek\/juh-csenkesz-z-s-sl\/","title":{"rendered":"Juh csenkesz Varna Z.S SL"},"content":{"rendered":"","protected":false},"excerpt":{"rendered":"<p><img decoding=\"async\" class=\"active-logo\" src=\"https:\/\/b2b.seklos.lt\/themes\/warehouse\/img\/logo_en.png\" alt=\"Agrofirma S\u0117klos, UAB\" width=\"280\" height=\"95\" \/><\/p>\n<p>\u00c9vel\u0151, a n\u00f6v\u00e9nyek eg\u00e9sz \u00e9vben dekorat\u00edvak maradnak. K\u00e9k ez\u00fcst \u00e1rnyalat\u00fa csom\u00f3kat form\u00e1zzon. Alacsony karbantart\u00e1si ig\u00e9ny, csod\u00e1latos \u00e9kezeteket ad, ha a n\u00f6v\u00e9nyzet \u00e9s a vir\u00e1gok k\u00f6z\u00e9 \u00fcltetik. K\u00fcl\u00f6nf\u00e9le d\u00edszn\u00f6v\u00e9nyekkel kombin\u00e1lhat\u00f3, \u00edgy n\u00e9mi fant\u00e1zi\u00e1val csod\u00e1latos elrendez\u00e9seket k\u00e9sz\u00edthet. Vir\u00e1g\u00e1gy\u00e1sok, cserepek sz\u00e9l\u00e9re, sziklakertbe \u00fcltetik. T\u00e9len nem ig\u00e9nyel burkolatot.<br \/>\nMennyis\u00e9g egy csomagban 0,5 g<br \/>\nA magok sz\u00e1ma grammonk\u00e9nt ~ 900-950<br \/>\nTranszplant\u00e1ci\u00f3 V-IX<br \/>\n\u00dcltet\u00e9si t\u00e1vols\u00e1gok 30 x 30 cm<br \/>\nVir\u00e1gz\u00e1si id\u0151, magass\u00e1g V\u2013XI., 20 cm<br \/>\nNapos hely Igen<br \/>\nF\u00e9l\u00e1rny\u00e9k Igen<br \/>\n\u00c9vel\u0151 Igen<br \/>\nSz\u00edn Sz\u00fcrke<br \/>\nGy\u00e1rt\u00f3 \u017dalia stotel\u0117<br \/>\nVeget\u00e1ci\u00f3 \u00e9vel\u0151<br \/>\nVir\u00e1goskertekben, sziklakertekben termeszthet\u0151<br \/>\n\u00c9ghajlat Napos, R\u00e9szleges \u00e1rny\u00e9k<br \/>\nVir\u00e1gz\u00e1si id\u0151szak IV-X<br \/>\nN\u00f6v\u00e9ny magass\u00e1ga, cm 20 cm<\/p>\n","protected":false},"featured_media":22809,"comment_status":"closed","ping_status":"closed","template":"","meta":[],"product_brand":[],"product_cat":[363],"product_tag":[],"class_list":{"0":"post-22808","1":"product","2":"type-product","3":"status-publish","4":"has-post-thumbnail","6":"product_cat-virag-vetomagok-zalia-stotele","8":"first","9":"instock","10":"taxable","11":"shipping-taxable","12":"purchasable","13":"product-type-simple"},"_links":{"self":[{"href":"https:\/\/chilimag.hu\/webshop\/wp-json\/wp\/v2\/product\/22808","targetHints":{"allow":["GET"]}}],"collection":[{"href":"https:\/\/chilimag.hu\/webshop\/wp-json\/wp\/v2\/product"}],"about":[{"href":"https:\/\/chilimag.hu\/webshop\/wp-json\/wp\/v2\/types\/product"}],"replies":[{"embeddable":true,"href":"https:\/\/chilimag.hu\/webshop\/wp-json\/wp\/v2\/comments?post=22808"}],"wp:featuredmedia":[{"embeddable":true,"href":"https:\/\/chilimag.hu\/webshop\/wp-json\/wp\/v2\/media\/22809"}],"wp:attachment":[{"href":"https:\/\/chilimag.hu\/webshop\/wp-json\/wp\/v2\/media?parent=22808"}],"wp:term":[{"taxonomy":"product_brand","embeddable":true,"href":"https:\/\/chilimag.hu\/webshop\/wp-json\/wp\/v2\/product_brand?post=22808"},{"taxonomy":"product_cat","embeddable":true,"href":"https:\/\/chilimag.hu\/webshop\/wp-json\/wp\/v2\/product_cat?post=22808"},{"taxonomy":"product_tag","embeddable":true,"href":"https:\/\/chilimag.hu\/webshop\/wp-json\/wp\/v2\/product_tag?post=22808"}],"curies":[{"name":"wp","href":"https:\/\/api.w.org\/{rel}","templated":true}]}}