{"id":22801,"date":"2023-03-22T18:35:04","date_gmt":"2023-03-22T18:35:04","guid":{"rendered":"https:\/\/chilimag.hu\/webshop\/?post_type=product&#038;p=22801"},"modified":"2026-01-26T21:48:11","modified_gmt":"2026-01-26T21:48:11","slug":"orias-margitvirag-margareta-z-s-sl","status":"publish","type":"product","link":"https:\/\/chilimag.hu\/webshop\/termek\/orias-margitvirag-margareta-z-s-sl\/","title":{"rendered":"\u00d3ri\u00e1s Margitvir\u00e1g (Margar\u00e9ta) (Silver Princess) Z.S SL"},"content":{"rendered":"","protected":false},"excerpt":{"rendered":"<p><img decoding=\"async\" class=\"active-logo\" src=\"https:\/\/b2b.seklos.lt\/themes\/warehouse\/img\/logo_en.png\" alt=\"Agrofirma S\u0117klos, UAB\" width=\"280\" height=\"95\" \/><\/p>\n<p>\u00c9vel\u0151, b\u0151 \u00e9s hosszan vir\u00e1gz\u00f3, k\u00f6nnyen termeszthet\u0151 vir\u00e1gok. Vir\u00e1gz\u00e1sa nagy, a n\u00f6v\u00e9ny bokor alak\u00fa. A legszebben, ha csoportosan \u00fcltetj\u00fck. Kertbe \u00fcltetve h\u00e1tt\u00e9rn\u00f6v\u00e9nyk\u00e9nt meleg, napos, sz\u00e9lt\u0151l v\u00e9dett helyeket v\u00e1lasztva, nincs sz\u00fcks\u00e9g speci\u00e1lis talajra. A vir\u00e1gokat csokorba v\u00e1gj\u00e1k, hossz\u00fa ideig szil\u00e1rdak. Ezek a vir\u00e1gok k\u00fcl\u00f6n\u00f6sen n\u00e9pszer\u0171ek a vid\u00e9ki tany\u00e1kon. Egy helyen 3-4 \u00e9vig n\u0151het, fedetlen\u00fcl \u00e1ttelel.<br \/>\nMennyis\u00e9g egy csomagban 0,5 g<br \/>\nTranszplant\u00e1ci\u00f3 VI<br \/>\n\u00dcltet\u00e9si t\u00e1vols\u00e1gok 30 x 30 cm<br \/>\nVir\u00e1gz\u00e1si id\u0151, magass\u00e1g VI-IX, 60 cm<br \/>\nNapos hely Igen<br \/>\nF\u00e9l\u00e1rny\u00e9k Igen<br \/>\n\u00c9vel\u0151 Igen<br \/>\nFeh\u00e9r sz\u00edn<br \/>\nGy\u00e1rt\u00f3 \u017dalia stotel\u0117<br \/>\nVeget\u00e1ci\u00f3 \u00e9vel\u0151<br \/>\nVir\u00e1goskertekben termeszthet\u0151<br \/>\n\u00c9ghajlat R\u00e9szleges \u00e1rny\u00e9k, napos<\/p>\n","protected":false},"featured_media":22802,"comment_status":"closed","ping_status":"closed","template":"","meta":[],"product_brand":[],"product_cat":[363],"product_tag":[],"class_list":{"0":"post-22801","1":"product","2":"type-product","3":"status-publish","4":"has-post-thumbnail","6":"product_cat-virag-vetomagok-zalia-stotele","8":"first","9":"instock","10":"taxable","11":"shipping-taxable","12":"purchasable","13":"product-type-simple"},"_links":{"self":[{"href":"https:\/\/chilimag.hu\/webshop\/wp-json\/wp\/v2\/product\/22801","targetHints":{"allow":["GET"]}}],"collection":[{"href":"https:\/\/chilimag.hu\/webshop\/wp-json\/wp\/v2\/product"}],"about":[{"href":"https:\/\/chilimag.hu\/webshop\/wp-json\/wp\/v2\/types\/product"}],"replies":[{"embeddable":true,"href":"https:\/\/chilimag.hu\/webshop\/wp-json\/wp\/v2\/comments?post=22801"}],"wp:featuredmedia":[{"embeddable":true,"href":"https:\/\/chilimag.hu\/webshop\/wp-json\/wp\/v2\/media\/22802"}],"wp:attachment":[{"href":"https:\/\/chilimag.hu\/webshop\/wp-json\/wp\/v2\/media?parent=22801"}],"wp:term":[{"taxonomy":"product_brand","embeddable":true,"href":"https:\/\/chilimag.hu\/webshop\/wp-json\/wp\/v2\/product_brand?post=22801"},{"taxonomy":"product_cat","embeddable":true,"href":"https:\/\/chilimag.hu\/webshop\/wp-json\/wp\/v2\/product_cat?post=22801"},{"taxonomy":"product_tag","embeddable":true,"href":"https:\/\/chilimag.hu\/webshop\/wp-json\/wp\/v2\/product_tag?post=22801"}],"curies":[{"name":"wp","href":"https:\/\/api.w.org\/{rel}","templated":true}]}}